{"id":111,"date":"2012-01-09T16:29:37","date_gmt":"2012-01-09T15:29:37","guid":{"rendered":"https:\/\/2012.slovakia.wordcamp.org\/?page_id=111"},"modified":"2012-03-26T12:41:29","modified_gmt":"2012-03-26T11:41:29","slug":"napisali-o-nas","status":"publish","type":"page","link":"https:\/\/slovakia.wordcamp.org\/2012\/napisali-o-nas\/","title":{"rendered":"Nap\u00edsali o n\u00e1s"},"content":{"rendered":"<ul>\n<li><a class=\"remote-title\" href=\"http:\/\/pikulik.sk\/276\/svet-it\/zopar-postrehov-k-wordcampu-v-ziline.html\">Zop\u00e1r postrehov k WordCampu v \u017diline<\/a><br \/>\n<em>&#8222;Po\u010das trvania WordCampu sa prestriedalo ve\u013ea zauj\u00edmav\u00fdch predn\u00e1\u0161aj\u00facich, prezentovan\u00fdch bolo mno\u017estvo grafov, \u010d\u00edsiel, padlo ve\u013ea piva, k\u00e1vy, bagiet a ur\u010dite aj kontaktov.&#8220;<\/em> <span style=\"text-decoration: underline;\"><a href=\"https:\/\/twitter.com\/#!\/pikulikjuraj\">Juraj &#8222;Pika&#8220; Pikul\u00edk<\/a><\/span><\/li>\n<li><a class=\"remote-title\" href=\"http:\/\/www.monicqa.sk\/it\/wordcamp-zilina-2012-\u201eja-by-som-tie-internety-zakazala\/\">WordCamp \u017dilina 2012 \u2013 \u201eJa by som tie internety zak\u00e1zala!\u201d<\/a><br \/>\n<em>&#8222;&#8230;WordPress bol hlavnou postavou a chalani, stojaci za slovensk\u00fdm wp.sk sa stali vynikaj\u00facimi hostite\u013emi pribli\u017ene p\u00e4\u0165desiatky \u00fa\u010dastn\u00edkov.&#8220;<\/em> <span style=\"text-decoration: underline;\"><a href=\"https:\/\/twitter.com\/#!\/monicqa\">Monika &#8222;monicqa&#8220; Zb\u00ednov\u00e1<\/a><\/span><\/li>\n<li><a class=\"remote-title\" href=\"http:\/\/depi.sk\/2012\/03\/20\/report-z-prveho-wordcamp-sk-video-z-diskusie-s-blogermi\/\">Report z prv\u00e9ho WordCamp SK + video z diskusie s blogermi<\/a><br \/>\n<em>&#8222;D\u00f4le\u017eit\u00e9 pre n\u00e1s v\u0161etk\u00fdch je to, \u017ee t\u00e1to akcia mala pre formuj\u00facu sa WordPress komunitu na Slovensku ve\u013ek\u00fd v\u00fdznam.&#8220;<\/em> <span style=\"text-decoration: underline;\"><a href=\"https:\/\/twitter.com\/#!\/depi\">Erik &#8222;Depi&#8220; Gyepes<\/a><\/span><\/li>\n<li><a class=\"remote-title\" href=\"http:\/\/exot.boo.sk\/blog\/wordcamp-slovensko-2012-prvotriedna-akcia\/\">Wordcamp Slovensko 2012 \u2013 prvotriedna akcia<\/a><br \/>\n<em>&#8222;Pre skupinu 50 vybran\u00fdch \u013eud\u00ed sta\u010dila aj predn\u00e1\u0161kov\u00e1 miestnos\u0165 na podkrov\u00ed. Komorn\u00e1 atmosf\u00e9ra bola preto vopred zaru\u010den\u00e1.&#8220;<\/em> <span style=\"text-decoration: underline;\"><a href=\"http:\/\/twitter.com\/#!\/exot\">Vladim\u00edr &#8222;Exot&#8220; Rejholec<\/a><\/span><\/li>\n<li><a class=\"remote-title\" href=\"http:\/\/www.seducotvorbawww.sk\/ako-to-vyzeralo-na-wordpress-slovensko\/\">Ako to vyzeralo na WordPress Slovensko<\/a> <span style=\"text-decoration: underline;\"><a href=\"https:\/\/twitter.com\/#!\/Seducotvorbawww\">R\u00f3bert Suja<\/a><\/span><\/li>\n<li><a class=\"remote-title\" href=\"http:\/\/www.svetdomen.sk\/wordcamp-zilina-2012\/\">WordCamp \u017dilina 2012<\/a><br \/>\n<em>&#8222;WC mi prinieslo nieko\u013eko zauj\u00edmav\u00fdch inform\u00e1ci\u00ed, kv\u00f4li ktor\u00fdm sa ur\u010dite oplatilo pr\u00eds\u0165. Pre m\u0148a osobne by boli pr\u00ednosnej\u0161ie workshopy, pr\u00edpadne predn\u00e1\u0161ky, ktor\u00e9 sa viac venuj\u00fa samotn\u00e9mu WP, pluginom, grafike \u2026&#8220;<\/em> <span style=\"text-decoration: underline;\"><a href=\"https:\/\/twitter.com\/#!\/SvetDomen\/\">SvetDomen<\/a><\/span><\/li>\n<li><a class=\"remote-title\" href=\"http:\/\/alian.info\/2012\/03\/wordcamp-slovakia-bol-skvely\/\">WordCamp Slovakia bol skvel\u00fd<\/a><br \/>\n<em>&#8222;Na prv\u00fd WordCamp Slovakia som sa naozaj ve\u013emi te\u0161il, no a naozaj sa aj vydaril.&#8220;<\/em> <span style=\"text-decoration: underline;\"><a href=\"http:\/\/twitter.com\/#!\/alian\">Fero Alian Volar<\/a><\/span><\/li>\n<li><a class=\"remote-title\" href=\"http:\/\/branorac.sk\/prvy-slovensky-wordcamp-dopadol-na-vybornu\/\">Prv\u00fd slovensk\u00fd WordCamp dopadol na v\u00fdborn\u00fa<\/a><br \/>\n<em>&#8222;Chalani okolo WP.sk ju mali zorganizovan\u00fa skuto\u010dne na v\u00fdborn\u00fa. V\u0161etky prezent\u00e1cie boli naozaj ve\u013emi dobre pripraven\u00e9 a podan\u00e9.&#8220;<\/em> <span style=\"text-decoration: underline;\"><a href=\"http:\/\/twitter.com\/#!\/branorac\">Branislav R\u00e1c<\/a><\/span><\/li>\n<\/ul>\n<ul>\n<li><a class=\"remote-title\" href=\"http:\/\/www.endy.sk\/ostatne\/wordcamp-po-prvykrat-na-slovensku-uz-17-marca\/\">WordCamp po prv\u00fdkr\u00e1t na Slovensku, u\u017e 17.marca<br \/>\n<\/a><em>&#8222;Pozn\u00e1te tie \u201ccamp\u201d stretnutia od Barcampov, Unicampov, a\u017e po r\u00f4zne in\u00e9 konferencie Startupov. Kone\u010dne v\u0161ak prich\u00e1dza aj stretko, kde bud\u00fa v\u0161etci fan\u00fa\u0161ikovania WordPressu.&#8220;<\/em> <span style=\"text-decoration: underline;\"><a href=\"https:\/\/twitter.com\/#!\/andysynak\">Andy Syn\u00e1k <\/a><\/span><\/li>\n<li><a class=\"remote-title\" href=\"http:\/\/exot.boo.sk\/blog\/prvy-rocnik-wordcampu-na-slovensku-comming-soon\/\">Prv\u00fd ro\u010dn\u00edk WordCampu na Slovensku comming soon<br \/>\n<\/a><em>&#8222;Za akciou WordCamp stoja chlapci z wp.sk, kona\u0165 sa bude v \u017diline, na Stanici v Z\u00e1rie\u010d\u00ed (tak ako Barcampy).&#8220;<\/em> <span style=\"text-decoration: underline;\"><a href=\"http:\/\/twitter.com\/#!\/exot\">Vladim\u00edr &#8222;Exot&#8220; Rejholec<\/a><\/span><\/li>\n<li><a class=\"remote-title\" href=\"http:\/\/branorac.sk\/konferencia-wordcamp-uz-17-marca-2012-v-ziline\/\">Konferencia WordCamp u\u017e 17 marca 2012 v \u017diline<br \/>\n<\/a><em>&#8222;Nu\u017e prv\u00e1 slovensk\u00e1 konferencia zameran\u00e1 hlavne na pou\u017e\u00edvanie a\u00a0sk\u00fasenosti zo syst\u00e9mom WordPress&#8230;&#8220;<\/em> <span style=\"text-decoration: underline;\"><a href=\"http:\/\/twitter.com\/#!\/branorac\">Branislav R\u00e1c<\/a><\/span><\/li>\n<li><a class=\"remote-title\" href=\"http:\/\/depi.sk\/2012\/01\/16\/wordcamp-slovensko-uz-17-marca-2012\/\">WordCamp Slovensko u\u017e 17. marca 2012<br \/>\n<\/a><em>&#8222;Po v\u0161emo\u017en\u00fdch barcampoch, unicampoch, startupcampoch a x \u010fal\u0161\u00edch *campoch kone\u010dne prich\u00e1dza na Slovensko&#8230;&#8220;<\/em> <span style=\"text-decoration: underline;\"><a href=\"https:\/\/twitter.com\/#!\/depi\">Erik &#8222;Depi&#8220; Gyepes<\/a><\/span><\/li>\n<li><a class=\"remote-title\" href=\"http:\/\/alian.info\/2012\/01\/prve-novinky-okolo-wordcamp-slovensko-2012-registracia\/\">Prv\u00e9 novinky okolo WordCamp Slovensko 2012 + registr\u00e1cia<\/a><br \/>\n<em>&#8222;Stretnutie okolo najlep\u0161ieho publika\u010dn\u00e9ho syst\u00e9mu.&#8220;<\/em> <span style=\"text-decoration: underline;\"><a href=\"http:\/\/twitter.com\/#!\/alian\">Fero Alian Volar<\/a><\/span><\/li>\n<li><a class=\"remote-title\" href=\"http:\/\/www.seducotvorbawww.sk\/co-je-to-wordcamp\/\">\u010co je to WORDCAMP<\/a><br \/>\n<em>&#8222;Ver\u00edme, \u017ee toto stretnutie m\u00e1 \u010do da\u0165 ka\u017ed\u00e9mu z\u00fa\u010dastnen\u00e9mu.&#8220;<\/em> <span style=\"text-decoration: underline;\"><a href=\"https:\/\/twitter.com\/#!\/Seducotvorbawww\">R\u00f3bert Suja<\/a><\/span><\/li>\n<li><a class=\"remote-title\" href=\"http:\/\/www.probiznis.eu\/?p=1050\">WorldCamp prv\u00fdkr\u00e1t na Slovensku<\/a><br \/>\n<em>&#8222;Mysl\u00edm, \u017ee o z\u00e1ujemcov nebude n\u00fadza, ke\u010f\u017ee ide o jeden z najroz\u0161\u00edrenej\u0161\u00edch syst\u00e9mov.&#8220;\u00a0<\/em><span style=\"text-decoration: underline;\">Luk\u00e1\u0161 Varho\u013e<\/span><\/li>\n<li><a class=\"remote-title\" href=\"http:\/\/alian.info\/2011\/12\/chysta-sa-prvy-slovensky-wordcamp-2012\/\">Chyst\u00e1 sa prv\u00fd slovensk\u00fd WordCamp 2012<br \/>\n<\/a>&#8222;<em>Ve\u013emi sa te\u0161\u00edm a organiz\u00e1torom \u017eel\u00e1m ve\u013ea s\u00edl a dr\u017e\u00edm palec!&#8220;\u00a0<\/em><span style=\"text-decoration: underline;\"><a href=\"http:\/\/twitter.com\/#!\/alian\">Fero Alian Volar<\/a><\/span><\/li>\n<\/ul>\n","protected":false},"excerpt":{"rendered":"<p>Zop\u00e1r postrehov k WordCampu v \u017diline &#8222;Po\u010das trvania WordCampu sa prestriedalo ve\u013ea zauj\u00edmav\u00fdch predn\u00e1\u0161aj\u00facich, prezentovan\u00fdch bolo mno\u017estvo grafov, \u010d\u00edsiel, padlo ve\u013ea piva, k\u00e1vy, bagiet a ur\u010dite aj kontaktov.&#8220; Juraj &#8222;Pika&#8220; Pikul\u00edk WordCamp \u017dilina 2012 \u2013 \u201eJa by som tie internety &hellip; <a href=\"https:\/\/slovakia.wordcamp.org\/2012\/napisali-o-nas\/\">\u010c\u00edta\u0165 \u010falej <span class=\"screen-reader-text\">Nap\u00edsali o n\u00e1s<\/span>  <span class=\"meta-nav\">&rarr;<\/span><\/a><\/p>\n","protected":false},"author":8732596,"featured_media":0,"parent":0,"menu_order":0,"comment_status":"closed","ping_status":"open","template":"","meta":{"jetpack_post_was_ever_published":false,"footnotes":""},"class_list":["post-111","page","type-page","status-publish","hentry"],"jetpack_shortlink":"https:\/\/wp.me\/P24Uea-1N","jetpack_sharing_enabled":true,"_links":{"self":[{"href":"https:\/\/slovakia.wordcamp.org\/2012\/wp-json\/wp\/v2\/pages\/111","targetHints":{"allow":["GET"]}}],"collection":[{"href":"https:\/\/slovakia.wordcamp.org\/2012\/wp-json\/wp\/v2\/pages"}],"about":[{"href":"https:\/\/slovakia.wordcamp.org\/2012\/wp-json\/wp\/v2\/types\/page"}],"author":[{"embeddable":true,"href":"https:\/\/slovakia.wordcamp.org\/2012\/wp-json\/wp\/v2\/users\/8732596"}],"replies":[{"embeddable":true,"href":"https:\/\/slovakia.wordcamp.org\/2012\/wp-json\/wp\/v2\/comments?post=111"}],"version-history":[{"count":42,"href":"https:\/\/slovakia.wordcamp.org\/2012\/wp-json\/wp\/v2\/pages\/111\/revisions"}],"predecessor-version":[{"id":797,"href":"https:\/\/slovakia.wordcamp.org\/2012\/wp-json\/wp\/v2\/pages\/111\/revisions\/797"}],"wp:attachment":[{"href":"https:\/\/slovakia.wordcamp.org\/2012\/wp-json\/wp\/v2\/media?parent=111"}],"curies":[{"name":"wp","href":"https:\/\/api.w.org\/{rel}","templated":true}]}}