{"id":227,"date":"2012-01-18T10:11:17","date_gmt":"2012-01-18T09:11:17","guid":{"rendered":"https:\/\/2012.slovakia.wordcamp.org\/?page_id=227"},"modified":"2012-11-09T14:55:50","modified_gmt":"2012-11-09T13:55:50","slug":"sponzori","status":"publish","type":"page","link":"https:\/\/slovakia.wordcamp.org\/2012\/sponzori\/","title":{"rendered":"Sponzori"},"content":{"rendered":"\n\t\t<div class=\"sponsors\">\n\t\t\t\t\t\t\t\n\t\t\t\t<div class=\"sponsor-level hlavny-sponzor\">\n\t\t\t\t\t<h2 class=\"sponsor-level-title\">\n\t\t\t\t\t\tHlavn\u00ed sponzori\t\t\t\t\t<\/h2>\n\n\t\t\t\t\t\n\t\t\t\t\t<div id=\"post-225\" class=\"sponsor post-225 wcb_sponsor type-wcb_sponsor status-publish hentry wcb_sponsor_level-hlavny-sponzor\" >\n\t\t\t\t\t\t<h3 class=\"entry-title sponsor-title\">\n\t\t\t\t\t\t\t<a href=\"https:\/\/slovakia.wordcamp.org\/2012\/sponsor\/shirtinator\/\">\n\t\t\t\t\t\t\t\tShirtinator\t\t\t\t\t\t\t<\/a>\n\t\t\t\t\t\t<\/h3>\n\n\t\t\t\t\t\t<div class=\"entry-content sponsor-description\">\n\t\t\t\t\t\t\t<p><strong>Chce\u0161 by\u0165 v lete ale i po \u0148om IN? Ob\u013eubuje\u0161 origin\u00e1lne tri\u010dk\u00e1, s uleten\u00fdmi obr\u00e1zkami? Tak si vytvor vlastn\u00e9! Je tu Shirtinator.sk \u2013 internetov\u00fd obchod, v ktorom si m\u00f4\u017ee\u0161 urobi\u0165 tri\u010dko tak\u00e9, ktor\u00e9 ti sekne a ak\u00e9 bude\u0161 nosi\u0165 jedine Ty! Pote\u0161 kamo\u0161a alebo kamo\u0161ku a prekvap ich super tri\u010dkom, ktor\u00e9 vytvor\u00ed\u0161 jedine im.<\/strong><\/p>\n<p><strong><\/strong>Spolo\u010dnos\u0165 Shirtinator pon\u00faka svojim z\u00e1kazn\u00edkom mo\u017enos\u0165 vyrobi\u0165 si origin\u00e1lne tri\u010dko s\u00a0potla\u010dou pod\u013ea vlastnej fant\u00e1zie prostredn\u00edctvom internetu. \u0160pecializ\u00e1ciou firmy je individu\u00e1lna potla\u010d tri\u010diek, mik\u00edn,\u00a0\u010di \u010fal\u0161ieho doplnkov\u00e9ho textilu, rovnako ako aj potla\u010d dar\u010dekov\u00fdch predmetov.<\/p>\n<p>Shirtinator m\u00e1 v celej Eur\u00f3pe viac ako 500 000 spokojn\u00fdch z\u00e1kazn\u00edkov, ktor\u00ed si tovar objedn\u00e1vaj\u00fa prostredn\u00edctvom internetov\u00fdch obchodov na str\u00e1nkach\u00a0<a href=\"http:\/\/www.shirtinator.sk\/\" rel=\"nofollow\">www.shirtinator.sk<\/a>\u00a0,\u00a0<span style=\"color: #0066cc;\"><a href=\"http:\/\/www.shirtinator.cz\/\" rel=\"nofollow\">www.shirtinator.cz<\/a>\u00a0,\u00a0<\/span>\u00a0<a href=\"http:\/\/www.shirtinator.de\/\" rel=\"nofollow\">www.shirtinator.de<\/a>\u00a0a\u00a0<a href=\"http:\/\/www.shirtinator.com\/\" rel=\"nofollow\">www.shirtinator.com<\/a>.<\/p>\n\t\t\t\t\t\t<\/div>\n\t\t\t\t\t<\/div>\n\n\t\t\t\t\t\n\t\t\t\t\t<div id=\"post-567\" class=\"sponsor post-567 wcb_sponsor type-wcb_sponsor status-publish hentry wcb_sponsor_level-hlavny-sponzor\" >\n\t\t\t\t\t\t<h3 class=\"entry-title sponsor-title\">\n\t\t\t\t\t\t\t<a href=\"https:\/\/slovakia.wordcamp.org\/2012\/sponsor\/jetpack\/\">\n\t\t\t\t\t\t\t\tJetpack\t\t\t\t\t\t\t<\/a>\n\t\t\t\t\t\t<\/h3>\n\n\t\t\t\t\t\t<div class=\"entry-content sponsor-description\">\n\t\t\t\t\t\t\t<p style=\"text-align: center;\"><a href=\"http:\/\/jetpack.me\/\" rel=\"nofollow\"><img loading=\"lazy\" decoding=\"async\" class=\"aligncenter  wp-image-568\" title=\"jetpack_full_logo_transparent\" src=\"https:\/\/2012.slovakia.wordcamp.org\/files\/2012\/02\/jetpack_full_logo_transparent-300x226.png\" alt=\"\" width=\"240\" height=\"181\" srcset=\"https:\/\/slovakia.wordcamp.org\/2012\/files\/2012\/02\/jetpack_full_logo_transparent-300x226.png 300w, https:\/\/slovakia.wordcamp.org\/2012\/files\/2012\/02\/jetpack_full_logo_transparent.png 759w\" sizes=\"auto, (max-width: 240px) 100vw, 240px\" \/><\/a><br \/>\n<a href=\"http:\/\/jetpack.me\/\" rel=\"nofollow\">Jetpack<\/a> is a WordPress plugin that supercharges your self-hosted WordPress site with the awesome cloud power of WordPress.com.<\/p>\n\t\t\t\t\t\t<\/div>\n\t\t\t\t\t<\/div>\n\n\t\t\t\t\t\n\t\t\t\t<\/div>\n\t\t\t\t\t\t\t\n\t\t\t\t<div class=\"sponsor-level maly\">\n\t\t\t\t\t<h2 class=\"sponsor-level-title\">\n\t\t\t\t\t\tSponzori a partneri\t\t\t\t\t<\/h2>\n\n\t\t\t\t\t\n\t\t\t\t\t<div id=\"post-88\" class=\"sponsor post-88 wcb_sponsor type-wcb_sponsor status-publish hentry wcb_sponsor_level-maly\" >\n\t\t\t\t\t\t<h3 class=\"entry-title sponsor-title\">\n\t\t\t\t\t\t\t<a href=\"https:\/\/slovakia.wordcamp.org\/2012\/sponsor\/vtp-zilina\/\">\n\t\t\t\t\t\t\t\tVTP \u017dilina\t\t\t\t\t\t\t<\/a>\n\t\t\t\t\t\t<\/h3>\n\n\t\t\t\t\t\t<div class=\"entry-content sponsor-description\">\n\t\t\t\t\t\t\t<p><a href=\"http:\/\/vtpzilina.sk\/\" rel=\"nofollow\"><img loading=\"lazy\" decoding=\"async\" class=\"size-medium wp-image-89 alignleft\" title=\"logo_VTP_final\" src=\"https:\/\/2012.slovakia.wordcamp.org\/files\/2012\/01\/logo_VTP_final-300x114.jpg\" alt=\"\" width=\"300\" height=\"114\" srcset=\"https:\/\/slovakia.wordcamp.org\/2012\/files\/2012\/01\/logo_VTP_final-300x114.jpg 300w, https:\/\/slovakia.wordcamp.org\/2012\/files\/2012\/01\/logo_VTP_final-1024x390.jpg 1024w, https:\/\/slovakia.wordcamp.org\/2012\/files\/2012\/01\/logo_VTP_final.jpg 1745w\" sizes=\"auto, (max-width: 300px) 100vw, 300px\" \/>Vedecko-technologick\u00fd park \u017dilina<\/a> (\u010falej VTP \u017dilina) je otvoren\u00fdm z\u00e1ujmov\u00fdm\u00a0zdru\u017een\u00edm\u00a0pr\u00e1vnick\u00fdch os\u00f4b, ktor\u00e9 vzniklo so z\u00e1merom\u00a0podpori\u0165 rozvoj a\u00a0transfer inova\u010dn\u00fdch technol\u00f3gi\u00ed,\u00a0stimulova\u0165 vznik nov\u00fdch podnikate\u013esk\u00fdch\u00a0n\u00e1padov a vytv\u00e1ra\u0165 podmienky pre ich realiz\u00e1ciu. Svoje\u00a0p\u00f4sobenie za\u010dal v roku\u00a02001.S\u00fa\u010das\u0165ou VTP \u017dilina je aj\u00a0technologick\u00fd inkub\u00e1tor,\u00a0ktor\u00fd\u00a0umo\u017enuje e\u0161te v\u00fdhodnej\u0161ie podmienky pre\u00a0za\u010d\u00ednaj\u00face inovat\u00edvne firmy. V r\u00e1mci\u00a0VTP \u017dilina dnes p\u00f4sob\u00ed asi 30 firiem, najm\u00e4 z radov absolventov\u00a0\u017dilinskej\u00a0univerzity.<\/p>\n<p>VTP \u017dilina tieto aktivity realizuje v r\u00e1mci projekte V.I.P. &#8211; Vzdel\u00e1v\u00e1n\u00ed, Inovace, Partnerstv\u00ed; Opera\u010dn\u00fd program cezhrani\u010dnej spolupr\u00e1ce Slovensk\u00e1 republika \u2013 \u010cesk\u00e1\u00a0republika 2007 \u2013 2013, ktor\u00fd je financovan\u00fd z prostriedkov Eur\u00f3pskeho fondu region\u00e1lneho rozvoja.<\/p>\n<p><img loading=\"lazy\" decoding=\"async\" class=\"alignleft  wp-image-97\" title=\"partneri short\" src=\"https:\/\/2012.slovakia.wordcamp.org\/files\/2012\/01\/partneri-short.jpg\" alt=\"\" width=\"660\" height=\"105\" srcset=\"https:\/\/slovakia.wordcamp.org\/2012\/files\/2012\/01\/partneri-short.jpg 814w, https:\/\/slovakia.wordcamp.org\/2012\/files\/2012\/01\/partneri-short-300x47.jpg 300w\" sizes=\"auto, (max-width: 660px) 100vw, 660px\" \/><\/p>\n\t\t\t\t\t\t<\/div>\n\t\t\t\t\t<\/div>\n\n\t\t\t\t\t\n\t\t\t\t\t<div id=\"post-541\" class=\"sponsor post-541 wcb_sponsor type-wcb_sponsor status-publish hentry wcb_sponsor_level-maly\" >\n\t\t\t\t\t\t<h3 class=\"entry-title sponsor-title\">\n\t\t\t\t\t\t\t<a href=\"https:\/\/slovakia.wordcamp.org\/2012\/sponsor\/siteground\/\">\n\t\t\t\t\t\t\t\tSiteGround\t\t\t\t\t\t\t<\/a>\n\t\t\t\t\t\t<\/h3>\n\n\t\t\t\t\t\t<div class=\"entry-content sponsor-description\">\n\t\t\t\t\t\t\t<p><a href=\"http:\/\/www.siteground.com\/\" rel=\"nofollow\"><img loading=\"lazy\" decoding=\"async\" src=\"https:\/\/2012.slovakia.wordcamp.org\/files\/2012\/02\/logo_SG-300x77.png\" alt=\"\" title=\"logo_SG\" width=\"300\" height=\"77\" class=\"aligncenter size-medium wp-image-542\" srcset=\"https:\/\/slovakia.wordcamp.org\/2012\/files\/2012\/02\/logo_SG-300x77.png 300w, https:\/\/slovakia.wordcamp.org\/2012\/files\/2012\/02\/logo_SG.png 508w\" sizes=\"auto, (max-width: 300px) 100vw, 300px\" \/><\/a><\/p>\n<p><a href=\"http:\/\/www.siteground.com\/\" rel=\"nofollow\">SiteGround web hosting<\/a> offers high-quality services and has created a special hosting package for WordPress that is currently used by thousands of WordPress websites. The packages includes a unique server setup that increases the security of the WordPress installations and a 24\/7 support team with in-depth WordPress knowledge.<\/p>\n<p>Additionally, SiteGround team has developed WordPress resources like themes and tutorials that are available for free download and use by any WordPress fan. By sponsoring WordCamp Miami the company wants to further contribute to the development of the great WordPress community.<\/p>\n<p>For more information visit the <a href=\"http:\/\/www.siteground.com\/wordpress-hosting.htm\" rel=\"nofollow\">SiteGround WordPress hosting<\/a> page.<\/p>\n\t\t\t\t\t\t<\/div>\n\t\t\t\t\t<\/div>\n\n\t\t\t\t\t\n\t\t\t\t\t<div id=\"post-28\" class=\"sponsor post-28 wcb_sponsor type-wcb_sponsor status-publish hentry wcb_sponsor_level-maly\" >\n\t\t\t\t\t\t<h3 class=\"entry-title sponsor-title\">\n\t\t\t\t\t\t\t<a href=\"https:\/\/slovakia.wordcamp.org\/2012\/sponsor\/websupport\/\">\n\t\t\t\t\t\t\t\tWebsupport\t\t\t\t\t\t\t<\/a>\n\t\t\t\t\t\t<\/h3>\n\n\t\t\t\t\t\t<div class=\"entry-content sponsor-description\">\n\t\t\t\t\t\t\t<p><a href=\"http:\/\/websupport.sk\/#site=4ed676df9c1ad\" rel=\"nofollow\"><img loading=\"lazy\" decoding=\"async\" class=\"alignleft size-full wp-image-127\" title=\"wslogo-white1\" src=\"https:\/\/2012.slovakia.wordcamp.org\/files\/2011\/12\/wslogo-white1.png\" alt=\"\" width=\"205\" height=\"60\" \/><\/a><em>Bandu geekov okolo najlep\u0161ieho slovensk\u00e9ho hostingu presl\u00e1vil extr\u00e9mny helpdesk a krut\u00e9 p\u00e1rty. V oboch pr\u00edpadoch v\u00e1m ich nasadenie vyraz\u00ed dych.\u00a0Makaj\u00fa\u00a0kedyko\u013evek s\u00fa online &#8211; \u010di\u017ee skoro v\u017edy. Neust\u00e1le \u0161pekuluj\u00fa ako robi\u0165 veci lep\u0161ie a na ich slu\u017eb\u00e1ch to pozna\u0165.\u00a0Okrem komer\u010dn\u00fdch produktov prev\u00e1dzkuj\u00fa aj projekt FreeWeb. V r\u00e1mci neho sponzoruj\u00fa <a href=\"http:\/\/websupport.sk\/#site=4ed676df9c1ad\" rel=\"nofollow\">hosting<\/a> neziskov\u00fdm projektom. Popri tom sa akt\u00edvne zap\u00e1ja\u00fa do diania v IT komunite \u2013 chodia po predn\u00e1\u0161kach, p\u00ed\u0161u \u010dl\u00e1nky, konzultuj\u00fa startupy.\u00a0Aktu\u00e1lne s\u00fa <del datetime=\"2012-03-16T08:42:53+00:00\">druh\u00fd<\/del> najv\u00e4\u010d\u0161\u00ed registr\u00e1tor .sk dom\u00e9n, <del>no \u010do nevidie\u0165 bud\u00fa jednotka<\/del>.<\/em><\/p>\n\t\t\t\t\t\t<\/div>\n\t\t\t\t\t<\/div>\n\n\t\t\t\t\t\n\t\t\t\t\t<div id=\"post-238\" class=\"sponsor post-238 wcb_sponsor type-wcb_sponsor status-publish hentry wcb_sponsor_level-maly\" >\n\t\t\t\t\t\t<h3 class=\"entry-title sponsor-title\">\n\t\t\t\t\t\t\t<a href=\"https:\/\/slovakia.wordcamp.org\/2012\/sponsor\/zeom\/\">\n\t\t\t\t\t\t\t\tzeom\t\t\t\t\t\t\t<\/a>\n\t\t\t\t\t\t<\/h3>\n\n\t\t\t\t\t\t<div class=\"entry-content sponsor-description\">\n\t\t\t\t\t\t\t<p><a href=\"http:\/\/www.zeom.sk\" rel=\"nofollow\"><img loading=\"lazy\" decoding=\"async\" class=\"alignleft size-thumbnail wp-image-240\" title=\"zeomlogo\" src=\"https:\/\/2012.slovakia.wordcamp.org\/files\/2012\/02\/zeomlogo-150x150.png\" alt=\"\" width=\"150\" height=\"150\" \/><\/a><a href=\"https:\/\/www.zeom.sk\/\" rel=\"nofollow\">Zeom<\/a> \u2013 Infrastructure provider, spr\u00edstup\u0148uje korpor\u00e1tne rie\u0161enia aj mal\u00fdm a stredn\u00fdm\u00a0 podnikate\u013eom. Rie\u0161i aj tak\u00e9to ot\u00e1zky: Pre\u010do nekupova\u0165 \u017eelezo do Startupu? Ako \u010do najviac u\u0161etri\u0165 na ma\u0161in\u00e1ch \u010do m\u00e1m v kancli? Ozaj potrebujem po\u010d\u00edta\u010d z NASA pre aplik\u00e1ciu s podvojn\u00fdm \u00fa\u010dtovn\u00edctvom? Pre\u010do je pren\u00e1jom lep\u0161\u00ed ako nakupovanie? Osvetu oh\u013eadom Cloud computingu \u0161\u00edri aj cez Cloud Camp Bratislava, Cloud Coffee Bratislava a in\u00e9 komunitn\u00e9 a spolo\u010densk\u00e9 aktivity.<\/p>\n<p>Pozrite aj ich blog s novinkami o <a href=\"https:\/\/blog.zeom.sk\/\" rel=\"nofollow\">Cloud Computingu<\/a>. (by the way vytvoren\u00fd vo Word Press)<\/p>\n\t\t\t\t\t\t<\/div>\n\t\t\t\t\t<\/div>\n\n\t\t\t\t\t\n\t\t\t\t\t<div id=\"post-252\" class=\"sponsor post-252 wcb_sponsor type-wcb_sponsor status-publish hentry wcb_sponsor_level-maly\" >\n\t\t\t\t\t\t<h3 class=\"entry-title sponsor-title\">\n\t\t\t\t\t\t\t<a href=\"https:\/\/slovakia.wordcamp.org\/2012\/sponsor\/vibration\/\">\n\t\t\t\t\t\t\t\tVibration\t\t\t\t\t\t\t<\/a>\n\t\t\t\t\t\t<\/h3>\n\n\t\t\t\t\t\t<div class=\"entry-content sponsor-description\">\n\t\t\t\t\t\t\t<p><img loading=\"lazy\" decoding=\"async\" class=\"aligncenter  wp-image-563\" title=\"vibration-logo-new\" src=\"https:\/\/2012.slovakia.wordcamp.org\/files\/2012\/02\/vibration-logo-new.png\" alt=\"\" width=\"293\" height=\"60\" \/><\/a><br \/>\n<a href=\"http:\/\/vibration.sk\" rel=\"nofollow\">Vibration.sk<\/a> je digit\u00e1lna agent\u00fara, ktor\u00e1 sa zameriava hlavne na web dizajn,\u00a0tvorbu webov\u00fdch str\u00e1nok, tvorbu\u00a0webov\u00fdch aplik\u00e1ci\u00ed a eshopov,\u00a0tvorbu firemnej identity a\u00a0internetov\u00e9mu marketingu.\u00a0V\u00fdhodou spolo\u010dnosti je, \u017ee pristupuje ku ka\u017ed\u00e9mu projektu v men\u0161\u00edch t\u00edmoch, vyu\u017e\u00edva najmodernej\u0161ie technol\u00f3gie a agiln\u00e9 techniky. Ka\u017ed\u00e1 ne\u0161tandardn\u00e1 po\u017eiadavka je pre vibration v\u00fdzva.<\/p>\n\t\t\t\t\t\t<\/div>\n\t\t\t\t\t<\/div>\n\n\t\t\t\t\t\n\t\t\t\t\t<div id=\"post-624\" class=\"sponsor post-624 wcb_sponsor type-wcb_sponsor status-publish hentry wcb_sponsor_level-maly\" >\n\t\t\t\t\t\t<h3 class=\"entry-title sponsor-title\">\n\t\t\t\t\t\t\t<a href=\"https:\/\/slovakia.wordcamp.org\/2012\/sponsor\/dejan-seo\/\">\n\t\t\t\t\t\t\t\tDEJAN SEO\t\t\t\t\t\t\t<\/a>\n\t\t\t\t\t\t<\/h3>\n\n\t\t\t\t\t\t<div class=\"entry-content sponsor-description\">\n\t\t\t\t\t\t\t<p><a href=\"http:\/\/dejanseo.com.au\/\" rel=\"nofollow\"><img loading=\"lazy\" decoding=\"async\" class=\"aligncenter size-full wp-image-626\" title=\"dejanseo-logo\" src=\"https:\/\/2012.slovakia.wordcamp.org\/files\/2012\/02\/dejanseo-logo.png\" alt=\"\" width=\"300\" height=\"52\" \/><\/a><a href=\"http:\/\/dejanseo.com.au\/\" rel=\"nofollow\">Dejan SEO<\/a>\u00a0has been providing professional marketing services since 2001. We work to secure long-term rankings and high traffic volumes for our clients. Our deep experience with search engine optimization and internet marketing has provided our customers with tangible results. Our 35 member team have the skills and proven record in all areas of SEO including on-site optimization, keyword targeting, link popularity and competitor research. In 2009, SEO expanded internationally opening offices in Australia and Europe.<\/p>\n<p><a href=\"http:\/\/dejanseo.com.au\/dan-petrovic\" rel=\"nofollow\">Dan Petrovic<\/a>, our company director, charts our business strategies. Dan is a leader, and a well known Australian SEO specialist. His ten years of SEO consulting experiences and commitment to excellence has been fundamental to our success.<\/p>\n<p>Dejan SEO was honored to be a sponsor of the 2012 WordPress conference. The Dejan SEO website is powered by WordPress. WordPress is an important part of our strategy and look forward to growing our relationship.<\/p>\n<p>Recently, Dejan SEO announced\u00a0<a href=\"http:\/\/dejanseo.com.au\/copylink\" rel=\"nofollow\">Copylink<\/a>. Copylink is a WordPress plugin that automatically places links on text copied from a website. It provides users and webmasters with a variety of content management, linking and SEO tools. Download CopyLink at\u00a0<a href=\"http:\/\/wordpress.org\/extend\/plugins\/copy-link\" rel=\"nofollow\">http:\/\/wordpress.org\/extend\/<wbr>plugins\/copy-link<\/wbr><\/a>.<\/p>\n\t\t\t\t\t\t<\/div>\n\t\t\t\t\t<\/div>\n\n\t\t\t\t\t\n\t\t\t\t\t<div id=\"post-662\" class=\"sponsor post-662 wcb_sponsor type-wcb_sponsor status-publish hentry wcb_sponsor_level-maly\" >\n\t\t\t\t\t\t<h3 class=\"entry-title sponsor-title\">\n\t\t\t\t\t\t\t<a href=\"https:\/\/slovakia.wordcamp.org\/2012\/sponsor\/webikon\/\">\n\t\t\t\t\t\t\t\twebikon\t\t\t\t\t\t\t<\/a>\n\t\t\t\t\t\t<\/h3>\n\n\t\t\t\t\t\t<div class=\"entry-content sponsor-description\">\n\t\t\t\t\t\t\t<p><a href=\"http:\/\/webikon.sk\/\" rel=\"nofollow\">webikon.sk<\/a> s\u00fa experti na WordPress a webov\u00e9 technol\u00f3gie maj\u00fa v mal\u00ed\u010dku. Va\u0161e po\u017eiadavky na nov\u00fd web s\u00fa pre nich sv\u00e4t\u00e9 a ke\u010f ich zmie\u0161aj\u00fa so svojimi poznatkami z tvorby webov\u00fdch str\u00e1nok, v\u00fdsledkom je \u0161pi\u010dkov\u00e1 web str\u00e1nka. \u017dij\u00fa webom r\u00e1no, ke\u010f sa budia, i ve\u010der, ke\u010f si l\u00edhaj\u00fa spa\u0165.<\/p>\n<p>Pou\u017e\u00edvaj\u00fa na to jeden z najlep\u0161\u00edch redak\u010dn\u00fdch syst\u00e9mov na svete \u2013 <a href=\"http:\/\/wordpress.org\/\" rel=\"nofollow\">WordPress<\/a>. Vie sa preobliec\u0165 do o\u010daruj\u00facich grafick\u00fdch t\u00e9m a dizajnov. Jeho ovl\u00e1danie vynik\u00e1 jednoduchos\u0165ou, pri\u010dom v\u0161ak z\u00e1rove\u0148 pon\u00faka \u0161irok\u00fa \u0161k\u00e1lu funkci\u00ed. Pre v\u00e1\u0161 web pou\u017eij\u00fa len tie, ktor\u00e9 naozaj potrebujete. Kedyko\u013evek v\u00e1m pod\u013ea potreby spustia \u010fal\u0161ie a \u010fal\u0161ie\u2026<\/p>\n<hr \/>\n<p><a href=\"http:\/\/webikon.sk\/en\" rel=\"nofollow\">webikon.sk<\/a> are an experts on WordPress and they handle web technologies with ease. For them, your specific requirements for your new website are sacred, and when they combine them with their knowledge in creating websites, the result is top class website. They live with your website in the morning when we wake up, and at night when they go to sleep.<\/p>\n<p>They use one of the best content management systems in the world \u2013 <a href=\"http:\/\/wordpress.org\/\" rel=\"nofollow\">WordPress<\/a>. It can be dressed into astonishing graphic themes and designs. It\u2019s easy to command, but at the same time it offers wide range of functions. For your website, they\u2019ll use just the ones you really need. At any time they can run more and more of them\u2026<\/p>\n\t\t\t\t\t\t<\/div>\n\t\t\t\t\t<\/div>\n\n\t\t\t\t\t\n\t\t\t\t\t<div id=\"post-724\" class=\"sponsor post-724 wcb_sponsor type-wcb_sponsor status-publish hentry wcb_sponsor_level-maly\" >\n\t\t\t\t\t\t<h3 class=\"entry-title sponsor-title\">\n\t\t\t\t\t\t\t<a href=\"https:\/\/slovakia.wordcamp.org\/2012\/sponsor\/ruonline\/\">\n\t\t\t\t\t\t\t\tRUonline\t\t\t\t\t\t\t<\/a>\n\t\t\t\t\t\t<\/h3>\n\n\t\t\t\t\t\t<div class=\"entry-content sponsor-description\">\n\t\t\t\t\t\t\t<div><a href=\"http:\/\/www.ruonline.sk\" rel=\"nofollow\"><img loading=\"lazy\" decoding=\"async\" class=\"aligncenter size-full wp-image-730\" title=\"logo-small-red-background (2)\" src=\"https:\/\/2012.slovakia.wordcamp.org\/files\/2012\/03\/logo-small-red-background-2.png\" alt=\"\" width=\"258\" height=\"108\" \/><\/a>RUonline je l\u00eddrom v zabezpe\u010dovan\u00ed komplexn\u00fdch online marketingov\u00fdch rie\u0161en\u00ed na slovenskom trhu. Jadrom RUonline s\u00fa \u0161pi\u010dkov\u00e9 <a href=\"http:\/\/www.ruonline.sk\/\" rel=\"nofollow\">SEO <\/a>a <a href=\"http:\/\/www.ruonline.sk\/seo-linkbuilding-sluzby-spatne-odkazy\/\" rel=\"nofollow\">Linkbuilding <\/a>slu\u017eby. Cie\u013eom spolo\u010dnosti je maximalizova\u0165 konverzie z webov na\u0161ich klientov. Ako jedin\u00e1 agent\u00fara na Slovensku zabezpe\u010dujeme komplexn\u00fd online servis od tvorby a \u00a0\u00fapravy marketinov\u00e9ho konceptu webu, SEO a Linkbuilding, PPC a in\u00e9 online kampane, online PR, affiliate marketing, social media marketing, mobiln\u00fd marketing, vyhodnocovanie a optimaliz\u00e1ciu. Zabezpe\u010dujeme komplexn\u00fd chod oddelenia online marketingu,\u00a0pom\u00e1hame pri v\u00fdbere potenci\u00e1lnych zamestnancov, za\u0161kolujeme person\u00e1l, koordinujeme spolupr\u00e1cu medzi marketingom a sales oddelen\u00edm, zabezpe\u010dujeme strategick\u00e9 pl\u00e1novanie v oblasti online predaja v s\u00falade s cie\u013emi predaja celej firmy.<\/div>\n<div><\/div>\n<div>V roku 2010 bola spolo\u010dnos\u0165 RUonline zaraden\u00e1 medzi top direct marketingov\u00e9 agent\u00fary na Slovensku.\u00a0Od toho \u010dasu rastie a te\u0161\u00ed sa z \u010fa\u013e\u0161\u00edch \u00faspechov. Hlavn\u00e1 protagonistka zna\u010dky RUonline Katar\u00edna \u0160avelov\u00e1 v\u00a0 decembri 2011 vyhrala s\u00fa\u0165a\u017e pre \u017eeny podnikate\u013eky na internete a z\u00edskala titul E\u017eena roka 2011.<\/div>\n<div><\/div>\n\t\t\t\t\t\t<\/div>\n\t\t\t\t\t<\/div>\n\n\t\t\t\t\t\n\t\t\t\t<\/div>\n\t\t\t\t\t\t\t\t\t<\/div>\n\n\t\t\n","protected":false},"excerpt":{"rendered":"","protected":false},"author":461175,"featured_media":0,"parent":0,"menu_order":0,"comment_status":"closed","ping_status":"open","template":"","meta":{"jetpack_post_was_ever_published":false,"footnotes":""},"class_list":["post-227","page","type-page","status-publish","hentry"],"jetpack_shortlink":"https:\/\/wp.me\/P24Uea-3F","jetpack_sharing_enabled":true,"_links":{"self":[{"href":"https:\/\/slovakia.wordcamp.org\/2012\/wp-json\/wp\/v2\/pages\/227","targetHints":{"allow":["GET"]}}],"collection":[{"href":"https:\/\/slovakia.wordcamp.org\/2012\/wp-json\/wp\/v2\/pages"}],"about":[{"href":"https:\/\/slovakia.wordcamp.org\/2012\/wp-json\/wp\/v2\/types\/page"}],"author":[{"embeddable":true,"href":"https:\/\/slovakia.wordcamp.org\/2012\/wp-json\/wp\/v2\/users\/461175"}],"replies":[{"embeddable":true,"href":"https:\/\/slovakia.wordcamp.org\/2012\/wp-json\/wp\/v2\/comments?post=227"}],"version-history":[{"count":3,"href":"https:\/\/slovakia.wordcamp.org\/2012\/wp-json\/wp\/v2\/pages\/227\/revisions"}],"predecessor-version":[{"id":873,"href":"https:\/\/slovakia.wordcamp.org\/2012\/wp-json\/wp\/v2\/pages\/227\/revisions\/873"}],"wp:attachment":[{"href":"https:\/\/slovakia.wordcamp.org\/2012\/wp-json\/wp\/v2\/media?parent=227"}],"curies":[{"name":"wp","href":"https:\/\/api.w.org\/{rel}","templated":true}]}}