{"id":39,"date":"2011-12-29T13:21:36","date_gmt":"2011-12-29T12:21:36","guid":{"rendered":"https:\/\/2012.slovakia.wordcamp.org\/?page_id=39"},"modified":"2012-03-14T18:19:32","modified_gmt":"2012-03-14T17:19:32","slug":"o-wordcampe","status":"publish","type":"page","link":"https:\/\/slovakia.wordcamp.org\/2012\/o-wordcampe\/","title":{"rendered":"O WordCampe"},"content":{"rendered":"<p>WordCamp je otvoren\u00e1 konferencia zameran\u00e1 na v\u0161etko okolo redak\u010dn\u00e9ho syst\u00e9mu <a href=\"http:\/\/www.wordpress.org\">WordPress<\/a>. Je to neform\u00e1lne stretnutie organizovan\u00e9 <a href=\"http:\/\/www.wp.sk\">lok\u00e1lnou WordPress komunitou<\/a>, kde sa z pou\u017e\u00edvate\u013eov WordPress st\u00e1vaj\u00fa predn\u00e1\u0161atelia. WordCamp je otvoren\u00fd pre v\u0161etk\u00fdch, od be\u017en\u00fdch pou\u017e\u00edvate\u013eov cez bloggerov a\u017e po hardcore developerov. To, \u010do v\u0161etk\u00fdch sp\u00e1ja, je l\u00e1ska k WordPress.<\/p>\n<p>Prv\u00fd slovensk\u00fd WordCamp sa bude nies\u0165 v my\u0161lienke &#8222;<strong>Moje sk\u00fasenosti s WordPress<\/strong>&#8222;. V\u00edtan\u00fd je ka\u017ed\u00fd, kto m\u00e1 nejak\u00e9 sk\u00fasenosti s WordPress a r\u00e1d by sa o ne podelil, \u010di u\u017e ich prezent\u00e1ciou (showcase) alebo v diskusii.<\/p>\n<p>WordCamp za\u017eijeme na Stanici \u017dilina-Z\u00e1rie\u010die. Stanica je kult\u00farny uzol, ktor\u00fd sl\u00fa\u017ei ako miesto pre s\u00fa\u010dasn\u00e9 umenie. Stanicu sme si zvolili kv\u00f4li jej netradi\u010dn\u00e9mu prostrediu s uvo\u013enenou a priate\u013eskou atmosf\u00e9rou, ktor\u00fa si pochva\u013euj\u00fa v\u0161etci \u00fa\u010dastn\u00edci Barcampov a in\u00fdch podobn\u00fdch podujat\u00ed.<\/p>\n<p><em>D\u00e1tum:<\/em><strong> 17. marec 2012<\/strong> (sobota)<br \/>\n<em>Ofici\u00e1lny program od 10:00 do 17:00, po 17:00 socializing v bare<\/em><\/p>\n<p><em>Miesto:<\/em><strong> <a href=\"http:\/\/www.stanica.sk\">Stanica \u017dilina-Z\u00e1rie\u010die<\/a> (<a href=\"http:\/\/maps.google.com\/maps?f=q&amp;source=s_q&amp;hl=sk&amp;geocode=&amp;q=stanica+zariecie,+zilina,+slovakia&amp;sll=48.97926,18.551613&amp;sspn=0.969857,2.469177&amp;ie=UTF8&amp;hq=stanica+zariecie,&amp;hnear=%C5%BDilina,+Slovensk%C3%A1+republika&amp;ll=49.21841,18.730402&amp;spn=0.007302,0.019205&amp;z=16&amp;iwloc=lyrftr:m,0x47145ea49e492fd3:0x1d00f7d2cfb7c930,49.218382,18.730853\">mapa<\/a>)<\/strong><\/p>\n<p><em>Po\u010det \u00fa\u010dastn\u00edkov:<\/em> 50<br \/>\n<em>Pre obmedzen\u00fa kapacitu stanice a zachovanie komornej\u0161ej atmosf\u00e9ry je po\u010det \u00fa\u010dastn\u00edkov limitovan\u00fd a l\u00edstok je len na pozv\u00e1nku.<\/em><\/p>\n<p><em>Strava a ob\u010derstvenie bud\u00fa zabezpe\u010den\u00e9.<\/em><\/p>\n<p>WordCamp t\u00edm:<br \/>\n<strong>Savione<\/strong> (<a href=\"https:\/\/twitter.com\/#!\/peternemcok\">Peter Nem\u010dok<\/a>)<br \/>\n<strong>JohnnyPea<\/strong> (<a href=\"https:\/\/twitter.com\/#!\/johnnypea\">J\u00e1n Bo\u010d\u00ednec<\/a>)<br \/>\n<strong>Anilo<\/strong> (Angelo Verona)<br \/>\n<span style=\"color: #000000;\"><strong><br \/>\n<\/strong><\/span><\/p>\n","protected":false},"excerpt":{"rendered":"<p>WordCamp je otvoren\u00e1 konferencia zameran\u00e1 na v\u0161etko okolo redak\u010dn\u00e9ho syst\u00e9mu WordPress. Je to neform\u00e1lne stretnutie organizovan\u00e9 lok\u00e1lnou WordPress komunitou, kde sa z pou\u017e\u00edvate\u013eov WordPress st\u00e1vaj\u00fa predn\u00e1\u0161atelia. WordCamp je otvoren\u00fd pre v\u0161etk\u00fdch, od be\u017en\u00fdch pou\u017e\u00edvate\u013eov cez bloggerov a\u017e po hardcore developerov. &hellip; <a href=\"https:\/\/slovakia.wordcamp.org\/2012\/o-wordcampe\/\">\u010c\u00edta\u0165 \u010falej <span class=\"screen-reader-text\">O WordCampe<\/span>  <span class=\"meta-nav\">&rarr;<\/span><\/a><\/p>\n","protected":false},"author":461175,"featured_media":0,"parent":0,"menu_order":0,"comment_status":"closed","ping_status":"open","template":"","meta":{"jetpack_post_was_ever_published":false,"footnotes":""},"class_list":["post-39","page","type-page","status-publish","hentry"],"jetpack_shortlink":"https:\/\/wp.me\/P24Uea-D","jetpack_sharing_enabled":true,"_links":{"self":[{"href":"https:\/\/slovakia.wordcamp.org\/2012\/wp-json\/wp\/v2\/pages\/39","targetHints":{"allow":["GET"]}}],"collection":[{"href":"https:\/\/slovakia.wordcamp.org\/2012\/wp-json\/wp\/v2\/pages"}],"about":[{"href":"https:\/\/slovakia.wordcamp.org\/2012\/wp-json\/wp\/v2\/types\/page"}],"author":[{"embeddable":true,"href":"https:\/\/slovakia.wordcamp.org\/2012\/wp-json\/wp\/v2\/users\/461175"}],"replies":[{"embeddable":true,"href":"https:\/\/slovakia.wordcamp.org\/2012\/wp-json\/wp\/v2\/comments?post=39"}],"version-history":[{"count":20,"href":"https:\/\/slovakia.wordcamp.org\/2012\/wp-json\/wp\/v2\/pages\/39\/revisions"}],"predecessor-version":[{"id":74,"href":"https:\/\/slovakia.wordcamp.org\/2012\/wp-json\/wp\/v2\/pages\/39\/revisions\/74"}],"wp:attachment":[{"href":"https:\/\/slovakia.wordcamp.org\/2012\/wp-json\/wp\/v2\/media?parent=39"}],"curies":[{"name":"wp","href":"https:\/\/api.w.org\/{rel}","templated":true}]}}