{"id":707,"date":"2012-03-14T18:12:23","date_gmt":"2012-03-14T17:12:23","guid":{"rendered":"https:\/\/2012.slovakia.wordcamp.org\/?page_id=707"},"modified":"2012-03-26T12:48:25","modified_gmt":"2012-03-26T11:48:25","slug":"program","status":"publish","type":"page","link":"https:\/\/slovakia.wordcamp.org\/2012\/program\/","title":{"rendered":"Program"},"content":{"rendered":"<p>Predbe\u017en\u00fd program:<\/p>\n<p>9:30 \u2013 10:00 REGISTR\u00c1CIA<\/p>\n<p>10:00 \u2013 12:00 BLOK 1<\/p>\n<p><strong>WordPress \u2013 od p\u00e1r blogov k mili\u00f3nom webov<\/strong>\u00a0(Peter Nem\u010dok a J\u00e1n Bo\u010d\u00ednec)<br \/>\n<em>\u0160tipka z hist\u00f3rie WordPress a predstavenie z\u00e1kladnych funkci\u00ed.<br \/>\n<a href=\"http:\/\/prezi.com\/-w_1jbpesmps\/wordcamp-slovensko-2012-zilina\/?auth_key=9006903303deb52942d952771f81a76eb2512a4b\">Pozri si prezant\u00e1ciu<\/a>\u00a0<\/em><\/p>\n<p><strong>Respnsive webdesign<\/strong>\u00a0(Ivan Potan\u010dok)<br \/>\n<em>\u010co je to responsive design, techniky, flexibiln\u00fd grid, media queries, podpora v star\u00fdch prehliada\u010doch a praktick\u00e9 uk\u00e1\u017eky<\/em>.<br \/>\n<em><a href=\"http:\/\/www.slideshare.net\/wcsk\/respnsive-webdesign-ivan-potanok-12102743\">Pozri si prezent\u00e1ciu\u00a01<\/a><\/em><\/p>\n<p><strong>SEO pre WordPress<\/strong>\u00a0(Katar\u00edna \u0160avelov\u00e1)<br \/>\n<em>Ako aplikova\u0165 z\u00e1kladn\u00e9 SEO strat\u00e9gie v prostred\u00ed WordPress.<br \/>\n<a href=\"http:\/\/prezi.com\/7syq24qil0j9\/present\/?auth_key=83o44nk&amp;follow=-hs2stgvy2pr#25_314541\">Pozri si prezent\u00e1ciu\u00a02<\/a><\/em><\/p>\n<p>12:00 \u2013 13:00 OBED<\/p>\n<p>13:00 \u2013 15:00 BLOK 2<\/p>\n<p><strong>Ako ma WordPress nau\u010dil robi\u0165 webov\u00e9 str\u00e1nky<\/strong>\u00a0(J\u00e1n Faj\u010d\u00e1k)<br \/>\n<em>Moja cestu k WordPressu a pr\u00e1ca s n\u00edm z poh\u013eadu \u201camat\u00e9rskeho\u201d nad\u0161enca, od prv\u00fdch krokov ku HTML pred siedmymi rokmi a\u017e po s\u00fa\u010dasn\u00fd ka\u017edenn\u00fd kontakt s WP so v\u0161etk\u00fdm, \u010do k tomu patr\u00ed.<\/em><\/p>\n<p><strong>Joomla vs. WordPress<\/strong>\u00a0(Tom\u00e1\u0161 Chvostek a Andrej Dobrovi\u010d)<br \/>\n<em>Nov\u00e9 featury v Joomle a konfront\u00e1cia s WordPress.<br \/>\n<a href=\"http:\/\/www.slideshare.net\/wcsk\/wordpress-vs-joomla-andrej-dobrovic-12102892\">Pozri si prezent\u00e1ciu\u00a0<\/a><\/em><br \/>\n<em><a href=\"http:\/\/www.slideshare.net\/wcsk\/wordpress-joomladrupal-tom-chvostek\">Pozri si prezent\u00e1ciu\u00a0<\/a><\/em><\/p>\n<p><strong>VTP \u017dilina<\/strong>\u00a0(Juraj Kaveck\u00fd)<br \/>\n<em>Predstavenie aktiv\u00edt VTP \u017dilina.<br \/>\n<a href=\"https:\/\/www.iwork.com\/r\/?a=p287458585&amp;d=VTPZilina_WordCamp_17032012.key\">Pozri si prezent\u00e1ciu<\/a>\u00a0<\/em><\/p>\n<p>15:00 \u2013 15:15 PREST\u00c1VKA<\/p>\n<p>15:15 \u2013 17:00 BLOK 3<\/p>\n<p><strong>Diskusia s blogermi<\/strong>\u00a0(Alian, BranoRac, Depi, Exot)<br \/>\n<em>Diskusia s top\u00a0slovensk\u00fdmi\u00a0blogermi o ich sk\u00fasenostiach nielen s WordPress.<br \/>\n<a href=\"http:\/\/youtu.be\/1brUNw7cOnA\">Pozri si video<\/a>\u00a0<\/em><\/p>\n<p><strong>Sloven\u010dina pre WordPress<\/strong>\u00a0(Angelo Verona, J\u00e1n Bo\u010d\u00ednec, Peter Nem\u010dok)<br \/>\n<em>Ako vznik\u00e1 preklad a ako m\u00f4\u017ee\u0161 prispie\u0165 aj ty.<\/em><\/p>\n<p>od 17:00 SOCIALIZING v bare<\/p>\n","protected":false},"excerpt":{"rendered":"<p>Predbe\u017en\u00fd program: 9:30 \u2013 10:00 REGISTR\u00c1CIA 10:00 \u2013 12:00 BLOK 1 WordPress \u2013 od p\u00e1r blogov k mili\u00f3nom webov\u00a0(Peter Nem\u010dok a J\u00e1n Bo\u010d\u00ednec) \u0160tipka z hist\u00f3rie WordPress a predstavenie z\u00e1kladnych funkci\u00ed. Pozri si prezant\u00e1ciu\u00a0 Respnsive webdesign\u00a0(Ivan Potan\u010dok) \u010co je to &hellip; <a href=\"https:\/\/slovakia.wordcamp.org\/2012\/program\/\">\u010c\u00edta\u0165 \u010falej <span class=\"screen-reader-text\">Program<\/span>  <span class=\"meta-nav\">&rarr;<\/span><\/a><\/p>\n","protected":false},"author":461175,"featured_media":0,"parent":0,"menu_order":0,"comment_status":"open","ping_status":"open","template":"","meta":{"jetpack_post_was_ever_published":false,"footnotes":""},"class_list":["post-707","page","type-page","status-publish","hentry"],"jetpack_shortlink":"https:\/\/wp.me\/P24Uea-bp","jetpack_sharing_enabled":true,"_links":{"self":[{"href":"https:\/\/slovakia.wordcamp.org\/2012\/wp-json\/wp\/v2\/pages\/707","targetHints":{"allow":["GET"]}}],"collection":[{"href":"https:\/\/slovakia.wordcamp.org\/2012\/wp-json\/wp\/v2\/pages"}],"about":[{"href":"https:\/\/slovakia.wordcamp.org\/2012\/wp-json\/wp\/v2\/types\/page"}],"author":[{"embeddable":true,"href":"https:\/\/slovakia.wordcamp.org\/2012\/wp-json\/wp\/v2\/users\/461175"}],"replies":[{"embeddable":true,"href":"https:\/\/slovakia.wordcamp.org\/2012\/wp-json\/wp\/v2\/comments?post=707"}],"version-history":[{"count":12,"href":"https:\/\/slovakia.wordcamp.org\/2012\/wp-json\/wp\/v2\/pages\/707\/revisions"}],"predecessor-version":[{"id":798,"href":"https:\/\/slovakia.wordcamp.org\/2012\/wp-json\/wp\/v2\/pages\/707\/revisions\/798"}],"wp:attachment":[{"href":"https:\/\/slovakia.wordcamp.org\/2012\/wp-json\/wp\/v2\/media?parent=707"}],"curies":[{"name":"wp","href":"https:\/\/api.w.org\/{rel}","templated":true}]}}