{"id":101,"date":"2013-03-08T16:44:39","date_gmt":"2013-03-08T15:44:39","guid":{"rendered":"https:\/\/2013.slovakia.wordcamp.org\/?page_id=101"},"modified":"2013-06-07T12:52:59","modified_gmt":"2013-06-07T11:52:59","slug":"program","status":"publish","type":"page","link":"https:\/\/slovakia.wordcamp.org\/2013\/program\/","title":{"rendered":"Program"},"content":{"rendered":"<p>Predn\u00e1\u0161ky bud\u00fa rozdelen\u00e9 do dvoch miestnost\u00ed. Jedna bude viac zameran\u00e1 na be\u017en\u00fdch pou\u017e\u00edvate\u013eov WordPress a druh\u00e1 pre WordPress profesion\u00e1lov. Viac inform\u00e1ci\u00ed o pripravovan\u00fdch t\u00e9mach a predn\u00e1\u0161aj\u00facich n\u00e1jdete na str\u00e1nke <a title=\"Sp\u00edkri\" href=\"https:\/\/2013.slovakia.wordcamp.org\/spikri\/\">Sp\u00edkri<\/a>.<br \/>\nV\u0161etky predn\u00e1\u0161ky bud\u00fa zaznamen\u00e1van\u00e9 a uverejnen\u00e9 na <a href=\"http:\/\/wordpress.tv\">WordPress.tv<\/a> a tu n\u00e1jdete <a href=\"http:\/\/wp.sk\/spravy\/aky-bol-wordcamp-2013\/#foto\">foto z akcie<\/a>.<\/p>\n<p><span class=\"time\">8:30<\/span> <strong>Registr\u00e1cia \u00fa\u010dastn\u00edkov<\/strong><\/p>\n<h2>Spolo\u010dn\u00fd program<\/h2>\n<p><span class=\"time\">9:00<\/span> <strong>\u00davod + prekvapenie<\/strong><\/p>\n<p><span class=\"time\">9:15<\/span> <strong>Peter Nem\u010dok<\/strong> (<em>2013 \u2013 rok, v ktorom sa WordPress stal jednotkou u\u017e aj na Slovensku<\/em>)<br \/>\n<em style=\"margin-left: 35px\"><a href=\"http:\/\/prezi.com\/bbzam_1ae1qn\/2013-rok-v-ktorom-sa-wordpress-stal-jednotkou-uz-aj-na-slovensku\/?auth_key=ce5afe59bdece25c00c5992c5ade89b32b0dd0ec\" target=\"_blank\">Pozri si prezent\u00e1ciu<\/a><\/em>, <em><a href=\"http:\/\/wp.sk\/video\/nemcok.mp4\">Pozri si video<\/a><\/em><\/p>\n<div class=\"program-left\">\n<h2>Ve\u013ek\u00e1 miestnos\u0165<\/h2>\n<\/div>\n<div class=\"program-right\">\n<h2>Mal\u00e1 miestnos\u0165<\/h2>\n<\/div>\n<div class=\"program-left\">\n<span class=\"time\">9:45<\/span> <strong>Pavol Magic<\/strong> (<em>The Good, The Bad &amp; The Ugly<\/em>))<br \/>\n<em style=\"margin-left: 35px\"><a href=\"http:\/\/www.slideshare.net\/wcsk\/pavol-magic-the-good-the-bad-the-ugly\" target=\"_blank\">Pozri si prezent\u00e1ciu<\/a><\/em>, <em><a href=\"http:\/\/wp.sk\/video\/magic.mp4\">Pozri si video<\/a><\/em>\n<\/div>\n<div class=\"program-right\">\n<span class=\"time\">9:45<\/span> <strong>J\u00e1n Bo\u010d\u00ednec<\/strong> (<em>Frameworky, Pods a skryt\u00e1 sila WordPress<\/em>)<br \/>\n<em style=\"margin-left: 35px\"><a href=\"https:\/\/docs.google.com\/presentation\/d\/1FPBjPS03euB7kTdY4uRJFbsLbOk8ZhsYLq8emYg94uI\/edit?usp=sharing\" target=\"_blank\">Pozri si prezent\u00e1ciu<\/a><\/em>, <em><a href=\"http:\/\/wp.sk\/video\/bocinec.mp4\">Pozri si video<\/a><\/em>\n<\/div>\n<hr \/>\n<div class=\"program-left\">\n<span class=\"time\">10:30<\/span> <strong>Prest\u00e1vka<\/strong>\n<\/div>\n<div class=\"program-right\">\n<span class=\"time\">10:30<\/span> <strong>Prest\u00e1vka<\/strong>\n<\/div>\n<hr \/>\n<div class=\"program-left\">\n<span class=\"time\">10:45<\/span> <strong>Monika Zb\u00ednov\u00e1<\/strong> (<em>Blogujeme na WordPress<\/em>)<br \/>\n<em style=\"margin-left: 45px\"><a href=\"http:\/\/www.slideshare.net\/monicqa\/blogujeme-vo-wordpresse\" target=\"_blank\">Pozri si prezent\u00e1ciu<\/a><\/em>, <em><a href=\"http:\/\/wp.sk\/video\/zbinova.mp4\">Pozri si video<\/a><\/em>\n<\/div>\n<div class=\"program-right\">\n<span class=\"time\">10:45<\/span> <strong>M\u00e1ria Jell\u00fa\u0161ov\u00e1<\/strong> (<em>Projektov\u00fd mana\u017ement pri tvorbe webov<\/em>) <em><a href=\"http:\/\/www.slideshare.net\/wcsk\/projektov-manament-pri-tvorbe-webov-mria-jellov\" target=\"_blank\">Pozri si prezent\u00e1ciu<\/a><\/em>, <em><a href=\"http:\/\/wp.sk\/video\/jellusova.mp4\">Pozri si video<\/a><\/em>\n<\/div>\n<hr \/>\n<div class=\"program-left\">\n<span class=\"time\">11:30<\/span> <strong>Alec Kinnear<\/strong> (<em>SEO and WordPress [EN]<\/em>)<br \/><em style=\"margin-left: 45px\"><a href=\"http:\/\/foliovision.com\/2013\/04\/seo-and-wordpress\" target=\"_blank\" rel=\"noindex, nofollow\">Pozri si prezent\u00e1ciu<\/a>, <a href=\"http:\/\/wp.sk\/video\/kinnear.mp4\">Pozri si video<\/a><\/em><\/p>\n<\/div>\n<div class=\"program-right\">\n<span class=\"time\">11:30<\/span> <strong>Ivan Potan\u010dok<\/strong> (<em>Tvorba eshopov vo WordPress<\/em>)<br \/>\n<em style=\"margin-left: 45px\"><a href=\"http:\/\/www.slideshare.net\/wcsk\/tvorba-eshopov-vo-wordpress-ivan-potanok\" target=\"_blank\">Pozri si prezent\u00e1ciu<\/a><\/em>, <em><a href=\"http:\/\/wp.sk\/video\/potancok.mp4\">Pozri si video<\/a><\/em>\n<\/div>\n<hr \/>\n<div class=\"program-left\">\n<span class=\"time\">12:15<\/span> <strong>Obed<\/strong>\n<\/div>\n<div class=\"program-right\">\n<span class=\"time\">12:15<\/span> <strong>Obed<\/strong>\n<\/div>\n<hr \/>\n<div class=\"program-left\">\n<span class=\"time\">13:15<\/span> <strong>Peter \u0160ebo<\/strong> (<em>Tak m\u00e1m str\u00e1nku! A \u010do teraz?<\/em>)<br \/>\n<em style=\"margin-left: 45px\"><a href=\"http:\/\/www.slideshare.net\/wcsk\/tak-mm-strnku-a-o-teraz-peter-ebo\" target=\"_blank\">Pozri si prezent\u00e1ciu<\/a><\/em>, <em><a href=\"http:\/\/wp.sk\/video\/sebo.mp4\">Pozri si video<\/a><\/em>\n<\/div>\n<div class=\"program-right\">\n<span class=\"time\">13:15<\/span> <strong>Michala Lipkov\u00e1<\/strong> (<em>Approaching Responsive Design<\/em>)<br \/><em style=\"margin-left: 45px\"><a href=\"http:\/\/foliovision.com\/2013\/05\/approaching-responsive-design\" target=\"_blank\" rel=\"noindex, nofollow\">Pozri si prezent\u00e1ciu<\/a><\/em>, <em><a href=\"http:\/\/wp.sk\/video\/lipkova.mp4\">Pozri si video<\/a><\/em>\n<\/div>\n<hr \/>\n<div class=\"program-left\">\n<span class=\"time\">14:00<\/span> <strong>Michal Kopeck\u00fd<\/strong> (<em>Perfektn\u00fd \u010dl\u00e1nok<\/em>)<br \/>\n<em style=\"margin-left: 45px\"><a href=\"http:\/\/prezi.com\/gzwp3pyyed72\/perfektny-clanok-wordcamp-2013\/\" target=\"_blank\">Pozri si prezent\u00e1ciu<\/a><\/em>, <em><a href=\"http:\/\/wp.sk\/video\/kopecky.mp4\">Pozri si video<\/a><\/em>\n<\/div>\n<div class=\"program-right\">\n<span class=\"time\">14:00<\/span> <strong>Peter Baran<\/strong> (<em>Optimaliz\u00e1cia WordPress pre r\u00fdchlos\u0165<\/em>)<br \/><em style=\"margin-left: 45px\"><a href=\"http:\/\/foliovision.com\/2013\/05\/speed-optimization-wordpress\" target=\"_blank\" rel=\"noindex, nofollow\">Pozri si prezent\u00e1ciu<\/a><\/em>, <em><a href=\"http:\/\/wp.sk\/video\/baran.mp4\">Pozri si video<\/a><\/em>\n<\/div>\n<hr \/>\n<div class=\"program-left\">\n<span class=\"time\">14:45<\/span> <strong>Prest\u00e1vka<\/strong>\n<\/div>\n<div class=\"program-right\">\n<span class=\"time\">14:45<\/span> <strong>Prest\u00e1vka<\/strong>\n<\/div>\n<hr \/>\n<div class=\"program-left\">\n<span class=\"time\">15:00<\/span> <strong>Vladim\u00edr Rejholec<\/strong> (<em>WordPress MFA a affiliate<\/em>)<br \/>\n<em style=\"margin-left: 45px\"><a href=\"http:\/\/www.slideshare.net\/wcsk\/tipy-wordpress-mfa-affiliate-vladimr-rejholec\" target=\"_blank\">Pozri si prezent\u00e1ciu<\/a><\/em>, <em><a href=\"http:\/\/wp.sk\/video\/rejholec.mp4\">Pozri si video<\/a><\/em>\n<\/div>\n<div class=\"program-right\">\n<span class=\"time\">15:00<\/span> <strong>Martin Adamko<\/strong> (<em>WordPress design<\/em>)<br \/>\n<em style=\"margin-left: 45px\"><a href=\"http:\/\/www.slideshare.net\/wcsk\/proces-tvorby-webu-a-wordpress-martin-adamko\" target=\"_blank\">Pozri si prezent\u00e1ciu<\/a><\/em>, <em><a href=\"http:\/\/wp.sk\/video\/adamko.mp4\">Pozri si video<\/a><\/em>\n<\/div>\n<hr \/>\n<h2>Spolo\u010dn\u00fd program<\/h2>\n<p><span class=\"time\">15:45<\/span> <strong>Team WordPress Slovensko<\/strong> (<em>Lokaliz\u00e1cia WordPress<\/em>)<\/p>\n<p><span class=\"time\">16:15<\/span> <strong>Panelov\u00e1 diskusia<\/strong> (<em>moduly, blogy, &#8230;<\/em>)<\/p>\n<p><span class=\"time\">16:45<\/span> <strong>Vy\u017erebovanie tomboly<\/strong><\/p>\n<p><span class=\"time\">18:00<\/span> <strong>After Party<\/strong><\/p>\n","protected":false},"excerpt":{"rendered":"<p>Predn\u00e1\u0161ky bud\u00fa rozdelen\u00e9 do dvoch miestnost\u00ed. Jedna bude viac zameran\u00e1 na be\u017en\u00fdch pou\u017e\u00edvate\u013eov WordPress a druh\u00e1 pre WordPress profesion\u00e1lov. Viac inform\u00e1ci\u00ed o pripravovan\u00fdch t\u00e9mach a predn\u00e1\u0161aj\u00facich n\u00e1jdete na str\u00e1nke Sp\u00edkri. V\u0161etky predn\u00e1\u0161ky bud\u00fa zaznamen\u00e1van\u00e9 a uverejnen\u00e9 na WordPress.tv a tu &hellip; <a href=\"https:\/\/slovakia.wordcamp.org\/2013\/program\/\">\u010c\u00edta\u0165 \u010falej <span class=\"screen-reader-text\">Program<\/span>  <span class=\"meta-nav\">&rarr;<\/span><\/a><\/p>\n","protected":false},"author":7606770,"featured_media":0,"parent":0,"menu_order":0,"comment_status":"closed","ping_status":"closed","template":"template-full-width.php","meta":{"jetpack_post_was_ever_published":false,"footnotes":""},"class_list":["post-101","page","type-page","status-publish","hentry"],"jetpack_sharing_enabled":true,"_links":{"self":[{"href":"https:\/\/slovakia.wordcamp.org\/2013\/wp-json\/wp\/v2\/pages\/101","targetHints":{"allow":["GET"]}}],"collection":[{"href":"https:\/\/slovakia.wordcamp.org\/2013\/wp-json\/wp\/v2\/pages"}],"about":[{"href":"https:\/\/slovakia.wordcamp.org\/2013\/wp-json\/wp\/v2\/types\/page"}],"author":[{"embeddable":true,"href":"https:\/\/slovakia.wordcamp.org\/2013\/wp-json\/wp\/v2\/users\/7606770"}],"replies":[{"embeddable":true,"href":"https:\/\/slovakia.wordcamp.org\/2013\/wp-json\/wp\/v2\/comments?post=101"}],"version-history":[{"count":92,"href":"https:\/\/slovakia.wordcamp.org\/2013\/wp-json\/wp\/v2\/pages\/101\/revisions"}],"predecessor-version":[{"id":226230,"href":"https:\/\/slovakia.wordcamp.org\/2013\/wp-json\/wp\/v2\/pages\/101\/revisions\/226230"}],"wp:attachment":[{"href":"https:\/\/slovakia.wordcamp.org\/2013\/wp-json\/wp\/v2\/media?parent=101"}],"curies":[{"name":"wp","href":"https:\/\/api.w.org\/{rel}","templated":true}]}}