{"id":113,"date":"2013-03-08T17:20:19","date_gmt":"2013-03-08T16:20:19","guid":{"rendered":"https:\/\/2013.slovakia.wordcamp.org\/?page_id=113"},"modified":"2013-06-09T13:04:21","modified_gmt":"2013-06-09T12:04:21","slug":"napisali-o-nas","status":"publish","type":"page","link":"https:\/\/slovakia.wordcamp.org\/2013\/napisali-o-nas\/","title":{"rendered":"Nap\u00edsali o n\u00e1s"},"content":{"rendered":"<ul>\n<li><a class=\"remote-title\" href=\"http:\/\/wordpress.bigdrobek.com\/2013\/04\/21\/wordcamp-slovensko-2013\/\" target=\"_blank\">WordCamp Slovensko 2013<\/a><br \/>\n<em>&#8222;V sobotu 20.4.2013 prob\u011bhl v Bratislav\u011b ji\u017e druh\u00fd WordCamp Slovensko. V\u017edy jsem si \u0159\u00edkal, \u017ee bych na takovou akci r\u00e1d vyrazil a n\u011bco nov\u00e9ho se dozv\u011bd\u011bl jinou zaj\u00edmavou cestou.&#8220;<\/em> <span style=\"text-decoration: underline\"><a href=\"http:\/\/wordpress.bigdrobek.com\/\" target=\"_blank\">Bigdrobek<\/a><\/span><\/li>\n<li><a class=\"remote-title\" href=\"http:\/\/www.tak.sk\/mojich-12-hodin-s-wordcampom\/\" target=\"_blank\">Mojich 12 hod\u00edn s WordCampom<\/a><br \/>\n<em>&#8222;Posledn\u00fa sobotu som bol pozrie\u0165 na akcii s n\u00e1zvom WordCamp v Bratislave. V\u00e1hal som do poslednej chv\u00edle, \u010di pr\u00eddem. Bol som v pracovnom sklze a moc by mi pomohlo, ak by som v sobotu pracoval. Nakoniec som ale na akciu vyrazil a u\u017eil si ju naplno.&#8220;<\/em> <span style=\"text-decoration: underline\"><a href=\"http:\/\/www.tak.sk\/\" target=\"_blank\">Tak.sk<\/a><\/span><\/li>\n<li><a class=\"remote-title\" href=\"http:\/\/www.monicqa.sk\/wordpress-blog\/wordcamp-2013-o-wordpresse-ktory-sa-da-vypit\/\" target=\"_blank\">WordCamp 2013: O WordPresse, ktor\u00fd sa d\u00e1 vypi\u0165<\/a><br \/>\n<em>&#8222;Pred rokom sa v \u017diline konal historicky prv\u00fd WordCamp. V undergroundov\u00fdch podmienkach Stanice \u017dilina-Z\u00e1rie\u010die sa stretlo 50 pou\u017e\u00edvate\u013eov WordPressu, aby si vymenili sk\u00fasenosti a nau\u010dili sa nie\u010do nov\u00e9 nielen z tutori\u00e1lov na webe.&#8220;<\/em> <span style=\"text-decoration: underline\"><a href=\"http:\/\/www.monicqa.sk\/\" target=\"_blank\">Monicqa.sk<\/a><\/span><\/li>\n<li><a class=\"remote-title\" href=\"http:\/\/www.jerry.sk\/wordcamp-2013-ako-bolo\/\" target=\"_blank\">WordCamp 2013, ako bolo?<\/a><br \/>\n<em>&#8222;Spolo\u010dnos\u0165 Webinkon , resp. ofici\u00e1lne zast\u00fapenie WordPress na Slovensku v podobe Peter Nem\u010dok &amp; J\u00e1n Bo\u010d\u00ednec maj\u00fa za sebou u\u017e aj predch\u00e1dzaj\u00faci WordCamp 2012, ktor\u00fd tie\u017e dopadol na v\u00fdborn\u00fa, nijako inak to teda nemohlo dopadn\u00fa\u0165 ani tento rok.&#8220;<\/em> <span style=\"text-decoration: underline\"><a href=\"http:\/\/www.jerry.sk\" target=\"_blank\">Jerry.sk<\/a><\/span><\/li>\n<li><a class=\"remote-title\" href=\"http:\/\/blog.pizzaseo.com\/sk\/wordcamp-slovensko-2013\/\" target=\"_blank\">Wordcamp Slovensko 2013<\/a><br \/>\n<em>&#8222;Tento rok sa, na\u0161\u0165astie, znova konal Wordcamp slovensko 2013 organizovan\u00fd lok\u00e1lnou WordPress komunitou. Na\u0161tastie preto, \u017ee sme sa ho minul\u00fd rok, \u017eia\u013e, nemali \u010das z\u00fa\u010dastni\u0165, a tak sme si dali z\u00e1v\u00e4zok, \u017ee ho tento rok ur\u010dite absolvujeme.&#8220;<\/em> <span style=\"text-decoration: underline\"><a href=\"http:\/\/blog.pizzaseo.com\" target=\"_blank\">PizzaSEO.com<\/a><\/span><\/li>\n<li><a class=\"remote-title\" href=\"http:\/\/exot.boo.sk\/blog\/wordcamp-2013-si-udrzal-skvelu-uroven\/\" target=\"_blank\">WordCamp 2013 si udr\u017eal skvel\u00fa \u00farove\u0148<\/a><br \/>\n<em>&#8222;Gratul\u00e1cia chalanom zo slovenskej WordPress komunity \/ Webikonu! Po roku op\u00e4\u0165 zorganizovali skvel\u00fa akciu na vysokej \u00farovni. Miesto a prostredie, \u013eudia, sp\u00edkri, catering, v\u0161etko bolo na minim\u00e1lne takej \u00farovni, ako aj pred rokom.&#8220;<\/em> <span style=\"text-decoration: underline\"><a href=\"https:\/\/twitter.com\/exot\" target=\"_blank\">Vlado &#8222;Exot&#8220; Rejholec<\/a><\/span><\/li>\n<li><a class=\"remote-title\" href=\"http:\/\/alian.info\/2013\/04\/aky-bol-wordcamp-slovakia-2013-foto-tweety-a-postrehy\/\" target=\"_blank\">Ak\u00fd bol WordCamp Slovakia 2013: foto, tweety a postrehy <\/a><br \/>\n<em>&#8222;Na minuloro\u010dn\u00fd a v\u00f4bec prv\u00fd WordCamp konan\u00fd na Slovensku boli ve\u013emi pozit\u00edvne ohlasy, po ak\u00fdch ur\u010dite t\u00fa\u017ei ka\u017ed\u00fd organiz\u00e1tor nejak\u00e9ho eventu. Samozrejme zasl\u00fa\u017eene. A m\u00f4\u017eem poveda\u0165, \u017ee chalanom okolo WP.sk sa to podarilo op\u00e4\u0165.&#8220;<\/em> <span style=\"text-decoration: underline\"><a href=\"https:\/\/twitter.com\/alian\" target=\"_blank\">Fero &#8222;Alian&#8220; Vol\u00e1r<\/a><\/span><\/li>\n<li><a class=\"remote-title\" href=\"http:\/\/www.tvba.sk\/spravy-dnes\/kultura\/content-management-system-prichadza-na-slovensko\/\" target=\"_blank\">Content Management System prich\u00e1dza na Slovensko<\/a><br \/>\n<em>&#8222;Zoskupenie WordPress.org organizuje po celom svete workshopy na pomoc \u013eu\u010fom ako lep\u0161ie a efekt\u00edvnej\u0161ie vu\u017e\u00edva\u0165 WordPress. D\u0148a 20. apr\u00edla sa na Fakulte informatiky a informa\u010dn\u00fdch technol\u00f3gi\u00ed Slovenskej technickej univerzity v Bratislave uskuto\u010dn\u00ed druh\u00fd ro\u010dn\u00edk slovensk\u00e9ho WordCampu.&#8220;<\/em> <span style=\"text-decoration: underline\"><a href=\"http:\/\/www.tvba.sk\/\" target=\"_blank\">TV Bratislava<\/a><\/span><\/li>\n<li><a class=\"remote-title\" href=\"http:\/\/www.podujatie.sk\/novinky\/detail\/celosvetovo-uznavany-content-management-system-prichadza-na-slovensko-uz-20.-aprila-2256.html\" target=\"_blank\">Celosvetovo uzn\u00e1van\u00fd Content Management System prich\u00e1dza na Slovensko u\u017e 20. apr\u00edla<\/a><br \/>\n<em>&#8222;Viac ako 17% internetov\u00fdch str\u00e1nok na svete funguje na WordPresse. Zoskupenie WordPress.org organizuje po celom svete workshopy na pomoc \u013eudom ako lep\u0161ie a efekt\u00edvnej\u0161ie pou\u017e\u00edva\u0165 WordPress.&#8220;<\/em> <span style=\"text-decoration: underline\"><a href=\"http:\/\/www.podujatie.sk\/\" target=\"_blank\">Podujatie.sk<\/a><\/span><\/li>\n<li><a class=\"remote-title\" href=\"http:\/\/www.citylife.sk\/ina-akcia\/wordcamp-2013-bratislava\" target=\"_blank\">WordCamp 2013<\/a><br \/>\n<em>&#8222;20. apr\u00edla 2013 sa uskuto\u010dn\u00ed druh\u00fd ro\u010dn\u00edk slovensk\u00e9ho WordCampu, a to na Fakulte informatiky a informa\u010dn\u00fdch technol\u00f3gi\u00ed STU v Bratislave. Na neform\u00e1lnom stretnut\u00ed sa predstavia slovensk\u00ed top WordPress experti.&#8220;<\/em> <span style=\"text-decoration: underline\"><a href=\"http:\/\/www.citylife.sk\/\" target=\"_blank\">Citylife.sk<\/a><\/span><\/li>\n<li><a class=\"remote-title\" href=\"http:\/\/www.kamdomesta.sk\/bratislava\/kulturne-institucie\/ine\/akcie-v-bratislave\/wordcamp-2013\" target=\"_blank\">WORDCAMP SLOVENSKO 2013<\/a><br \/>\n<em>&#8222;Celosvetovo uzn\u00e1van\u00fd Content Management System prich\u00e1dza na Slovensko u\u017e 20. apr\u00edla.&#8220;<\/em> <span style=\"text-decoration: underline\"><a href=\"http:\/\/www.kamdomesta.sk\/\" target=\"_blank\">Kamdomesta.sk<\/a><\/span><\/li>\n<li><a class=\"remote-title\" href=\"http:\/\/www.jerry.sk\/pridte-na-wordcamp-2013-uz-tuto-sobotu\/\" target=\"_blank\">Pr\u00ed\u010fte na WordCamp 2013, u\u017e t\u00fato sobotu!<\/a><br \/>\n<em>&#8222;Ka\u017ed\u00fd, kto tro\u0161ku pri\u010duchol k tvorbe webu, pod\u013ea m\u0148a vie \u010do je WordPress. Je to svetov\u00e1 \u0161pi\u010dka v tvorbe webov\u00fdch str\u00e1nok, blogov, ale dnes u\u017e aj e-shopov a mnoho in\u00fdch projektov na webe. A t\u00fato sobou sa kon\u00e1 konferencia WordCamp, ktor\u00fa organizuje ofici\u00e1lne zast\u00fapenie WordPressu na Slovensku.&#8220;<\/em> <span style=\"text-decoration: underline\"><a href=\"http:\/\/www.jerry.sk\" target=\"_blank\">Jerry.sk<\/a><\/span><\/li>\n<li><a class=\"remote-title\" href=\"http:\/\/www.hlavnespravy.sk\/v-bratislave-sa-uskutocni-druhy-rocnik-slovenskeho-wordcampu\/89907\/\" target=\"_blank\">V Bratislave sa uskuto\u010dn\u00ed druh\u00fd ro\u010dn\u00edk slovensk\u00e9ho WordCampu<\/a><br \/>\n<em>&#8222;V sobotu 20. apr\u00edla sa v Bratislave uskuto\u010dn\u00ed druh\u00fd ro\u010dn\u00edk slovensk\u00e9ho WordCampu. Ide o otvoren\u00fa konferenciu s panelovou diskusiou zameran\u00fa na zlep\u0161enie a efekt\u00edvnej\u0161ie pou\u017e\u00edvanie redak\u010dn\u00e9ho syst\u00e9mu WordPress.&#8220;<\/em> <span style=\"text-decoration: underline\"><a href=\"http:\/\/www.hlavnespravy.sk\" target=\"_blank\">Hlavn\u00e9Spr\u00e1vy.sk<\/a><\/span><\/li>\n<li><a class=\"remote-title\" href=\"http:\/\/www.sourcecode.sk\/blog\/2013\/03\/wordcamp-2013-v-bratislave\/\" target=\"_blank\">WordCamp 2013 v Bratislave<\/a><br \/>\n<em>&#8222;U\u017e 20.4. sa v Bratislave uskuto\u010dn\u00ed otvoren\u00e1 konferencia zameran\u00e1 na v\u0161etko okolo CMS WordPress.&#8220;<\/em> <span style=\"text-decoration: underline\"><a href=\"http:\/\/www.sourcecode.sk\/\" target=\"_blank\">SourceCode.sk<\/a><\/span><\/li>\n<li><a class=\"remote-title\" href=\"http:\/\/bratislava.sme.sk\/c\/6768273\/v-bratislave-sa-uskutocni-druhy-rocnik-slovenskeho-wordcampu.html\" target=\"_blank\">V Bratislave sa uskuto\u010dn\u00ed druh\u00fd ro\u010dn\u00edk slovensk\u00e9ho WordCampu<\/a><br \/>\n<em>&#8222;Na druhom ro\u010dn\u00edku konferencie WordCamp sa budete m\u00f4c\u0165 nau\u010di\u0165 ako vytvori\u0165 \u00faspe\u0161n\u00fa webstr\u00e1nku \u010di blog.&#8220;<\/em> <span style=\"text-decoration: underline\"><a href=\"http:\/\/bratislava.sme.sk\" target=\"_blank\">SME.sk<\/a><\/span><\/li>\n<li><a class=\"remote-title\" href=\"http:\/\/gregi.net\/clanky\/wordcamp-2013-je-za-dverami\/\" target=\"_blank\">WordCamp 2013 je za dverami<\/a><br \/>\n<em>&#8222;WordCamp je otvoren\u00e1 konferencia zameran\u00e1 na v\u0161etko okolo redak\u010dn\u00e9ho syst\u00e9mu WordPress. Je to neform\u00e1lne stretnutie organizovan\u00e9 lok\u00e1lnou WordPress komunitou, kde sa z pou\u017e\u00edvate\u013eov WordPress st\u00e1vaj\u00fa sp\u00edkri.&#8220;<\/em> <span style=\"text-decoration: underline\"><a href=\"http:\/\/gregi.net\" target=\"_blank\">gregi.net<\/a><\/span><\/li>\n<li><a class=\"remote-title\" href=\"http:\/\/www.onlinepr.sk\/novinky\/konferencia-o-systeme-wordpress-uz-buducu-sobotu-v-bratislave\/\" target=\"_blank\">Konferencia o syst\u00e9me WordPress u\u017e bud\u00facu sobotu v Bratislave<\/a><br \/>\n<em>&#8222;Ke\u010f\u017ee aj na\u0161a str\u00e1nka be\u017e\u00ed na syst\u00e9me WordPress, d\u00e1vame V\u00e1m do povedomia akciu, ktor\u00e1 bude zameran\u00e1 pr\u00e1ve na tento open source n\u00e1stroj na tvorbu str\u00e1nok. Wordcamp sa bude kona\u0165 20.4.2013 v novej budove FIIT v Bratislave.&#8220;<\/em> <span style=\"text-decoration: underline\"><a href=\"http:\/\/www.onlinepr.sk\/author\/admin\/\" target=\"_blank\">Ivan Potan\u010dok<\/a><\/span><\/li>\n<li><a class=\"remote-title\" href=\"http:\/\/www.mojandroid.sk\/2013\/04\/03\/pozvanka-druhy-rocnik-wordcamp-2013\/\" target=\"_blank\">Pozv\u00e1nka: Chyst\u00e1 sa druh\u00fd ro\u010dn\u00edk WordCampu<\/a><br \/>\n<em>&#8222;WordCamp je otvoren\u00e1 konferencia zameran\u00e1 na v\u0161etko okolo redak\u010dn\u00e9ho syst\u00e9mu WordPress. Je to neform\u00e1lne stretnutie organizovan\u00e9 lok\u00e1lnou WordPress komunitou, kde sa z pou\u017e\u00edvate\u013eov WordPress st\u00e1vaj\u00fa predn\u00e1\u0161atelia.&#8220;<\/em> <span style=\"text-decoration: underline\"><a href=\"http:\/\/www.mojandroid.sk\" target=\"_blank\">M\u00f4j Android SK<\/a><\/span><\/li>\n<li><a class=\"remote-title\" href=\"http:\/\/branorac.sk\/wordpressaci-a-wordpressacky-vidime-sa-na-na-wordcampe\/\" target=\"_blank\">WordPress\u00e1ci a WordPress\u00e1\u010dky vid\u00edme sa na Wordcampe<\/a><br \/>\n<em>&#8222;Mysl\u00edm, \u017ee sa v\u0161etci u\u017e\u00edvatelia CMS WordPress na tohto ro\u010dnom Wordcampe maj\u00fa ur\u010dite na \u010do te\u0161i\u0165, a ka\u017ed\u00fd si tam n\u00e1jde to svoje, \u010di u\u017e zau\u00edmav\u00e9 predn\u00e1\u0161ky, alebo priamo v\u00fdmenu sk\u00fasenost\u00ed medzi u\u017e\u00edvate\u013emi.&#8220;<\/em> <span style=\"text-decoration: underline\"><a href=\"https:\/\/twitter.com\/branorac\" target=\"_blank\">Branislav R\u00e1c<\/a><\/span><\/li>\n<li><a class=\"remote-title\" href=\"http:\/\/blog.vibration.sk\/open-source\/wordpress\/vibration-na-wordcamp-slovensko-2013-nebude-chybat\/\" target=\"_blank\">Vibration na WordCamp Slovensko 2013 nebude ch\u00fdba\u0165<\/a><br \/>\n<em>&#8222;Te\u0161\u00edme sa na stretnutie s \u010fal\u0161\u00edmi nad\u0161encami a pou\u017e\u00edvate\u013emi WordPressu. Sn\u00e1\u010f sa n\u00e1m podar\u00ed spopularizova\u0165 WordPress \u010do najviac.&#8220;<\/em> <span style=\"text-decoration: underline\"><a href=\"https:\/\/twitter.com\/ivusko\" target=\"_blank\">Ivan &#8222;Ivu\u0161ko&#8220; Potan\u010dok<\/a><\/span><\/li>\n<li><a class=\"remote-title\" href=\"http:\/\/www.separatista.net\/wordpress\/kratke-zpravy\/slovensky-wordcamp-2013-bude-v-bratislave\" target=\"_blank\">Slovensk\u00fd WordCamp 2013 bude v Bratislav\u011b<\/a><br \/>\n<em>&#8222;Ji\u017e za m\u011bs\u00edc se uskute\u010dn\u00ed druh\u00fd ro\u010dn\u00edk slovensk\u00e9ho WordCampu, co\u017e je v podstat\u011b neform\u00e1ln\u00ed konference zam\u011b\u0159en\u00e1 na WordPress a v\u0161e, co se ho t\u00fdk\u00e1. Tentokr\u00e1t se uskute\u010dn\u00ed 20. dubna 2013 v Bratislav\u011b a \u00fa\u010dastnit se mohou b\u011b\u017en\u00ed u\u017eivatel\u00e9 i profesion\u00e1ln\u00ed v\u00fdvoj\u00e1\u0159i.&#8220;<\/em> <span style=\"text-decoration: underline\"><a href=\"http:\/\/www.separatista.net\/\" target=\"_blank\">Separatista.net<\/a><\/span><\/li>\n<li><a class=\"remote-title\" href=\"http:\/\/www.tak.sk\/wordcamp-v-bratislave\/\" target=\"_blank\">WordCamp v Bratislave. Oplat\u00ed sa pr\u00eds\u0165?<\/a><br \/>\n<em>&#8222;Pre m\u0148a je hlavn\u00e9, \u017ee na predn\u00e1\u0161ke, ktor\u00e1 ma zaujme stretnem \u013eud\u00ed s podobn\u00fdmi z\u00e1ujmami.&#8220;<\/em> <span style=\"text-decoration: underline\"><a href=\"https:\/\/twitter.com\/tomaspolakovic\" target=\"_blank\">Tomas Polakovic<\/a><\/span><\/li>\n<li><a class=\"remote-title\" href=\"http:\/\/www.vandrak.eu\/wordcamp-slovensko-2013\" target=\"_blank\">WordCamp Slovensko 2013<\/a><br \/>\n<em>&#8222;Organiz\u00e1tori v\u00e1s srde\u010dne priv\u00edtaj\u00fa \u010di u\u017e ste pou\u017e\u00edvate\u013e, nad\u0161enec, bloger, developer, alebo Branislav R\u00e1c.&#8220;<\/em> <span style=\"text-decoration: underline\"><a href=\"https:\/\/twitter.com\/vandrak_eu\" target=\"_blank\">Mirko Vandr\u00e1k<\/a><\/span><\/li>\n<li><a class=\"remote-title\" href=\"http:\/\/depi.sk\/2013\/03\/24\/chodte-na-wordcamp-slovensko-2013\/\" target=\"_blank\">Cho\u010fte na WordCamp Slovensko 2013!<\/a><br \/>\n<em>&#8222;Tak\u017ee ak patr\u00edte medzi fan\u00fa\u0161ikov WordPressu a m\u00e1te oproti mne t\u00fa v\u00fdhodu, \u017ee ste na Slovensku tak ur\u010dite: Cho\u010fte na WordCamp Slovensko 2013!&#8220;<\/em> <span style=\"text-decoration: underline\"><a href=\"https:\/\/twitter.com\/#!\/depi\" target=\"_blank\">Erik \u201cDepi\u201d Gyepes<\/a><\/span><\/li>\n<li><a class=\"remote-title\" href=\"http:\/\/exot.boo.sk\/blog\/wordcamp-slovensko-2013-v-aprili-v-bratislave\/\" target=\"_blank\">WordCamp Slovensko 2013 v apr\u00edli v Bratislave<\/a><br \/>\n<em>&#8222;WordPress komunita sa op\u00e4\u0165 hl\u00e1si k slovu. 20.apr\u00edla 2013 sa v priestoroch FIIT STU v Bratislave bude kona\u0165 druh\u00fd ro\u010dn\u00edk WordCampu Slovensko! Ten prv\u00fd bol naozaj skvel\u00fd, ako na tom bude dvojka?&#8220;<\/em> <span style=\"text-decoration: underline\"><a href=\"https:\/\/twitter.com\/exot\" target=\"_blank\">Vlado &#8222;Exot&#8220; Rejholec<\/a><\/span><\/li>\n<li><a class=\"remote-title\" href=\"http:\/\/alian.info\/2013\/03\/wordcamp-slovensko-2013-bude-v-aprili-v-bratislave\/\" target=\"_blank\">WordCamp Slovensko 2013 bude v apr\u00edli v Bratislave<\/a><br \/>\n<em>&#8222;Minuloro\u010dn\u00fd prv\u00fd WordCamp Slovakia bol skvel\u00fd. Doba pokro\u010dila a \u013eudia okolo wp.sk usilovne pracuj\u00fa na ro\u010dn\u00edku 2013. Ten sa zo \u017diliny presunul do hlavn\u00e9ho mesta. U\u017e je zn\u00e1my aj konkr\u00e9tny term\u00edn \u2013 uskuto\u010dn\u00ed 20.4.2013 v Bratislave v priestoroch novej budovy FIIT.&#8220;<\/em> <span style=\"text-decoration: underline\"><a href=\"https:\/\/twitter.com\/alian\" target=\"_blank\">Fero &#8222;Alian&#8220; Vol\u00e1r<\/a><\/span><\/li>\n<\/ul>\n<p>Odkazy na \u010dl\u00e1nky o minuloro\u010dnom WordCamp si m\u00f4\u017ee\u0161 pre\u010d\u00edta\u0165 na str\u00e1nke <a href=\"http:\/\/2012.slovakia.wordcamp.org\/napisali-o-nas\/\" target=\"_blank\">WordCamp Slovensko 2012<\/a>.<\/p>\n","protected":false},"excerpt":{"rendered":"<p>WordCamp Slovensko 2013 &#8222;V sobotu 20.4.2013 prob\u011bhl v Bratislav\u011b ji\u017e druh\u00fd WordCamp Slovensko. V\u017edy jsem si \u0159\u00edkal, \u017ee bych na takovou akci r\u00e1d vyrazil a n\u011bco nov\u00e9ho se dozv\u011bd\u011bl jinou zaj\u00edmavou cestou.&#8220; Bigdrobek Mojich 12 hod\u00edn s WordCampom &#8222;Posledn\u00fa sobotu &hellip; <a href=\"https:\/\/slovakia.wordcamp.org\/2013\/napisali-o-nas\/\">\u010c\u00edta\u0165 \u010falej <span class=\"screen-reader-text\">Nap\u00edsali o n\u00e1s<\/span>  <span class=\"meta-nav\">&rarr;<\/span><\/a><\/p>\n","protected":false},"author":7606770,"featured_media":0,"parent":0,"menu_order":0,"comment_status":"closed","ping_status":"closed","template":"","meta":{"jetpack_post_was_ever_published":false,"footnotes":""},"class_list":["post-113","page","type-page","status-publish","hentry"],"jetpack_sharing_enabled":true,"_links":{"self":[{"href":"https:\/\/slovakia.wordcamp.org\/2013\/wp-json\/wp\/v2\/pages\/113","targetHints":{"allow":["GET"]}}],"collection":[{"href":"https:\/\/slovakia.wordcamp.org\/2013\/wp-json\/wp\/v2\/pages"}],"about":[{"href":"https:\/\/slovakia.wordcamp.org\/2013\/wp-json\/wp\/v2\/types\/page"}],"author":[{"embeddable":true,"href":"https:\/\/slovakia.wordcamp.org\/2013\/wp-json\/wp\/v2\/users\/7606770"}],"replies":[{"embeddable":true,"href":"https:\/\/slovakia.wordcamp.org\/2013\/wp-json\/wp\/v2\/comments?post=113"}],"version-history":[{"count":45,"href":"https:\/\/slovakia.wordcamp.org\/2013\/wp-json\/wp\/v2\/pages\/113\/revisions"}],"predecessor-version":[{"id":1129,"href":"https:\/\/slovakia.wordcamp.org\/2013\/wp-json\/wp\/v2\/pages\/113\/revisions\/1129"}],"wp:attachment":[{"href":"https:\/\/slovakia.wordcamp.org\/2013\/wp-json\/wp\/v2\/media?parent=113"}],"curies":[{"name":"wp","href":"https:\/\/api.w.org\/{rel}","templated":true}]}}