{"id":16,"date":"2013-03-07T13:32:55","date_gmt":"2013-03-07T12:32:55","guid":{"rendered":"https:\/\/2013.slovakia.wordcamp.org\/?page_id=16"},"modified":"2013-04-17T08:26:59","modified_gmt":"2013-04-17T07:26:59","slug":"wordcamp-201","status":"publish","type":"page","link":"https:\/\/slovakia.wordcamp.org\/2013\/","title":{"rendered":"O WordCamp 2013"},"content":{"rendered":"<p>WordCamp je otvoren\u00e1 konferencia zameran\u00e1 na v\u0161etko okolo redak\u010dn\u00e9ho syst\u00e9mu <a href=\"http:\/\/www.wordpress.org\/\">WordPress<\/a>. Je to neform\u00e1lne stretnutie organizovan\u00e9 <a href=\"http:\/\/www.wp.sk\/\">lok\u00e1lnou WordPress komunitou<\/a>, kde sa z pou\u017e\u00edvate\u013eov WordPress st\u00e1vaj\u00fa sp\u00edkri. WordCamp je otvoren\u00fd pre v\u0161etk\u00fdch, od be\u017en\u00fdch pou\u017e\u00edvate\u013eov cez bloggerov a\u017e po hardcore developerov.<br \/>\nTo, \u010do v\u0161etk\u00fdch sp\u00e1ja, je l\u00e1ska k WordPress.<\/p>\n<p>WordPress je open source publika\u010dn\u00fd syst\u00e9m pre webstr\u00e1nky a blogy, ktor\u00fd sa aj v\u010faka jeho jednoduchosti, univerz\u00e1lnosti vyu\u017eitia a\u00a0komunite stal\u00a0najpou\u017e\u00edvanej\u0161\u00edm CMS (Content Management System) nielen vo svete ale u\u017e aj na Slovensku.<\/p>\n<p>Druh\u00fd ro\u010dn\u00edk slovensk\u00e9ho WordCampu sa bude nies\u0165 v my\u0161lienke \u201c<strong>WordPress ako multifunk\u010dn\u00fd n\u00e1stroj pre tvorbu webu<\/strong>\u201c. V\u00edtan\u00fd je ka\u017ed\u00fd, kto m\u00e1 nejak\u00e9 sk\u00fasenosti s WordPress a r\u00e1d by sa o ne podelil, \u010di u\u017e ich prezent\u00e1ciou (showcase) alebo v diskusii.<\/p>\n<p><em>D\u00e1tum:<\/em> <strong>20. apr\u00edl 2013<\/strong> (sobota)<\/p>\n<p><em>Miesto:<\/em> <strong>FIIT STU Bratislava<\/strong> (<a href=\"https:\/\/maps.google.com\/maps?hl=sk&amp;ll=48.151858,17.073355&amp;spn=0.010107,0.022638&amp;t=m&amp;z=16\">mapa<\/a>) &#8211; <a href=\"https:\/\/2013.slovakia.wordcamp.org\/novinky\/ako-sa-na-wordcamp-2013-v-bratislave-dostat\/\" title=\"Ako sa na WordCamp 2013 v Bratislave dosta\u0165?\">Ako sa tam dostanem?<\/a><\/p>\n<p><em>Po\u010det \u00fa\u010dastn\u00edkov:<\/em> 120<\/p>\n<p><em>Registra\u010dn\u00fd poplatok:<\/em> 10\u20ac (<a href=\"https:\/\/2013.slovakia.wordcamp.org\/novinky\/registracia-spustena\/\">\u010do je v cene?<\/a>)<\/p>\n<p><em>Deadline pre registr\u00e1ciu:<\/em> 18.4.2013 (\u0161tvrtok)<\/p>\n<p><strong>WordCamp t\u00edm:<\/strong><br \/>\n<a href=\"https:\/\/twitter.com\/#!\/peternemcok\" target=\"_blank\">Peter Nem\u010dok<\/a><br \/>\n<a href=\"https:\/\/twitter.com\/#!\/johnnypea\" target=\"_blank\">J\u00e1n Bo\u010d\u00ednec<\/a><br \/>\nIvan Potan\u010dok<br \/>\n\u013dubom\u00edr Hnat<br \/>\nJ\u00e1n Faj\u010d\u00e1k<\/p>\n<p>Ofici\u00e1lny fotograf akcie <a href=\"http:\/\/lc.imagerelated.com\/blog\/\" target=\"_blank\">Luk\u00e1\u0161 \u010cerman<\/a><\/p>\n","protected":false},"excerpt":{"rendered":"<p>WordCamp je otvoren\u00e1 konferencia zameran\u00e1 na v\u0161etko okolo redak\u010dn\u00e9ho syst\u00e9mu WordPress. Je to neform\u00e1lne stretnutie organizovan\u00e9 lok\u00e1lnou WordPress komunitou, kde sa z pou\u017e\u00edvate\u013eov WordPress st\u00e1vaj\u00fa sp\u00edkri. WordCamp je otvoren\u00fd pre v\u0161etk\u00fdch, od be\u017en\u00fdch pou\u017e\u00edvate\u013eov cez bloggerov a\u017e po hardcore developerov. &hellip; <a href=\"https:\/\/slovakia.wordcamp.org\/2013\/\">\u010c\u00edta\u0165 \u010falej <span class=\"screen-reader-text\">O WordCamp 2013<\/span>  <span class=\"meta-nav\">&rarr;<\/span><\/a><\/p>\n","protected":false},"author":461175,"featured_media":0,"parent":0,"menu_order":0,"comment_status":"closed","ping_status":"open","template":"","meta":{"jetpack_post_was_ever_published":false,"footnotes":""},"class_list":["post-16","page","type-page","status-publish","hentry"],"jetpack_sharing_enabled":true,"_links":{"self":[{"href":"https:\/\/slovakia.wordcamp.org\/2013\/wp-json\/wp\/v2\/pages\/16","targetHints":{"allow":["GET"]}}],"collection":[{"href":"https:\/\/slovakia.wordcamp.org\/2013\/wp-json\/wp\/v2\/pages"}],"about":[{"href":"https:\/\/slovakia.wordcamp.org\/2013\/wp-json\/wp\/v2\/types\/page"}],"author":[{"embeddable":true,"href":"https:\/\/slovakia.wordcamp.org\/2013\/wp-json\/wp\/v2\/users\/461175"}],"replies":[{"embeddable":true,"href":"https:\/\/slovakia.wordcamp.org\/2013\/wp-json\/wp\/v2\/comments?post=16"}],"version-history":[{"count":28,"href":"https:\/\/slovakia.wordcamp.org\/2013\/wp-json\/wp\/v2\/pages\/16\/revisions"}],"predecessor-version":[{"id":975,"href":"https:\/\/slovakia.wordcamp.org\/2013\/wp-json\/wp\/v2\/pages\/16\/revisions\/975"}],"wp:attachment":[{"href":"https:\/\/slovakia.wordcamp.org\/2013\/wp-json\/wp\/v2\/media?parent=16"}],"curies":[{"name":"wp","href":"https:\/\/api.w.org\/{rel}","templated":true}]}}