{"id":45,"date":"2013-03-08T15:00:22","date_gmt":"2013-03-08T14:00:22","guid":{"rendered":"https:\/\/2013.slovakia.wordcamp.org\/?page_id=45"},"modified":"2013-08-29T10:48:56","modified_gmt":"2013-08-29T09:48:56","slug":"spikri","status":"publish","type":"page","link":"https:\/\/slovakia.wordcamp.org\/2013\/spikri\/","title":{"rendered":"Sp\u00edkri"},"content":{"rendered":"<p>Pode\u013e sa aj ty so svojimi sk\u00fasenos\u0165ami s WordPress. <a title=\"Kontakt\" href=\"https:\/\/2013.slovakia.wordcamp.org\/kontakt\/\">Nap\u00ed\u0161 n\u00e1m<\/a> kr\u00e1tke info o tebe a o oblasti, o ktorej bude\u0161 rozpr\u00e1va\u0165. Sp\u00edkri maj\u00fa samozrejme vstup na WordCamp zdarma.<\/p>\n<hr \/>\n<h2>Monika Zb\u00ednov\u00e1<\/h2>\n<p><strong>Blogujeme na WordPresse<\/strong><br \/>\n<em>\u201ePre\u010do blogy h\u00fdbu svetom? Ak prem\u00fd\u0161\u013eate o rozbehnut\u00ed alebo znovunakopnut\u00ed vlastn\u00e9ho blogu, WordPress je na blogovanie ide\u00e1lna platforma! U\u017eito\u010dn\u00fd n\u00e1vod od spustenia blogu cez v\u00fdber grafickej t\u00e9my a\u017e po drobn\u00e9 vylep\u0161ov\u00e1ky.\u201c<\/em><\/p>\n<p><img loading=\"lazy\" decoding=\"async\" class=\"alignleft size-full wp-image-229\" alt=\"Monika-Zbinova\" src=\"https:\/\/2013.slovakia.wordcamp.org\/files\/2013\/03\/Monika-Zbinova.jpg\" width=\"120\" height=\"120\" \/><a title=\"Monika Zb\u00ednov\u00e1\" href=\"http:\/\/www.monicqa.sk\/\" target=\"_blank\">Monika Zb\u00ednov\u00e1<\/a> jazykov\u00e1 korektorka, copywriterka a vydavate\u013eka kn\u00edh &#8211; zakladate\u013eka projektov \u010cerven\u00e9 pero, Kreat\u00edvne pero a P\u00edsacie pero. Nepracuje pre \u013eud\u00ed, ale s \u013eu\u010fmi. Venuje sa len tomu, \u010do ju zaujme a \u010domu ver\u00ed. Vo svojom vo\u013enom \u010dase bloguje a vedie komunitn\u00e9 port\u00e1ly E-bookie a Milujeme sloven\u010dinu. Okrem kn\u00edh s\u00fa jej l\u00e1skou soci\u00e1lne m\u00e9di\u00e1 a nov\u00e9 technol\u00f3gie.<\/p>\n<hr \/>\n<h2>Alec Kinnear<\/h2>\n<p><strong>SEO and WordPress. How WordPress can help you get to the top of Google, step by step.<\/strong><\/p>\n<p><img loading=\"lazy\" decoding=\"async\" src=\"https:\/\/2013.slovakia.wordcamp.org\/files\/2013\/03\/Alec-Kinnear.jpg\" alt=\"Alec Kinnear\" width=\"120\" height=\"120\" class=\"alignleft size-full wp-image-865\" \/>Alec, creative director of Foliovison, s.r.o. has been helping businesses succeed online since 2000. Alec is an SEM expert with a background in advertising, as a former Head of Television for Grey Moscow and Senior Television Producer for Bates, Saatchi and Saatchi Russia. Alec maintains a photography and culture weblog at <a href=\"http:\/\/uncoy.com\/\">uncoy.com<\/a>. His dance film <a href=\"http:\/\/decadencefilms.com\/lapinthrope\/\">Lapinthrope<\/a> won prizes around the world. Alec holds an Honours B.A. from Trinity College at the University of Toronto in Modern Languages and Literature.<\/p>\n<hr \/>\n<h2>Vladim\u00edr Rejholec<\/h2>\n<p><strong>Tipy pre WordPress MFA \/ affiliate site<\/strong><br \/>\n<em>\u201eAko vybudova\u0165 \u00faspe\u0161n\u00fd obsahov\u00fd web monetizovan\u00fd pomocou PPC \u010di affiliate, \u010do je d\u00f4le\u017eit\u00e9, \u010do je menej d\u00f4le\u017eit\u00e9 a ak\u00e9 v\u00fdhody tu pon\u00faka platforma WordPress.\u201c<\/em><\/p>\n<p><img loading=\"lazy\" decoding=\"async\" class=\"alignleft size-full wp-image-231\" alt=\"Vladimir-Rejholec\" src=\"https:\/\/2013.slovakia.wordcamp.org\/files\/2013\/03\/Vladimir-Rejholec.png\" width=\"120\" height=\"120\" \/>Vladim\u00edr Rejholec je dlhoro\u010dn\u00fd <a title=\"Vladim\u00edr Rejholec\" href=\"http:\/\/exot.boo.sk\/blog\/\" target=\"_blank\">bloger<\/a>, ve\u013ek\u00fd fan\u00fa\u0161ik filmov, seri\u00e1lov a Formuly 1. Vlastn\u00edk mno\u017estva obsahov\u00fdch webov postaven\u00fdch takmer v\u00fdlu\u010dne na WordPress, nad\u0161enec do monetiz\u00e1cie internetov\u00fdch str\u00e1nok a SEO teoretik.<\/p>\n<hr \/>\n<h2>Peter \u0160ebo<\/h2>\n<p><strong>Ok, m\u00e1m web&#8230; A \u010do teraz?<\/strong><br \/>\n<em>\u201eZ\u00e1kladn\u00e9 n\u00e1stroje propag\u00e1cie skvel\u00fdch webov (nielen) na WordPress cez v\u0161etky tie Fejsb\u00faky, G\u00fagle + in\u00e9 mo\u017enosti (okrem Google+ :))\u201c<\/em><\/p>\n<p><img loading=\"lazy\" decoding=\"async\" class=\"alignleft size-full wp-image-233\" alt=\"Peter-Sebo\" src=\"https:\/\/2013.slovakia.wordcamp.org\/files\/2013\/03\/Peter-Sebo.png\" width=\"120\" height=\"120\" \/>Peter \u0160ebo \u0161tudoval na Ekonomickej univerzite v Bratislave, \u0161pecializ\u00e1cia Ekonomick\u00e9 te\u00f3rie a \u017eurnalistika. 4 roky p\u00f4sobil ako odborn\u00fd redaktor pre digit\u00e1lny marketing v \u0161pecializovanom mesa\u010dn\u00edku Strat\u00e9gie. Je autor a spoluautor viacer\u00fdch konferenci\u00ed (napr. Internet je sexy; prvej konferencie o mobilnom marketingu na Slovensku MMMMX \u2013 Mobiln\u00fd marketing, MobileRulezz, InternetRulezz \u2013 All about Facebook&#8230;). Je tie\u017e spoluorganiz\u00e1tor n\u00e1rodnej s\u00fa\u0165a\u017ee mobiln\u00fdch aplik\u00e1ci\u00ed v SR \u2013 AppsRulezz, \u010di s\u00fa\u0165a\u017ee marketingov\u00fdch Facebook rie\u0161en\u00ed &#8211; FbRulezz a pod. Pravidelne prezentuje na slovensk\u00fdch konferenci\u00e1ch, semin\u00e1roch \u010di \u0161kol\u00e1ch a univerzit\u00e1ch. Spolupracuje s najv\u00e4\u010d\u0161\u00edmi slovensk\u00fdmi internetov\u00fdmi port\u00e1lmi, reklamn\u00fdmi agent\u00farami, digit\u00e1lnymi agent\u00farami, PR agent\u00farami a men\u0161\u00edmi \u010di v\u00e4\u010d\u0161\u00edmi klientmi. Je \u010dlenom spr\u00e1vnej rady Internet Advertising Bureau Slovakia (IAB SR).<\/p>\n<hr \/>\n<h2>Pavol Magic<\/h2>\n<p><strong>The Good, The Bad &amp; The Ugly<\/strong><\/p>\n<p><img loading=\"lazy\" decoding=\"async\" class=\"alignleft size-full wp-image-236\" alt=\"Pavol-Magic\" src=\"https:\/\/2013.slovakia.wordcamp.org\/files\/2013\/03\/Pavol-Magic.jpg\" width=\"120\" height=\"120\" \/>Pavol Magic pracuje ako produktov\u00fd mana\u017e\u00e9r pre Sygic. Takisto je prezidentom ADMA \u2013 Asoci\u00e1cie digit\u00e1lnych marketingov\u00fdch agent\u00far.<br \/>\nPracoval pre Etarget ako Head of Communications pre v\u0161etk\u00fdch 9 kraj\u00edn, v ktor\u00fdch firma p\u00f4sob\u00ed. Predt\u00fdm bol v PR agent\u00fare Seesame, organiz\u00e1cii AIESEC, spolo\u010dnosti Dell a \u010fal\u0161\u00edch. Medzi jeho klientov patrili firmy ako Motorola, Dell, Siemens, BenQ Mobile, Heineken Slovensko (zna\u010dky Corgo\u0148, Zlat\u00fd ba\u017eant, Kelt, Heineken), Henkel, a mnoho \u010fal\u0161\u00edch.<\/p>\n<hr \/>\n<h2>Michala Lipkov\u00e1<\/h2>\n<p><strong>Approaching Responsive Design. The creative and the technical challenges.<\/strong><\/p>\n<p><img loading=\"lazy\" decoding=\"async\" src=\"https:\/\/2013.slovakia.wordcamp.org\/files\/2013\/03\/Michala-Lipkova.jpg\" alt=\"Michala-Lipkova\" width=\"120\" height=\"120\" class=\"alignleft size-full wp-image-866\" \/>Webdizajn\u00e9rka Michala je rod\u00e1\u010dkou zo Skalice. V minulom roku absolvovala magistersk\u00e9 \u0161t\u00fadium v odbore dizajn na Slovenskej technickej univerzite a teraz pokra\u010duje na doktorandskom \u0161t\u00fadiu. Michala  bola na st\u00e1\u017ei v \u0160kode Dizajn a \u0161tudovala na Syddansk Universitet v D\u00e1nsku. Michala rada cestuje, dokonca aj do exotick\u00e9ho Japonska. M\u00e1 rada technol\u00f3gie a v\u00fdborne vych\u00e1dza s program\u00e1tormi.<\/p>\n<hr \/>\n<h2>Peter Baran<\/h2>\n<p><strong>Optimaliz\u00e1cia WordPressu pre r\u00fdchlos\u0165<\/strong><br \/>\n<em>\u201eUdr\u017eiavanie svi\u017enosti WordPresovej str\u00e1nky. \u010co v\u0161etko vpl\u00fdva na jej r\u00fdchlos\u0165.  Udr\u017eiavanie \u010distoty a efekt\u00edvnosti datab\u00e1zy.\u201c<\/em><\/p>\n<p><img loading=\"lazy\" decoding=\"async\" src=\"https:\/\/2013.slovakia.wordcamp.org\/files\/2013\/03\/Peter_Baran.jpg\" alt=\"Peter_Baran\" width=\"120\" height=\"120\" class=\"alignleft size-full wp-image-852\" \/>Peter Baran senior program\u00e1tor spolo\u010dnosti <a href=\"http:\/\/foliovision.com\">Foliovision, s.r.o.<\/a> U\u017e 5. rok sa venuje v\u00fdvoju aplik\u00e1ci\u00ed pre Web a WordPress. Jeho prec\u00edznos\u0165 ho vedie k tvorbe efekt\u00edvnych a minimalistick\u00fdch rie\u0161en\u00ed pre spokojnos\u0165 najm\u00e4 zahrani\u010dn\u00fdch klientov. Je fan\u00fa\u0161ikom open sourcu a jeho filozofie.<\/p>\n<hr \/>\n<h2>J\u00e1n Bo\u010d\u00ednec<\/h2>\n<p><strong>Frameworky, Pods a skryt\u00e1 sila WordPress<\/strong><br \/>\n<em>\u201eV\u00fdvoj komplexn\u00fdch WordPress rie\u0161en\u00ed r\u00fdchlo a prec\u00edzne. Ako vy\u017em\u00fdka\u0165 z va\u0161ej WordPress aplik\u00e1cie maximum a stava\u0165 na pevn\u00fdch z\u00e1kladoch.\u201c<\/em><\/p>\n<p><img loading=\"lazy\" decoding=\"async\" src=\"https:\/\/2013.slovakia.wordcamp.org\/files\/2013\/03\/Jan-Bocinec.png\" alt=\"J\u00e1n Bo\u010d\u00ednec\" width=\"120\" height=\"120\" class=\"alignleft size-full wp-image-444\" \/>Slovensk\u00fd WordPress guru a neskrotn\u00fd <a href=\"http:\/\/johnnypea.wp.sk\/\">web developer<\/a> p\u00f4sobiaci v slobodnej firme <a href=\"http:\/\/www.webikon.sk\/\">Webikon<\/a> ako senior program\u00e1tor. Z jeho v\u00e1\u0161ne pre tento redak\u010dn\u00fd syst\u00e9m sa postupom \u010dasu naakumulovalo neskuto\u010dn\u00e9 mno\u017estvo know-how, o ktor\u00e9 sa r\u00e1d podel\u00ed na <a href=\"http:\/\/wp.sk\/forum\/\">f\u00f3re<\/a>, v <a href=\"http:\/\/wp.sk\">\u010dl\u00e1nkoch<\/a> alebo priamo pred va\u0161imi zrakmi. Ve\u013emi dobre ch\u00e1pe, \u017ee k open source a WordPress neoddelite\u013ene patr\u00ed \u017eiv\u00e1 interakt\u00edvna komunita, a preto spolu s kolegami venuje svoj vo\u013en\u00fd \u010das aj organiz\u00e1cii WordCampu a podobn\u00fdch stretnut\u00ed.<\/p>\n<hr \/>\n<h2>Peter Nem\u010dok<\/h2>\n<p><strong>2013 &#8211; Rok, v ktorom sa WordPress stal jednotkou u\u017e aj na Slovensku<\/strong><br \/>\n<em>\u201eS\u00fa\u010dasn\u00fd stav pou\u017e\u00edvania WordPress na Slovensku. Novinky z komunity WordPress Slovensko a pl\u00e1ny do bud\u00facnosti.\u201c<\/em><\/p>\n<p><img loading=\"lazy\" decoding=\"async\" src=\"https:\/\/2013.slovakia.wordcamp.org\/files\/2013\/03\/peternemcok1.jpg\" alt=\"peter nemcok\" width=\"120\" height=\"120\" class=\"alignleft size-full wp-image-468\" \/>Zakladate\u013e komunitn\u00e9ho port\u00e1lu WordPress Slovensko (<a href=\"http:\/\/wp.sk\">WP.sk<\/a>) a CEO vo webdesign spolo\u010dnosti Webikon. S WordPress pracuje od roku 2007 a v\u010faka svojej jednoduchosti a preh\u013eadnosti mu prir\u00e1stol k srdcu. Okrem prekladania WordPress do sloven\u010diny sa venuje poskytovaniu konzult\u00e1ci\u00ed z oblast\u00ed bl\u00edzkych WordPress a organizuje WordCamp Slovensko &#8211; slovensk\u00fa (ne)konferenciu o WordPress.<\/p>\n<hr \/>\n<h2>Michal Kopeck\u00fd<\/h2>\n<p><strong>Perfektn\u00fd \u010dl\u00e1nok<\/strong><br \/>\n<em>\u201eAko by mala vyzera\u0165 \u0161trukt\u00fara, form\u00e1tovanie a obsah \u010dl\u00e1nku, aby \u013eudia radi va\u0161e \u010dl\u00e1nky \u010d\u00edtali, pre\u010d\u00edtali ich do konca a spravili to, \u010do od nich v \u010dl\u00e1nku po\u017eadujete?\u201c<\/em><\/p>\n<p><img loading=\"lazy\" decoding=\"async\" src=\"https:\/\/2013.slovakia.wordcamp.org\/files\/2013\/04\/michal-kopecky.png\" alt=\"Michal Kopeck\u00fd\" width=\"120\" height=\"120\" class=\"alignleft size-full wp-image-689\" \/>Zakladate\u013e najpopul\u00e1rnej\u0161ieho slovensk\u00e9ho blogu o zv\u00e1dzan\u00ed a vz\u0165ahoch <a href=\"http:\/\/akozbalit.sk\/\" target=\"_blank\">akozbalit.sk<\/a>, nad\u0161enec wordpressu, info podnikate\u013e a online market\u00e9r. Vo svojom vo\u013enom \u010dase bloguje, vytv\u00e1ra predajn\u00e9 syst\u00e9my a produkty, ktor\u00e9 pred\u00e1va prostredn\u00edctvom email marketingu.<\/p>\n<hr \/>\n<h2>Ing.Ivan Potan\u010dok<\/h2>\n<p><strong>Tvorba eshopov a zlo\u017eitej\u0161\u00edch aplik\u00e1cii na WordPress<\/strong><br \/>\n<em>\u201eSk\u00fasenosti s tvorbou eshopov vo wordpress za pomoci WooCommerce. Obmedzenia tak\u00e9hoto rie\u0161enia, moduly, ktor\u00e9 sa hodia, platobn\u00e9 moduly.\u201c<\/em><\/p>\n<p><img loading=\"lazy\" decoding=\"async\" src=\"https:\/\/2013.slovakia.wordcamp.org\/files\/2013\/03\/ivan-potancok.jpg\" alt=\"ing.Ivan Potan\u010dok\" width=\"120\" height=\"120\" class=\"alignleft size-full wp-image-757\" \/>Zakladate\u013e a riadite\u013e digit\u00e1lnej agent\u00fary <a href=\"http:\/\/vibration.sk\" title=\"tvorba eshopov, webov\u00e9 aplik\u00e1cie\" target=\"_blank\">vibration.sk<\/a>, ktor\u00e1 sa zaober\u00e1 tvorbou eshopov, weobv\u00fdch aplik\u00e1cii, webdizajnom a internetov\u00fdm marketingom. Webdizajnom sa zaober\u00e1 u\u017e 13 rokov. Vy\u0161tudoval informa\u010dn\u00e9 syst\u00e9my na FIIT STUBA.<\/p>\n<hr \/>\n<h2>M\u00e1ria Jellu\u0161ov\u00e1<\/h2>\n<p><strong>Projektov\u00fd mana\u017ement pri tvorbe webov<\/strong><br \/>\n<em>\u201eAko mana\u017e\u00e9r projektu m\u00f4\u017ee urobi\u0165 \u0161\u0165astn\u00fdm klienta a z\u00e1rove\u0148 aj seba sam\u00e9ho.\u201c<\/em><\/p>\n<p><img loading=\"lazy\" decoding=\"async\" src=\"https:\/\/2013.slovakia.wordcamp.org\/files\/2013\/04\/maria-jellusova.jpg\" alt=\"M\u00e1ria Jellu\u0161ov\u00e1\" width=\"120\" height=\"120\" class=\"alignleft size-full\" \/>M\u00e1ria, ako hovor\u00ed jej ob\u013e\u00faben\u00fd autor komixov, &#8222;poch\u00e1dza z internetu&#8220;. \u0160tudovala mana\u017ement na UK a u\u017e od \u0161kolsk\u00fdch \u010dias nebola offline. Presk\u00e1kala si u\u017e ve\u013ea webov\u00fdch t\u00edmov a aktu\u00e1lne pracuje pre InterWay. Cez jej ruky pre\u0161li desiatky webov od mal\u00fdch blogov, cez klasick\u00e9 korpor\u00e1tne weby a\u017e po jeden z top 10 najsledovanej\u0161\u00edch webov na Slovensku.<\/p>\n","protected":false},"excerpt":{"rendered":"<p>Pode\u013e sa aj ty so svojimi sk\u00fasenos\u0165ami s WordPress. Nap\u00ed\u0161 n\u00e1m kr\u00e1tke info o tebe a o oblasti, o ktorej bude\u0161 rozpr\u00e1va\u0165. Sp\u00edkri maj\u00fa samozrejme vstup na WordCamp zdarma. Monika Zb\u00ednov\u00e1 Blogujeme na WordPresse \u201ePre\u010do blogy h\u00fdbu svetom? Ak prem\u00fd\u0161\u013eate &hellip; <a href=\"https:\/\/slovakia.wordcamp.org\/2013\/spikri\/\">\u010c\u00edta\u0165 \u010falej <span class=\"screen-reader-text\">Sp\u00edkri<\/span>  <span class=\"meta-nav\">&rarr;<\/span><\/a><\/p>\n","protected":false},"author":7606770,"featured_media":0,"parent":0,"menu_order":0,"comment_status":"closed","ping_status":"closed","template":"","meta":{"jetpack_post_was_ever_published":false,"footnotes":""},"class_list":["post-45","page","type-page","status-publish","hentry"],"jetpack_sharing_enabled":true,"_links":{"self":[{"href":"https:\/\/slovakia.wordcamp.org\/2013\/wp-json\/wp\/v2\/pages\/45","targetHints":{"allow":["GET"]}}],"collection":[{"href":"https:\/\/slovakia.wordcamp.org\/2013\/wp-json\/wp\/v2\/pages"}],"about":[{"href":"https:\/\/slovakia.wordcamp.org\/2013\/wp-json\/wp\/v2\/types\/page"}],"author":[{"embeddable":true,"href":"https:\/\/slovakia.wordcamp.org\/2013\/wp-json\/wp\/v2\/users\/7606770"}],"replies":[{"embeddable":true,"href":"https:\/\/slovakia.wordcamp.org\/2013\/wp-json\/wp\/v2\/comments?post=45"}],"version-history":[{"count":73,"href":"https:\/\/slovakia.wordcamp.org\/2013\/wp-json\/wp\/v2\/pages\/45\/revisions"}],"predecessor-version":[{"id":122,"href":"https:\/\/slovakia.wordcamp.org\/2013\/wp-json\/wp\/v2\/pages\/45\/revisions\/122"}],"wp:attachment":[{"href":"https:\/\/slovakia.wordcamp.org\/2013\/wp-json\/wp\/v2\/media?parent=45"}],"curies":[{"name":"wp","href":"https:\/\/api.w.org\/{rel}","templated":true}]}}