{"id":84,"date":"2013-03-08T16:05:20","date_gmt":"2013-03-08T15:05:20","guid":{"rendered":"https:\/\/2013.slovakia.wordcamp.org\/?page_id=84"},"modified":"2013-04-10T15:58:57","modified_gmt":"2013-04-10T14:58:57","slug":"partneri","status":"publish","type":"page","link":"https:\/\/slovakia.wordcamp.org\/2013\/partneri\/","title":{"rendered":"Partneri"},"content":{"rendered":"<p>Chcete aj vy patri\u0165 medzi partnerov WordCamp Slovensko 2013? <a title=\"Kontakt\" href=\"https:\/\/2013.slovakia.wordcamp.org\/kontakt\/\" rel=\"nofollow\">Nap\u00ed\u0161te n\u00e1m.<br \/>\n<\/a><a href=\"https:\/\/2013.slovakia.wordcamp.org\/files\/2013\/03\/PresponzorovWordCamp2013_SK.pdf\" rel=\"nofollow\">Inform\u00e1cie pre sponzorov a partnerov [SK]<\/a>,\u00a0<a href=\"https:\/\/2013.slovakia.wordcamp.org\/files\/2013\/03\/SponsorsWordCamp2013_EN.pdf\" rel=\"nofollow\">Information for sponsors and partners [EN]<\/a><br \/>\n\n\t\t<div class=\"sponsors\">\n\t\t\t\t\t\t\t\n\t\t\t\t<div class=\"sponsor-level platinum\">\n\t\t\t\t\t<h2 class=\"sponsor-level-title\">\n\t\t\t\t\t\tPlatinum\t\t\t\t\t<\/h2>\n\n\t\t\t\t\t\n\t\t\t\t\t<div id=\"post-395\" class=\"sponsor post-395 wcb_sponsor type-wcb_sponsor status-publish has-post-thumbnail hentry wcb_sponsor_level-platinum\" >\n\t\t\t\t\t\t<h3 class=\"entry-title sponsor-title\">\n\t\t\t\t\t\t\t<a href=\"https:\/\/slovakia.wordcamp.org\/2013\/sponsor\/code-poet\/\">\n\t\t\t\t\t\t\t\t<img loading=\"lazy\" decoding=\"async\" width=\"300\" height=\"92\" src=\"https:\/\/slovakia.wordcamp.org\/2013\/files\/2013\/03\/codepoet-logo.png\" class=\"attachment-post-thumbnail size-post-thumbnail wp-post-image\" alt=\"\" \/>\t\t\t\t\t\t\t<\/a>\n\t\t\t\t\t\t<\/h3>\n\n\t\t\t\t\t\t<div class=\"entry-content sponsor-description\">\n\t\t\t\t\t\t\t<p>If you use WordPress to build things for other people, we want to make your life easier. No matter whether you freelance on a solo basis, lead a small web shop, make plugins in a dark closet, or crack the whip at a large design firm, our aim is to become your go-to source of information and resources to help you expand your WordPress skills and know-how. To make you better at what you do. To make it easier to make your living and look great doing it.<\/p>\n<p>You&#8217;re part of a tribe of WordPress designers and developers over 10,000 strong, spanning the entire globe. <a target=\"_blank\" href=\"http:\/\/codepoet.com\/\" rel=\"nofollow\">CodePoet.com<\/a> aims to bring the working knowledge and real world strategies of those people into one place, for you tap into.<\/p>\n\t\t\t\t\t\t<\/div>\n\t\t\t\t\t<\/div>\n\n\t\t\t\t\t\n\t\t\t\t<\/div>\n\t\t\t\t\t\t\t\n\t\t\t\t<div class=\"sponsor-level champion\">\n\t\t\t\t\t<h2 class=\"sponsor-level-title\">\n\t\t\t\t\t\tChampion\t\t\t\t\t<\/h2>\n\n\t\t\t\t\t\n\t\t\t\t\t<div id=\"post-580\" class=\"sponsor post-580 wcb_sponsor type-wcb_sponsor status-publish has-post-thumbnail hentry wcb_sponsor_level-champion\" >\n\t\t\t\t\t\t<h3 class=\"entry-title sponsor-title\">\n\t\t\t\t\t\t\t<a href=\"https:\/\/slovakia.wordcamp.org\/2013\/sponsor\/bluehost\/\">\n\t\t\t\t\t\t\t\t<img loading=\"lazy\" decoding=\"async\" width=\"300\" height=\"77\" src=\"https:\/\/slovakia.wordcamp.org\/2013\/files\/2013\/04\/bluehost-logo.gif\" class=\"attachment-post-thumbnail size-post-thumbnail wp-post-image\" alt=\"\" \/>\t\t\t\t\t\t\t<\/a>\n\t\t\t\t\t\t<\/h3>\n\n\t\t\t\t\t\t<div class=\"entry-content sponsor-description\">\n\t\t\t\t\t\t\t<p><a href=\"http:\/\/www.bluehost.com\/\" title=\"Bluehost.com\" rel=\"nofollow\">Bluehost<\/a> has been providing quality web hosting solutions to businesses and individuals since 1996. Their goal is to provide outstanding services for the best possible price. To achieve these goals they&#8217;re constantly innovating and upgrading their services at no additional cost to their customers. Join the millions of other website owners that have already chosen Bluehost and see how they can help you with your site.<\/p>\n\t\t\t\t\t\t<\/div>\n\t\t\t\t\t<\/div>\n\n\t\t\t\t\t\n\t\t\t\t<\/div>\n\t\t\t\t\t\t\t\n\t\t\t\t<div class=\"sponsor-level gold\">\n\t\t\t\t\t<h2 class=\"sponsor-level-title\">\n\t\t\t\t\t\tGold\t\t\t\t\t<\/h2>\n\n\t\t\t\t\t\n\t\t\t\t\t<div id=\"post-611\" class=\"sponsor post-611 wcb_sponsor type-wcb_sponsor status-publish has-post-thumbnail hentry wcb_sponsor_level-gold\" >\n\t\t\t\t\t\t<h3 class=\"entry-title sponsor-title\">\n\t\t\t\t\t\t\t<a href=\"https:\/\/slovakia.wordcamp.org\/2013\/sponsor\/foliovision\/\">\n\t\t\t\t\t\t\t\t<img loading=\"lazy\" decoding=\"async\" width=\"300\" height=\"93\" src=\"https:\/\/slovakia.wordcamp.org\/2013\/files\/2013\/04\/foliovision-logo.png\" class=\"attachment-post-thumbnail size-post-thumbnail wp-post-image\" alt=\"\" \/>\t\t\t\t\t\t\t<\/a>\n\t\t\t\t\t\t<\/h3>\n\n\t\t\t\t\t\t<div class=\"entry-content sponsor-description\">\n\t\t\t\t\t\t\t<p><a href=\"http:\/\/foliovision.com\/\" title=\"Foliovision\" target=\"_blank\" rel=\"nofollow\">Foliovision<\/a> is a full service web agency, providing strategy, conceptual work, design and programming from a focused team of thirty in Bratislava. Our tagline \u201cMaking the web work for you\u201d is what we live by. Our clients are from all over the world. What unites them is their delight at being able to simplify their lives and businesses by unifying all their online marketing and development needs met by a single team. Many of our commercial clients enjoy top rankings in Google. Other clients include world leaders in fitness, cooking or even progressive politics.<\/p>\n<p>The building block behind all our sites is WordPress, in which we built our second and every subsequent CMSdriven site since 2004. Our first CTO John Godley now works at Automattic. John laid in a strong structure for the plugin development we do until this day, with high rated plugins in comment management, video, SEO and anti-spam all under the FV brand. All our plugins have same day support. We continue to deepen our plugin library while developing a pro line.<\/p>\n<p>We are blessed to have always had more work than we can physically do and are always looking for new programmers, designers, CSS coders and content experts to join our team. We like to work with other self-starting, active people who enjoy sharing information and intelligent conversation. Many of our team enjoy regular professional engagements as musicians, dancers, writers or photographers in addition to their work in Foliovision.<\/p>\n\t\t\t\t\t\t<\/div>\n\t\t\t\t\t<\/div>\n\n\t\t\t\t\t\n\t\t\t\t<\/div>\n\t\t\t\t\t\t\t\n\t\t\t\t<div class=\"sponsor-level silver\">\n\t\t\t\t\t<h2 class=\"sponsor-level-title\">\n\t\t\t\t\t\tSilver\t\t\t\t\t<\/h2>\n\n\t\t\t\t\t\n\t\t\t\t\t<div id=\"post-13\" class=\"sponsor post-13 wcb_sponsor type-wcb_sponsor status-publish has-post-thumbnail hentry wcb_sponsor_level-silver\" >\n\t\t\t\t\t\t<h3 class=\"entry-title sponsor-title\">\n\t\t\t\t\t\t\t<a href=\"https:\/\/slovakia.wordcamp.org\/2013\/sponsor\/websupport\/\">\n\t\t\t\t\t\t\t\t<img loading=\"lazy\" decoding=\"async\" width=\"300\" height=\"41\" src=\"https:\/\/slovakia.wordcamp.org\/2013\/files\/2013\/03\/websupport-logo.png\" class=\"attachment-post-thumbnail size-post-thumbnail wp-post-image\" alt=\"\" \/>\t\t\t\t\t\t\t<\/a>\n\t\t\t\t\t\t<\/h3>\n\n\t\t\t\t\t\t<div class=\"entry-content sponsor-description\">\n\t\t\t\t\t\t\t<p>WebSupport je najv\u00e4\u010d\u0161\u00edm slovensk\u00fdm registr\u00e1torom dom\u00e9n a l\u00edder v oblasti hostingov\u00fdch slu\u017eieb. Spolo\u010dnos\u0165 m\u00e1 viac ako 10 ro\u010dn\u00e9 sk\u00fasenosti na slovenskom trhu a na\u010falej roz\u0161iruje svoje p\u00f4sobenie na \u010deskom, rak\u00faskom a ma\u010farskom trhu. Akt\u00edvne sa zap\u00e1ja do diania v IT komunite, konzultuje a podporuje startupy. Vo Websupporte akt\u00edvne podporuj\u00fa tunaj\u0161iu WordPress sc\u00e9nu a navy\u0161e svojim u\u017e\u00edvate\u013eom poskytuj\u00fa mo\u017enos\u0165 in\u0161tal\u00e1cie WordPressu len jedn\u00fdm kliknut\u00edm.<\/p>\n\t\t\t\t\t\t<\/div>\n\t\t\t\t\t<\/div>\n\n\t\t\t\t\t\n\t\t\t\t\t<div id=\"post-399\" class=\"sponsor post-399 wcb_sponsor type-wcb_sponsor status-publish has-post-thumbnail hentry wcb_sponsor_level-silver\" >\n\t\t\t\t\t\t<h3 class=\"entry-title sponsor-title\">\n\t\t\t\t\t\t\t<a href=\"https:\/\/slovakia.wordcamp.org\/2013\/sponsor\/monika-holeckova\/\">\n\t\t\t\t\t\t\t\t<img loading=\"lazy\" decoding=\"async\" width=\"300\" height=\"57\" src=\"https:\/\/slovakia.wordcamp.org\/2013\/files\/2013\/03\/monca-sk-logo.png\" class=\"attachment-post-thumbnail size-post-thumbnail wp-post-image\" alt=\"\" \/>\t\t\t\t\t\t\t<\/a>\n\t\t\t\t\t\t<\/h3>\n\n\t\t\t\t\t\t<div class=\"entry-content sponsor-description\">\n\t\t\t\t\t\t\t<p><a href=\"http:\/\/monca.sk\" target=\"_blank\" rel=\"nofollow\">Mon\u010da<\/a> je humanoidn\u00e1 forma \u017eivota p\u00f4sobiaca na plan\u00e9te zem od roku 1982 n. l. Svoju obsedantn\u00fa potrebu tvori\u0165 v roku 2007 premenila na sp\u00f4sob ob\u017eivy. Venuje sa grafick\u00e9mu dizajnu v oblasti reklamy a marketingu. Hoci sa jej zatia\u013e nepodarilo vytvori\u0165 ni\u010d, s \u010d\u00edm by sa mohla bohapusto vychva\u013eova\u0165, spolupracovala na tvorbe reklamnej kampane &#8222;Tvoj vodn\u00fd anjel&#8220; pre pramenit\u00fa vodu Lucka. Bloguje na WordPress.<\/p>\n\t\t\t\t\t\t<\/div>\n\t\t\t\t\t<\/div>\n\n\t\t\t\t\t\n\t\t\t\t\t<div id=\"post-549\" class=\"sponsor post-549 wcb_sponsor type-wcb_sponsor status-publish has-post-thumbnail hentry wcb_sponsor_level-silver\" >\n\t\t\t\t\t\t<h3 class=\"entry-title sponsor-title\">\n\t\t\t\t\t\t\t<a href=\"https:\/\/slovakia.wordcamp.org\/2013\/sponsor\/wp-all-import\/\">\n\t\t\t\t\t\t\t\t<img loading=\"lazy\" decoding=\"async\" width=\"205\" height=\"110\" src=\"https:\/\/slovakia.wordcamp.org\/2013\/files\/2013\/04\/logo.png\" class=\"attachment-post-thumbnail size-post-thumbnail wp-post-image\" alt=\"\" \/>\t\t\t\t\t\t\t<\/a>\n\t\t\t\t\t\t<\/h3>\n\n\t\t\t\t\t\t<div class=\"entry-content sponsor-description\">\n\t\t\t\t\t\t\t<p>WP All Import is an extremely powerful plugin that makes it easy to import any XML or CSV file to WordPress.<\/p>\n<p>WP All Import has a four step import process and an intuitive drag &amp; drop interface that makes complicated import tasks simple and fast.<\/p>\n<p>WP All Import can import to Custom Post Types, Custom Fields, load images to the Media Gallery\/Post Featured Image, and perform recurring\/scheduled imports.<\/p>\n<p>There are no special requirements that the elements in your file must be laid out in a certain way. WP All Import really can import any XML or CSV file.<\/p>\n<p>WP All Import can be used for everything from building a store with an affiliate datafeed to displaying live stock quotes or sports scores to building a real estate portal.<\/p>\n\t\t\t\t\t\t<\/div>\n\t\t\t\t\t<\/div>\n\n\t\t\t\t\t\n\t\t\t\t<\/div>\n\t\t\t\t\t\t\t\t\t\t\t\n\t\t\t\t<div class=\"sponsor-level organizatori\">\n\t\t\t\t\t<h2 class=\"sponsor-level-title\">\n\t\t\t\t\t\tOrganiz\u00e1tori\t\t\t\t\t<\/h2>\n\n\t\t\t\t\t\n\t\t\t\t\t<div id=\"post-272\" class=\"sponsor post-272 wcb_sponsor type-wcb_sponsor status-publish has-post-thumbnail hentry wcb_sponsor_level-organizatori\" >\n\t\t\t\t\t\t<h3 class=\"entry-title sponsor-title\">\n\t\t\t\t\t\t\t<a href=\"https:\/\/slovakia.wordcamp.org\/2013\/sponsor\/vibration\/\">\n\t\t\t\t\t\t\t\t<img loading=\"lazy\" decoding=\"async\" width=\"293\" height=\"60\" src=\"https:\/\/slovakia.wordcamp.org\/2013\/files\/2013\/03\/vibration-logo-new.png\" class=\"attachment-post-thumbnail size-post-thumbnail wp-post-image\" alt=\"\" \/>\t\t\t\t\t\t\t<\/a>\n\t\t\t\t\t\t<\/h3>\n\n\t\t\t\t\t\t<div class=\"entry-content sponsor-description\">\n\t\t\t\t\t\t\t<p><a href=\"http:\/\/vibration.sk\" rel=\"nofollow\">Vibration.sk<\/a> je digit\u00e1lna agent\u00fara, ktor\u00e1 sa zameriava hlavne na web dizajn, tvorbu webov\u00fdch str\u00e1nok, tvorbu webov\u00fdch aplik\u00e1ci\u00ed a eshopov, tvorbu firemnej identity a internetov\u00e9mu marketingu. V\u00fdhodou spolo\u010dnosti je, \u017ee pristupuje ku ka\u017ed\u00e9mu projektu v men\u0161\u00edch t\u00edmoch, vyu\u017e\u00edva najmodernej\u0161ie technol\u00f3gie a agiln\u00e9 techniky. Ka\u017ed\u00e1 ne\u0161tandardn\u00e1 po\u017eiadavka je pre vibration v\u00fdzva.<\/p>\n\t\t\t\t\t\t<\/div>\n\t\t\t\t\t<\/div>\n\n\t\t\t\t\t\n\t\t\t\t\t<div id=\"post-278\" class=\"sponsor post-278 wcb_sponsor type-wcb_sponsor status-publish has-post-thumbnail hentry wcb_sponsor_level-organizatori\" >\n\t\t\t\t\t\t<h3 class=\"entry-title sponsor-title\">\n\t\t\t\t\t\t\t<a href=\"https:\/\/slovakia.wordcamp.org\/2013\/sponsor\/webikon\/\">\n\t\t\t\t\t\t\t\t<img loading=\"lazy\" decoding=\"async\" width=\"300\" height=\"85\" src=\"https:\/\/slovakia.wordcamp.org\/2013\/files\/2013\/03\/logo-webikon-new.png\" class=\"attachment-post-thumbnail size-post-thumbnail wp-post-image\" alt=\"\" \/>\t\t\t\t\t\t\t<\/a>\n\t\t\t\t\t\t<\/h3>\n\n\t\t\t\t\t\t<div class=\"entry-content sponsor-description\">\n\t\t\t\t\t\t\t<p><a href=\"http:\/\/www.webikon.sk\/\" rel=\"nofollow\">Webikon<\/a> s\u00fa experti na WordPress a webov\u00e9 technol\u00f3gie maj\u00fa v mal\u00ed\u010dku. Va\u0161e po\u017eiadavky na nov\u00fd web s\u00fa pre nich sv\u00e4t\u00e9 a ke\u010f ich zmie\u0161aj\u00fa so svojimi poznatkami z tvorby webov\u00fdch str\u00e1nok, v\u00fdsledkom je \u0161pi\u010dkov\u00e1 web str\u00e1nka. \u017dij\u00fa webom r\u00e1no, ke\u010f sa budia, i ve\u010der, ke\u010f si l\u00edhaj\u00fa spa\u0165.<\/p>\n<p>Pou\u017e\u00edvaj\u00fa na to jeden z najlep\u0161\u00edch redak\u010dn\u00fdch syst\u00e9mov na svete \u2013 <a href=\"http:\/\/wordpress.org\/\" rel=\"nofollow\">WordPress<\/a>. Vie sa preobliec\u0165 do o\u010daruj\u00facich grafick\u00fdch t\u00e9m a dizajnov. Jeho ovl\u00e1danie vynik\u00e1 jednoduchos\u0165ou, pri\u010dom v\u0161ak z\u00e1rove\u0148 pon\u00faka \u0161irok\u00fa \u0161k\u00e1lu funkci\u00ed. Pre v\u00e1\u0161 web pou\u017eij\u00fa len tie, ktor\u00e9 naozaj potrebujete. Kedyko\u013evek v\u00e1m pod\u013ea potreby spustia \u010fal\u0161ie a \u010fal\u0161ie\u2026<\/p>\n<hr \/>\n<p><a href=\"http:\/\/www.webikon.sk\/\" rel=\"nofollow\">Webikon<\/a> are an experts on WordPress and they handle web technologies with ease. For them, your specific requirements for your new website are sacred, and when they combine them with their knowledge in creating websites, the result is top class website. They live with your website in the morning when we wake up, and at night when they go to sleep.<\/p>\n<p>They use one of the best content management systems in the world \u2013 <a href=\"http:\/\/wordpress.org\/\" rel=\"nofollow\">WordPress<\/a>. It can be dressed into astonishing graphic themes and designs. It\u2019s easy to command, but at the same time it offers wide range of functions. For your website, they\u2019ll use just the ones you really need. At any time they can run more and more of them\u2026<\/p>\n\t\t\t\t\t\t<\/div>\n\t\t\t\t\t<\/div>\n\n\t\t\t\t\t\n\t\t\t\t<\/div>\n\t\t\t\t\t<\/div>\n\n\t\t<\/p>\n<h2 class=\"sponsor-level-title\">Medi\u00e1lni partneri<\/h2>\n<p><a href=\"http:\/\/www.mc2.sk\/\" title=\"mc2 sk\" target=\"_blank\" rel=\"noindex, nofollow\"><img loading=\"lazy\" decoding=\"async\" src=\"https:\/\/2013.slovakia.wordcamp.org\/files\/2013\/04\/mc2-logo.png\" alt=\"mc2 logo\" width=\"300\" height=\"110\" class=\"alignleft size-full wp-image-728\" \/><\/a><\/p>\n<p><a href=\"http:\/\/www.mojandroid.sk\/\" title=\"M\u00f4j Android\" target=\"_blank\" rel=\"noindex, nofollow\"><img loading=\"lazy\" decoding=\"async\" src=\"https:\/\/2013.slovakia.wordcamp.org\/files\/2013\/04\/moj-android-logo.png\" alt=\"m\u00f4j android\" width=\"300\" height=\"97\" class=\"alignleft size-full wp-image-727\" \/><\/a><br \/>\n<a href=\"http:\/\/www.robime.it\" rel=\"noindex, nofollow\"><img loading=\"lazy\" decoding=\"async\" class=\"alignnone size-full wp-image-348\" alt=\"robime.it logo 300x161\" src=\"https:\/\/2013.slovakia.wordcamp.org\/files\/2013\/03\/robime.it-logo-300x161.png\" width=\"300\" height=\"161\" \/><\/a><\/p>\n","protected":false},"excerpt":{"rendered":"<p>Chcete aj vy patri\u0165 medzi partnerov WordCamp Slovensko 2013? Nap\u00ed\u0161te n\u00e1m. Inform\u00e1cie pre sponzorov a partnerov [SK],\u00a0Information for sponsors and partners [EN] Medi\u00e1lni partneri<\/p>\n","protected":false},"author":7606770,"featured_media":0,"parent":0,"menu_order":0,"comment_status":"closed","ping_status":"closed","template":"","meta":{"jetpack_post_was_ever_published":false,"footnotes":""},"class_list":["post-84","page","type-page","status-publish","hentry"],"jetpack_sharing_enabled":true,"_links":{"self":[{"href":"https:\/\/slovakia.wordcamp.org\/2013\/wp-json\/wp\/v2\/pages\/84","targetHints":{"allow":["GET"]}}],"collection":[{"href":"https:\/\/slovakia.wordcamp.org\/2013\/wp-json\/wp\/v2\/pages"}],"about":[{"href":"https:\/\/slovakia.wordcamp.org\/2013\/wp-json\/wp\/v2\/types\/page"}],"author":[{"embeddable":true,"href":"https:\/\/slovakia.wordcamp.org\/2013\/wp-json\/wp\/v2\/users\/7606770"}],"replies":[{"embeddable":true,"href":"https:\/\/slovakia.wordcamp.org\/2013\/wp-json\/wp\/v2\/comments?post=84"}],"version-history":[{"count":24,"href":"https:\/\/slovakia.wordcamp.org\/2013\/wp-json\/wp\/v2\/pages\/84\/revisions"}],"predecessor-version":[{"id":738,"href":"https:\/\/slovakia.wordcamp.org\/2013\/wp-json\/wp\/v2\/pages\/84\/revisions\/738"}],"wp:attachment":[{"href":"https:\/\/slovakia.wordcamp.org\/2013\/wp-json\/wp\/v2\/media?parent=84"}],"curies":[{"name":"wp","href":"https:\/\/api.w.org\/{rel}","templated":true}]}}