{"id":12423,"date":"2013-12-09T16:50:14","date_gmt":"2013-12-09T16:50:14","guid":{"rendered":"https:\/\/2014.slovakia.wordcamp.org\/?page_id=12423"},"modified":"2014-04-27T14:44:31","modified_gmt":"2014-04-27T14:44:31","slug":"o-wordcamp","status":"publish","type":"page","link":"https:\/\/slovakia.wordcamp.org\/2014\/","title":{"rendered":"O WordCamp"},"content":{"rendered":"<p>WordCamp Slovensko je jednou z mnoh\u00fdch WordCamp konferenci\u00ed, ktor\u00e9 sa konaj\u00fa ka\u017edoro\u010dne po celom svete. V\u0161etky v\u0161ak maj\u00fa jedno spolo\u010dn\u00e9: informova\u0165 o novink\u00e1ch a trendoch, pom\u00f4c\u0165 s probl\u00e9mami pri pou\u017e\u00edvan\u00ed a roz\u0161\u00edri\u0165 povedomie o ob\u013e\u00fabenom redak\u010dnom syst\u00e9me (CMS &#8211; Content Management System) <a href=\"http:\/\/www.wordpress.org\/\" title=\"WordPress.org\" target=\"_blank\">WordPress<\/a>. Prebieha formou celodenn\u00e9ho neform\u00e1lneho stretnutia, na ktorom bude ma\u0165 n\u00e1v\u0161tevn\u00edk pr\u00edle\u017eitos\u0165 na osobn\u00fa komunik\u00e1ciu s \u010dlenmi medzin\u00e1rodnej IT komunity, ale najm\u00e4 na vypo\u010dutie si podnetn\u00fdch predn\u00e1\u0161ok od popredn\u00fdch WordPress expertov. Postupom \u010dasu sa WordCamp stal pre mnoh\u00fdch jedn\u00fdm z najv\u00fdznamne\u0161\u00edch IT podujat\u00ed roka a ka\u017edoro\u010dne tak l\u00e1ka tis\u00edce WordPress nad\u0161encov z cel\u00e9ho sveta.<\/p>\n<p>Na Slovensku sa WordCamp tento rok predstav\u00ed u\u017e po tret\u00edkr\u00e1t. Rovnako ako predch\u00e1dzaj\u00faci ro\u010dn\u00edk ho bude vo svojich modern\u00fdch priestoroch hosti\u0165 Fakulta informatiky a informa\u010dn\u00fdch technol\u00f3gi\u00ed Slovenskej technickej univerzity (FIIT STU) v Bratislave. Na svoje si pr\u00eddu n\u00e1v\u0161tevn\u00edci zo strany pou\u017e\u00edvate\u013eov WordPress, pre ktor\u00fdch bude k dispoz\u00edcii celod\u0148ov\u00fd blok predn\u00e1\u0161ok o tom, ako jednoducho a \u013eahko vytvori\u0165, spravova\u0165 a propagova\u0165 vlastn\u00fa webstr\u00e1nku alebo blog. WordPress v\u00fdvoj\u00e1ri a program\u00e1tori bud\u00fa zas ma\u0165 k dispoz\u00edcii paraleln\u00fd technickej\u0161ie zameran\u00fd predn\u00e1\u0161kov\u00fd blok v oddelen\u00fdch priestoroch.<\/p>\n<p>O program sa op\u00e4\u0165 postar\u00e1 r\u00f4znorod\u00fd t\u00edm, pozost\u00e1vaj\u00faci z \u00faspe\u0161n\u00fdch podnikate\u013eov pou\u017e\u00edvaj\u00facich WordPress pre svoj biznis, program\u00e1torov pracuj\u00facich s WordPress a dom\u00e1cich i zahrani\u010dn\u00fdch predstavite\u013eov WordPress komunity. Po predn\u00e1\u0161kach a ofici\u00e1lnom programe, ktor\u00fd bude prebieha\u0165 medzi deviatou hodinou r\u00e1no a\u017e do piatej popoludn\u00ed, sa \u00fa\u010dastn\u00edci bud\u00fa m\u00f4c\u0165 presun\u00fa\u0165 na after-party, kde m\u00f4\u017ee WordCamp neform\u00e1lne pokra\u010dova\u0165 a\u017e do neskor\u00fdch no\u010dn\u00fdch hod\u00edn. <\/p>\n<p><em>Term\u00edn:<\/em> <strong>26. 4. 2014<\/strong> (sobota) od 9:00 do cca 17:00<\/p>\n<p><em>Miesto:<\/em> <strong>FIIT STU Bratislava<\/strong> (<a href=\"https:\/\/maps.google.com\/maps?hl=sk&amp;ll=48.151858,17.073355&amp;spn=0.010107,0.022638&amp;t=m&amp;z=16\" title=\"Miesto konania WordCamp Slovensko 2014 - FIIT STU Bratislava\" target=\"_blank\">mapa<\/a>), Ilkovi\u010dova 6276<\/p>\n<p><em>Afterparty:<\/em>  <strong>od 18:00 v <a href=\"http:\/\/hopkirk.sk\/\">Hopkirk Bare<\/a><\/strong>, Karpatsk\u00e1 2<\/p>\n<p><em>Po\u010det \u00fa\u010dastn\u00edkov:<\/em>  <strong>do 200<\/strong><br \/>\n<em>Registra\u010dn\u00fd poplatok:<\/em>  <strong>15\u20ac<\/strong> (v cene je vstup, bageta, ob\u010derstvenie a mal\u00e9 prekvapenie)<br \/>\n<em>Za\u010diatok registr\u00e1cie:<\/em>  <strong>7. 3. 2014<\/strong> (piatok)<br \/>\n<em>Uz\u00e1vierka registr\u00e1cie:<\/em>  <strong>24. 4. 2014<\/strong> (\u0161tvrtok)<\/p>\n<p>V pr\u00edpade ot\u00e1zok je mo\u017en\u00e9 kontaktova\u0165 priamo <a href=\"http:\/\/www.wp.sk\/\" title=\"WordPress Slovensko\" target=\"_blank\">organiza\u010dn\u00fd t\u00edm<\/a> podujatia prostredn\u00edctvom kontaktn\u00e9ho formul\u00e1ra.<\/p>\n","protected":false},"excerpt":{"rendered":"<p>WordCamp Slovensko je jednou z mnoh\u00fdch WordCamp konferenci\u00ed, ktor\u00e9 sa konaj\u00fa ka\u017edoro\u010dne po celom svete. V\u0161etky v\u0161ak maj\u00fa jedno spolo\u010dn\u00e9: informova\u0165 o novink\u00e1ch a trendoch, pom\u00f4c\u0165 s probl\u00e9mami pri pou\u017e\u00edvan\u00ed a roz\u0161\u00edri\u0165 povedomie o ob\u013e\u00fabenom redak\u010dnom syst\u00e9me (CMS &#8211; Content &hellip; <a href=\"https:\/\/slovakia.wordcamp.org\/2014\/\">\u010c\u00edta\u0165 \u010falej <span class=\"screen-reader-text\">O WordCamp<\/span>  <span class=\"meta-nav\">&rarr;<\/span><\/a><\/p>\n","protected":false},"author":461175,"featured_media":0,"parent":0,"menu_order":0,"comment_status":"closed","ping_status":"closed","template":"","meta":{"jetpack_post_was_ever_published":false,"footnotes":""},"class_list":["post-12423","page","type-page","status-publish","hentry"],"jetpack_sharing_enabled":true,"_links":{"self":[{"href":"https:\/\/slovakia.wordcamp.org\/2014\/wp-json\/wp\/v2\/pages\/12423","targetHints":{"allow":["GET"]}}],"collection":[{"href":"https:\/\/slovakia.wordcamp.org\/2014\/wp-json\/wp\/v2\/pages"}],"about":[{"href":"https:\/\/slovakia.wordcamp.org\/2014\/wp-json\/wp\/v2\/types\/page"}],"author":[{"embeddable":true,"href":"https:\/\/slovakia.wordcamp.org\/2014\/wp-json\/wp\/v2\/users\/461175"}],"replies":[{"embeddable":true,"href":"https:\/\/slovakia.wordcamp.org\/2014\/wp-json\/wp\/v2\/comments?post=12423"}],"version-history":[{"count":24,"href":"https:\/\/slovakia.wordcamp.org\/2014\/wp-json\/wp\/v2\/pages\/12423\/revisions"}],"predecessor-version":[{"id":620765,"href":"https:\/\/slovakia.wordcamp.org\/2014\/wp-json\/wp\/v2\/pages\/12423\/revisions\/620765"}],"wp:attachment":[{"href":"https:\/\/slovakia.wordcamp.org\/2014\/wp-json\/wp\/v2\/media?parent=12423"}],"curies":[{"name":"wp","href":"https:\/\/api.w.org\/{rel}","templated":true}]}}