{"id":2,"date":"2014-03-07T12:15:23","date_gmt":"2014-03-07T12:15:23","guid":{"rendered":"https:\/\/2014.slovakia.wordcamp.org\/?page_id=2"},"modified":"2014-04-24T12:05:59","modified_gmt":"2014-04-24T12:05:59","slug":"spikri","status":"publish","type":"page","link":"https:\/\/slovakia.wordcamp.org\/2014\/spikri\/","title":{"rendered":"Sp\u00edkri"},"content":{"rendered":"<p>Pode\u013e sa aj ty so svojimi sk\u00fasenos\u0165ami s WordPress. <a title=\"Kontakt\" href=\"https:\/\/2014.slovakia.wordcamp.org\/kontakt\/\">Nap\u00ed\u0161 n\u00e1m<\/a> kr\u00e1tke info o tebe a o oblasti, o ktorej by si r\u00e1d rozpr\u00e1val. Sp\u00edkri maj\u00fa samozrejme vstup na WordCamp zdarma.<\/p>\n<p>Zoznam sp\u00edkrov je priebe\u017ene aktualizovan\u00fd.<\/p>\n<hr \/>\n<h2>Miro Vesel\u00fd<\/h2>\n<p><strong>Ako si zjednodu\u0161i\u0165 tvorbu webov&#8230; a ako ich zmeni\u0165 na zisk?<\/strong><\/p>\n<p><img loading=\"lazy\" decoding=\"async\" src=\"https:\/\/2014.slovakia.wordcamp.org\/files\/2014\/03\/Miroslav-Vesely.jpg\" alt=\"Miro Vesel\u00fd\" width=\"120\" height=\"120\" class=\"alignleft size-full wp-image-501130\" \/>Internetu sa venuje od roku 1997. Na prelome tis\u00edcro\u010d\u00ed p\u00edsal web <a href=\"http:\/\/digi-foto.sk\" target=\"_blank\" title=\"digi-foto.sk\">digi-foto.sk<\/a> s tipmi ako fotografova\u0165. V roku 2004 schudol a nap\u00edsal o tom web <a href=\"http:\/\/chudnutie-ako.sk\" target=\"_blank\" title=\"chudnutie-ako.sk\">chudnutie-ako.sk<\/a>. Nesk\u00f4r vydal nieko\u013eko \u00faspe\u0161n\u00fdch kn\u00edh. Zaober\u00e1 sa marketingom a SEO. H\u013ead\u00e1 sp\u00f4soby, ako zlo\u017eit\u00e9 veci spravi\u0165 jednoduch\u0161\u00edmi. Viac na <a href=\"http:\/\/miro-vesely.sk\" target=\"_blank\" title=\"miro-vesely.sk\">miro-vesely.sk<\/a>.<\/p>\n<hr \/>\n<h2>Stanislav Kuku\u010dka<\/h2>\n<p><strong>10 vec\u00ed, ktor\u00e9 skontrolova\u0165 po spusten\u00ed webu<\/strong><\/p>\n<p><img loading=\"lazy\" decoding=\"async\" src=\"https:\/\/2014.slovakia.wordcamp.org\/files\/2014\/03\/stanislav_kukucka.png\" alt=\"Stanislav Kuku\u010dka\" width=\"120\" height=\"120\" class=\"alignleft size-full wp-image-508072\" \/>P\u00f4vodne vy\u0161tudovan\u00fd grafick\u00fd dizajn\u00e9r na V\u0160VU, sa postupne posunul od tvorby webstr\u00e1nok k online marketingu. Okrem dizajnu webov a funk\u010dnosti sa sna\u017e\u00ed zv\u00fd\u0161i\u0165 ich obchodn\u00fd potenci\u00e1l. Stanislav moment\u00e1lne pracuje v agent\u00fare <a title=\"Stanislav Kuku\u010dka\" href=\"http:\/\/pizzaseo.com\/sk\/\" target=\"_blank\">Pizza SEO<\/a> ako SEO konzultant, zodpovedn\u00fd za vedenie t\u00edmu v oblasti optimaliz\u00e1cie pre vyh\u013ead\u00e1va\u010de a linkbuildingu na klientsk\u00fdch projektoch. R\u00e1d konzultuje a pom\u00e1ha pri n\u00e1dejn\u00fdch za\u010d\u00ednaj\u00facich online businesoch.<\/p>\n<hr \/>\n<h2>Pavel Ungr<\/h2>\n<p><strong>Vyu\u017eijte 50 nejlep\u0161\u00edch SEO plugin\u016f pro WordPress<\/strong><\/p>\n<p><img loading=\"lazy\" decoding=\"async\" class=\"alignleft size-full wp-image-402599\" alt=\"Pavel Ungr\" src=\"https:\/\/2014.slovakia.wordcamp.org\/files\/2014\/03\/pavel_ungr.jpg\" width=\"120\" height=\"120\" \/><a title=\"www.pavelungr.cz\" href=\"http:\/\/www.pavelungr.cz\/\" target=\"_blank\">Pavel Ungr<\/a> sa SEO (a online svetu v\u0161eobecne) venuje u\u017e od roku 2004. Z Et netery v roku 2009 nast\u00fapil priamo do spolo\u010dnosti Ataxo, a n\u00e1sledne do H1.cz. Miluje pr\u00e1cu pre svojich klientov a je ner\u00e1d druh\u00fd. R\u00e1d \u0161kol\u00ed a predn\u00e1\u0161a nielen o SEO, ale akt\u00edvne sa zauj\u00edma i o soci\u00e1lne siete a ich praktick\u00e9 vyu\u017eitie. Bavia ho online marketingov\u00e9 experimenty a propaguje SEO ako tvorbu zauj\u00edmav\u00e9ho a kvalitn\u00e9ho obsahov\u00e9ho webu. Zauj\u00edma sa o modern\u00e9 technol\u00f3gie, internet, ale aj o umenie, filozofiu a dal\u0161ie humanitn\u00e9 vedy.<\/p>\n<hr \/>\n<h2>Michal Kopeck\u00fd<\/h2>\n<p><strong>Blog na steroidoch<\/strong><\/p>\n<p><img loading=\"lazy\" decoding=\"async\" src=\"https:\/\/2014.slovakia.wordcamp.org\/files\/2014\/04\/michal-kopecky.png\" alt=\"michal kopeck\u00fd\" width=\"120\" height=\"120\" class=\"alignleft size-full wp-image-585939\" \/>Michal Kopeck\u00fd je zakladate\u013eom skupiny U\u010d\u00edme sa podnika\u0165 a zakladate\u013eom najpopul\u00e1rnej\u0161ieho slovensk\u00e9ho blogu <a href=\"http:\/\/akozbalit.sk\/\" target=\"_blank\">akozbalit.sk<\/a>, ktor\u00fd do tohto momentu nav\u0161t\u00edvilo viac ako 1 000 000 \u013eud\u00ed. Vybudoval datab\u00e1zu viac ako 20 000 chlapov, ktor\u00ed ho nasleduj\u00fa a vy\u0161e 650 klientov, ktor\u00ed sa rozhodli zak\u00fapi\u0165 si jeho pr\u00e9miov\u00e9 programy.<\/p>\n<hr \/>\n<h2>Martin Boro\u0161<\/h2>\n<p><strong>To nepr\u00edjemn\u00e9, \u010do sa st\u00e1le odklad\u00e1 &#8230; alebo webstr\u00e1nky a pr\u00e1vo<\/strong><\/p>\n<p><img loading=\"lazy\" decoding=\"async\" class=\"alignleft size-full wp-image-620694\" alt=\"martin boros\" src=\"https:\/\/2014.slovakia.wordcamp.org\/files\/2014\/04\/foto.png\" width=\"120\" height=\"120\" \/>Zauj\u00edma sa o d\u00e1ta a pr\u00e1cu s nimi z r\u00f4znych perspekt\u00edv. Venuje sa d\u00e1tovej analytike a technik\u00e1m vyu\u017e\u00edvan\u00fdm v komer\u010dnej sf\u00e9re. Z\u00e1rove\u0148 sa ako pr\u00e1vnik zauj\u00edma o pr\u00e1vne aspekty nakladania s d\u00e1tami a celkovo <a href=\"http:\/\/www.dataitlaw.com\/\">IT pr\u00e1vo<\/a>. Sna\u017e\u00ed sa tak porozumie\u0165 IT svetu z praktick\u00e9ho aj pr\u00e1vneho h\u013eadiska. Tieto svety maj\u00fa spolo\u010dn\u00e9 viac, ako sa na prv\u00fd poh\u013ead zd\u00e1 &#8211; hlavne z\u00e1ujem o bezpe\u010dnos\u0165 pon\u00fakanej slu\u017eby alebo produktu<\/p>\n<hr \/>\n<h2>Thomas Maier<\/h2>\n<p><strong>How to make money with your (WordPress) project<\/strong><\/p>\n<p><img loading=\"lazy\" decoding=\"async\" src=\"https:\/\/2014.slovakia.wordcamp.org\/files\/2014\/04\/Thomas-Maier.jpg\" alt=\"Thomas Maier\" width=\"120\" height=\"120\" class=\"alignleft size-full\" \/>I like WordPress since I build my first website with it in 2009. Only a little later I started building WordPress sites for clients, <a href=\"http:\/\/profiles.wordpress.org\/webzunft\/\">developing plugins<\/a> for publishers and expand one of my first own projects from the hobby of a student to one of the biggest ressources on word games. Currently, I help clients to monetize their projects providing them with technical and strategic know how. And of course, I also blog about it on <a title=\"Thomas Maier\" href=\"http:\/\/webgilde.com\" target=\"_blank\">webgilde.com<\/a>.<\/p>\n<hr \/>\n<h2>Matej Lan\u010dari\u010d<\/h2>\n<p><strong>Ako n\u00e1m pomohol woocommerce zdvojn\u00e1sobi\u0165 n\u00e1v\u0161tevnos\u0165<\/strong><\/p>\n<p><img loading=\"lazy\" decoding=\"async\" src=\"https:\/\/2014.slovakia.wordcamp.org\/files\/2014\/04\/matej-lancaric.jpg\" alt=\"Matej Lan\u010dari\u010d\" width=\"120\" height=\"120\" class=\"alignleft size-full\" \/>Pracuje ako Performance marketing manager v <a target=\"_blank\" href=\"http:\/\/www.pixelfederation.sk\/\">Pixel Federation<\/a>, kde sa venuje hlavne Google Adwords. Pre <a href=\"http:\/\/www.gentlemens.sk\/\" target=\"_blank\">gentlemens.sk<\/a> m\u00e1 na starosti hlavne SEO, PPC kampane (Facebook i Google Adwords) a v\u0161etky \u00fapravy na webe. Je nad\u0161encom online marketingu a vo vo\u013enom \u010dase sa venuje i optimaliz\u00e1cii konverzn\u00e9ho pomeru.<\/p>\n<hr \/>\n<h2>Ondrej Monsberger<\/h2>\n<p><img loading=\"lazy\" decoding=\"async\" src=\"https:\/\/2014.slovakia.wordcamp.org\/files\/2014\/04\/Ondrej-Monsberger.jpg\" alt=\"Ondrej Monsberger\" width=\"120\" height=\"120\" class=\"alignleft size-full\" \/>Zakladate\u013e slovensk\u00e9ho blogu a e-shopu <a href=\"http:\/\/www.gentlemens.sk\/\" target=\"_blank\">gentlemens.sk<\/a>. Vy\u0161tudoval Ekonomick\u00fa univerzitu v Bratislave a pracuje ako produktov\u00fd mana\u017e\u00e9r. Pre gentlemens.sk m\u00e1 na starosti okrem produktov\u00e9ho mana\u017ementu aj spr\u00e1vu soci\u00e1lnych siet\u00ed, komunik\u00e1ciu a strat\u00e9giu.<\/p>\n<hr \/>\n<h2>Bra\u0148o Pokriv\u010d\u00e1k<\/h2>\n<p><strong>Ke\u010f Google Analytics nesta\u010d\u00ed- pokro\u010dil\u00e1 analytika pre WordPress a Woocommerce<\/strong><\/p>\n<p><img loading=\"lazy\" decoding=\"async\" class=\"alignleft size-full\" alt=\"Bra\u0148o Pokriv\u010d\u00e1k\" src=\"https:\/\/2014.slovakia.wordcamp.org\/files\/2014\/03\/Brano-Pokrivcak.png\" width=\"120\" height=\"120\" \/>Produktov\u00fd expert a rozbieha\u010d online projektov. Svoj prv\u00fd <a target=\"_blank\" href=\"http:\/\/www.zivotopis.sk\/\">start-up<\/a> predal v roku 2004. Do roku 2012 bol v r\u00e1mci korpor\u00e1cie zodpovedn\u00fd za zahrani\u010dn\u00fd e-shop na predaj notebookov s mesa\u010dn\u00fdm obratom v desiatkach mili\u00f3nov EUR. V s\u00fa\u010dasnosti popri rozvoji online reportingov\u00e9ho n\u00e1stroja <a target=\"_blank\" href=\"http:\/\/kpiwatchdog.com\/\">KPIwatchdog.com<\/a> rie\u0161i nastavovanie monitoringu biznis v\u00fdkonnosti pre start-upy a online podnikanie.<\/p>\n<hr \/>\n<h2>Peter Gramantik<\/h2>\n<p><strong>Website Security &amp; WordPress<\/strong><\/p>\n<p><img loading=\"lazy\" decoding=\"async\" class=\"alignleft size-full wp-image-402599\" alt=\"Peter Gramantik\" src=\"https:\/\/2014.slovakia.wordcamp.org\/files\/2014\/03\/Peter-Gramantik.jpg\" width=\"120\" height=\"120\" \/>Vo sf\u00e9re IT Security sa pohybuje u\u017e 10 rokov, prev\u00e1\u017enu \u010das\u0165 z toho str\u00e1vil ako v\u00edrusov\u00fd analytik v spolo\u010dnosti AVG. Moment\u00e1lne pracuje pre americk\u00fa firmu <a title=\"Peter Gramantik\" href=\"http:\/\/www.sucuri.net\/\" target=\"_blank\">SUCURI<\/a> ako Malware Researcher a n\u00e1pl\u0148ou jeho pr\u00e1ce je okrem anal\u00fdzy malwaru, navrhovania nov\u00fdch detek\u010dn\u00fdch techn\u00edk aj akt\u00edvna spolupr\u00e1ca s &#8222;\u010distiacim&#8220; t\u00edmom na odstra\u0148ovan\u00ed webov\u00fdch infekci\u00ed.<\/p>\n<hr \/>\n<h2>Agnes Bury<\/h2>\n<p><strong>10 common mistakes WordPress developers make when building multilingual sites<\/strong><\/p>\n<p><img loading=\"lazy\" decoding=\"async\" src=\"https:\/\/2014.slovakia.wordcamp.org\/files\/2014\/03\/Agnes-Bury.png\" alt=\"Agnes Bury\" width=\"120\" height=\"120\" class=\"alignleft size-full wp-image-501594\" \/>Marketing and Community Manager for <a title=\"onthegosystems\" href=\"http:\/\/www.onthegosystems.com\/\" target=\"_blank\">onTheGoSystems<\/a>, the company behind the <a title=\"wpml\" href=\"http:\/\/wpml.org\/\" target=\"_blank\">WPML <\/a>&#8211; The WordPress Multilingual Plugin,&nbsp;<a title=\"woocommerce multilingual\" href=\"http:\/\/wordpress.org\/plugins\/woocommerce-multilingual\/\" target=\"_blank\">WooCommerce multilingual<\/a> \u2013 the plugin that lets you make your e-commerces site Multilingual and <a title=\"wp-types\" href=\"http:\/\/wp-types.com\/\" target=\"_blank\">Toolset <\/a>&#8211; plugins which let WP web developers build their sites faster and without php coding.<br \/>\nBefore joining the company she was working as a WP freelancer. She also publishes a popular WordPress blog where she shares her passion and experience in WP with other WordPress fans.<\/p>\n<hr \/>\n<h2>Martin Vicen\u00edk<\/h2>\n<p><strong>Video a WordPress<\/strong><\/p>\n<p><img loading=\"lazy\" decoding=\"async\" src=\"https:\/\/2014.slovakia.wordcamp.org\/files\/2014\/03\/Martin-Vicenik.jpg\" alt=\"Martin Vicen\u00edk\" width=\"120\" height=\"120\" class=\"alignleft size-full wp-image-414983\" \/>Martin absolvoval in\u017einierske \u0161t\u00fadium v odbore po\u010d\u00edta\u010dov\u00fdch vied na Slovenskej technickej univerzite v Bratislave. Vyr\u00e1stol v severoslovenskom Liptovskom Mikul\u00e1\u0161i ne\u010faleko kr\u00e1snych Tatier. Upokojuj\u00face divy pr\u00edrody Martina v\u0161ak neovplyvnili, vo svojom vo\u013enom \u010dase sa venuje spevu a hre na gitaru v metalovej kapele Striguli.<\/p>\n<hr \/>\n<h2>Marko Heijnen<\/h2>\n<p><strong>Building awesome plugins<\/strong><\/p>\n<p><img loading=\"lazy\" decoding=\"async\" src=\"https:\/\/2014.slovakia.wordcamp.org\/files\/2014\/03\/Marko-Heijnen.jpg\" alt=\"Marko Heijnen\" width=\"120\" height=\"120\" class=\"alignleft size-full wp-image-477115\" \/>Marko Heijnen is a long term WordPress contributor from the Netherlands. He uses wordPress for more then 7 years and starting contributing back to it in 2009 to already six releases. After years of freelancing he nows works for 1&amp;1 as their WordPress specialist. Part of his job is improving WordPress by contributing back to the community.<br \/>\nHe also works on GlotPress as the main core developer and creating a better open source tool for translations. He can be found on twitter @MarkoHeijnen, blogging on <a target=\"_blank\" href=\"http:\/\/markoheijnen.com\/\">markoheijnen.com<\/a> or <a target=\"_blank\" href=\"http:\/\/wpunknown.com\/\">wpunknown.com<\/a>.<\/p>\n<hr \/>\n<h2>Peter Nem\u010dok<\/h2>\n<p><strong>Slobodn\u00fd softv\u00e9r, slobodn\u00e1 firma<\/strong><\/p>\n<p><img loading=\"lazy\" decoding=\"async\" class=\"alignleft size-full wp-image-468\" alt=\"peter nemcok\" src=\"http:\/\/2013.slovakia.wordcamp.org\/files\/2013\/03\/peternemcok1.jpg\" width=\"120\" height=\"120\" \/>Zakladate\u013e komunitn\u00e9ho port\u00e1lu WordPress Slovensko (<a href=\"http:\/\/wp.sk\" target=\"_blank\">WP.sk<\/a>) a l\u00edder v slobodnej firme Webikon. S WordPress pracuje od roku 2007 a v\u010faka svojej jednoduchosti a preh\u013eadnosti mu prir\u00e1stol k srdcu. Okrem prekladania WordPress do sloven\u010diny sa venuje poskytovaniu konzult\u00e1ci\u00ed z oblast\u00ed bl\u00edzkych WordPress a organizuje WordCamp Slovensko &#8211; slovensk\u00fa (ne)konferenciu o WordPress.<\/p>\n<hr \/>\n<h2>Ing.Ivan Potan\u010dok<\/h2>\n<p><strong>Less, Bootstrap<\/strong><\/p>\n<p><img loading=\"lazy\" decoding=\"async\" src=\"https:\/\/2014.slovakia.wordcamp.org\/files\/2014\/04\/ivan-potancok.jpg\" alt=\"ivan potan\u010dok\" width=\"120\" height=\"120\" class=\"alignleft size-full wp-image-585938\" \/>Zakladate\u013e a riadite\u013e digit\u00e1lnej agent\u00fary <a href=\"http:\/\/vibration.sk\" title=\"tvorba eshopov, webov\u00e9 aplik\u00e1cie\" target=\"_blank\">vibration.sk<\/a>, ktor\u00e1 sa zaober\u00e1 tvorbou eshopov, weobv\u00fdch aplik\u00e1cii, webdizajnom a internetov\u00fdm marketingom. Webdizajnom sa zaober\u00e1 u\u017e 13 rokov. Vy\u0161tudoval informa\u010dn\u00e9 syst\u00e9my na FIIT STUBA.<\/p>\n<hr \/>\n<h2>Luca Sartoni<\/h2>\n<p><strong>Remote working: one does not simply spend a year without pants<\/strong><\/p>\n<p><img loading=\"lazy\" decoding=\"async\" src=\"https:\/\/2014.slovakia.wordcamp.org\/files\/2014\/04\/luca-sartoni.jpg\" alt=\"Luca Sartoni\" width=\"120\" height=\"120\" class=\"alignleft size-full\" \/>Luca Sartoni is a media professional with more than a decade of technical and marketing background. Thanks to his extensive experience in different business environments, from SMEs to large corporate projects, Luca helps companies scale up their business adopting data driven strategies. He does not believe in Santa Claus, magical spells and everything that is not backed up by facts. Luca is a Growth Engineer at <a title=\"Luca Sartoni\" href=\"http:\/\/www.automattic.com\/\" target=\"_blank\">Automattic<\/a>.<\/p>\n<hr \/>\n<h2>J\u00e1n Bo\u010d\u00ednec<\/h2>\n<p><strong>Modern\u00e9 v\u00fdvojov\u00e9 a testovacie prostredie pre WordPress<\/strong><\/p>\n<p><img loading=\"lazy\" decoding=\"async\" class=\"alignleft size-full wp-image-402594\" alt=\"Jan-Bocinec\" src=\"https:\/\/2014.slovakia.wordcamp.org\/files\/2014\/03\/Jan-Bocinec.png\" width=\"120\" height=\"120\" \/>Slovensk\u00fd WordPress guru a neskrotn\u00fd <a href=\"http:\/\/johnnypea.wp.sk\/\" target=\"_blank\">web developer<\/a> p\u00f4sobiaci v slobodnej firme <a href=\"http:\/\/www.webikon.sk\/\" target=\"_blank\" rel=\"nofollow\">Webikon<\/a> ako senior program\u00e1tor. Z jeho v\u00e1\u0161ne pre tento redak\u010dn\u00fd syst\u00e9m sa postupom \u010dasu naakumulovalo neskuto\u010dn\u00e9 mno\u017estvo know-how, o ktor\u00e9 sa r\u00e1d podel\u00ed na <a href=\"http:\/\/wp.sk\/forum\/\" target=\"_blank\">f\u00f3re<\/a>, v <a href=\"http:\/\/wp.sk\" target=\"_blank\">\u010dl\u00e1nkoch<\/a> alebo priamo pred va\u0161imi zrakmi. Ve\u013emi dobre ch\u00e1pe, \u017ee k open source a WordPress neoddelite\u013ene patr\u00ed \u017eiv\u00e1 interakt\u00edvna komunita, a preto spolu s kolegami venuje svoj vo\u013en\u00fd \u010das aj organiz\u00e1cii WordCampu a podobn\u00fdch stretnut\u00ed.<\/p>\n","protected":false},"excerpt":{"rendered":"<p>Pode\u013e sa aj ty so svojimi sk\u00fasenos\u0165ami s WordPress. Nap\u00ed\u0161 n\u00e1m kr\u00e1tke info o tebe a o oblasti, o ktorej by si r\u00e1d rozpr\u00e1val. Sp\u00edkri maj\u00fa samozrejme vstup na WordCamp zdarma. Zoznam sp\u00edkrov je priebe\u017ene aktualizovan\u00fd. Miro Vesel\u00fd Ako si &hellip; <a href=\"https:\/\/slovakia.wordcamp.org\/2014\/spikri\/\">\u010c\u00edta\u0165 \u010falej <span class=\"screen-reader-text\">Sp\u00edkri<\/span>  <span class=\"meta-nav\">&rarr;<\/span><\/a><\/p>\n","protected":false},"author":1162914,"featured_media":0,"parent":0,"menu_order":0,"comment_status":"closed","ping_status":"closed","template":"","meta":{"jetpack_post_was_ever_published":false,"footnotes":""},"class_list":["post-2","page","type-page","status-publish","hentry"],"jetpack_sharing_enabled":true,"_links":{"self":[{"href":"https:\/\/slovakia.wordcamp.org\/2014\/wp-json\/wp\/v2\/pages\/2","targetHints":{"allow":["GET"]}}],"collection":[{"href":"https:\/\/slovakia.wordcamp.org\/2014\/wp-json\/wp\/v2\/pages"}],"about":[{"href":"https:\/\/slovakia.wordcamp.org\/2014\/wp-json\/wp\/v2\/types\/page"}],"author":[{"embeddable":true,"href":"https:\/\/slovakia.wordcamp.org\/2014\/wp-json\/wp\/v2\/users\/1162914"}],"replies":[{"embeddable":true,"href":"https:\/\/slovakia.wordcamp.org\/2014\/wp-json\/wp\/v2\/comments?post=2"}],"version-history":[{"count":63,"href":"https:\/\/slovakia.wordcamp.org\/2014\/wp-json\/wp\/v2\/pages\/2\/revisions"}],"predecessor-version":[{"id":402363,"href":"https:\/\/slovakia.wordcamp.org\/2014\/wp-json\/wp\/v2\/pages\/2\/revisions\/402363"}],"wp:attachment":[{"href":"https:\/\/slovakia.wordcamp.org\/2014\/wp-json\/wp\/v2\/media?parent=2"}],"curies":[{"name":"wp","href":"https:\/\/api.w.org\/{rel}","templated":true}]}}