{"id":229798,"date":"2014-04-20T17:42:19","date_gmt":"2014-04-20T17:42:19","guid":{"rendered":"https:\/\/2014.slovakia.wordcamp.org\/?page_id=229798"},"modified":"2014-08-05T03:52:34","modified_gmt":"2014-08-05T03:52:34","slug":"program","status":"publish","type":"page","link":"https:\/\/slovakia.wordcamp.org\/2014\/program\/","title":{"rendered":"Program"},"content":{"rendered":"<p>Predn\u00e1\u0161ky bud\u00fa rozdelen\u00e9 do dvoch miestnost\u00ed. Jedna bude viac zameran\u00e1 na be\u017en\u00fdch pou\u017e\u00edvate\u013eov WordPress a druh\u00e1 pre WordPress profesion\u00e1lov. Viac inform\u00e1ci\u00ed o pripravovan\u00fdch t\u00e9mach a predn\u00e1\u0161aj\u00facich n\u00e1jdete na str\u00e1nke <a title=\"Sp\u00edkri\" href=\"https:\/\/2014.slovakia.wordcamp.org\/spikri\/\">Sp\u00edkri<\/a>.<br \/>\nV\u0161etky predn\u00e1\u0161ky bud\u00fa zaznamen\u00e1van\u00e9 a uverejnen\u00e9 na <a href=\"http:\/\/wordpress.tv\">WordPress.tv<\/a>.<\/p>\n<p><span class=\"time\">8:30<\/span> <strong>Registr\u00e1cia \u00fa\u010dastn\u00edkov<\/strong><\/p>\n<h2>Spolo\u010dn\u00fd program<\/h2>\n<p><span class=\"time\">9:15<\/span> <strong>\u00davodn\u00e9 slovo<\/strong><br \/><em>WordPress na Slovensku v roku 2014 (Peter Nem\u010dok)<\/em><br \/>\n<em><a target=\"_blank\" href=\"http:\/\/wordpress.tv\/2014\/07\/15\/peter-nemcok-wordpress-na-slovensku-v-roku-2014\/\">Pozri si video a prezent\u00e1ciu<\/a><\/em><\/p>\n<div class=\"program-left\">\n<h2>Pou\u017e\u00edvatelia<\/h2>\n<\/div>\n<div class=\"program-right\">\n<h2>V\u00fdvoj\u00e1ri<\/h2>\n<\/div>\n<div class=\"program-left\">\n<span class=\"time\">09:30<\/span> <strong>Miro Vesel\u00fd<\/strong><br \/><em>Ako si zjednodu\u0161i\u0165 tvorbu webov a ako ich zmeni\u0165 na zisk? (Framework Headway Themes a \u010fal\u0161ie tipy)<\/em><br \/>\n<em><a target=\"_blank\" href=\"http:\/\/wordpress.tv\/2014\/05\/06\/miro-vesely-ako-si-zjednodusit-tvorbu-webov-a-ako-ich-zmenit-na-zisk\/\">Pozri si video a prezent\u00e1ciu<\/a><\/em>\n<\/div>\n<div class=\"program-right\">\n<span class=\"time\">09:30<\/span> <strong>Peter Gramantik<\/strong><br \/><em>Website Security &amp; WordPress<\/em><br \/>\n<em><a target=\"_blank\" href=\"http:\/\/wordpress.tv\/2014\/05\/12\/peter-gramantik-website-security-and-wordpress\/\">Pozri si video a prezent\u00e1ciu<\/a><\/em>\n<\/div>\n<hr \/>\n<div class=\"program-left\">\n<span class=\"time\">10:15<\/span> <strong>Stanislav Kuku\u010dka<\/strong><br \/><em>10 vec\u00ed, ktor\u00e9 skontrolova\u0165 po spusten\u00ed webu<\/em>\n<\/div>\n<div class=\"program-right\">\n<span class=\"time\">10:15<\/span> <strong>Agnes Bury [EN]<\/strong><br \/><em>10 common mistakes WordPress developers make when building multilingual sites<\/em><br \/>\n<em><a target=\"_blank\" href=\"http:\/\/wordpress.tv\/2014\/05\/19\/agnes-bury-10-common-mistakes-wordpress-developers-make-when-building-multilingual-sites\/\">Pozri si video a prezent\u00e1ciu<\/a><\/em>\n<\/div>\n<hr \/>\n<div class=\"program-left\">\n<span class=\"time\">11:00<\/span> <strong>Prest\u00e1vka<\/strong>\n<\/div>\n<div class=\"program-right\">\n<span class=\"time\">11:00<\/span> <strong>Prest\u00e1vka<\/strong>\n<\/div>\n<hr \/>\n<div class=\"program-left\">\n<span class=\"time\">11:15<\/span> <strong>Pavel Ungr<\/strong><br \/><em>Vyu\u017eijte 50 nejlep\u0161\u00edch SEO plugin\u016f pro WordPress<\/em><br \/>\n<em><a target=\"_blank\" href=\"http:\/\/wordpress.tv\/2014\/05\/12\/pavel-ungr-vyuzijte-50-nejlepsich-seo-pluginu-pro-wordpress\/\">Pozri si video a prezent\u00e1ciu<\/a><\/em>\n<\/div>\n<div class=\"program-right\">\n<span class=\"time\">11:15<\/span> <strong>Martin Vicen\u00edk<\/strong><br \/><em>Video a WordPress<\/em><br \/>\n<em><a target=\"_blank\" href=\"http:\/\/wordpress.tv\/2014\/07\/12\/martin-vicenik-video-a-wordpress\/\">Pozri si video a prezent\u00e1ciu<\/a><\/em>\n<\/div>\n<hr \/>\n<div class=\"program-left\">\n<span class=\"time\">12:00<\/span> <strong>Michal Kopeck\u00fd<\/strong><br \/><em>Blog na steroidoch<\/em><br \/>\n<em><a target=\"_blank\" href=\"http:\/\/wordpress.tv\/2014\/05\/07\/michal-kopecky-blog-na-steroidoch\/\">Pozri si video a prezent\u00e1ciu<\/a><\/em>\n<\/div>\n<div class=\"program-right\">\n<span class=\"time\">12:00<\/span> <strong>Luca Sartoni [EN]<\/strong><br \/><em>Remote working: one does not simply spend a year without pants<\/em><br \/>\n<em><a target=\"_blank\" href=\"http:\/\/wordpress.tv\/2014\/05\/17\/luca-sartoni-remote-working-one-does-not-simply-spend-a-year-without-pants\/\">Pozri si video a prezent\u00e1ciu<\/a><\/em>\n<\/div>\n<hr \/>\n<div class=\"program-left\">\n<span class=\"time\">12:45<\/span> <strong>Obed<\/strong>\n<\/div>\n<div class=\"program-right\">\n<span class=\"time\">12:45<\/span> <strong>Obed<\/strong>\n<\/div>\n<hr \/>\n<div class=\"program-left\">\n<span class=\"time\">13:15<\/span> <strong>Martin Boro\u0161<\/strong><br \/><em>O tom nepr\u00edjemnom, na \u010do je v\u017edy \u010das nesk\u00f4r &#8230; alebo webstr\u00e1nky a pr\u00e1vo<\/em><br \/>\n<em><a target=\"_blank\" href=\"http:\/\/wordpress.tv\/2014\/07\/27\/martin-boros-o-tom-neprijemnom-na-co-je-vzdy-cas-neskor-alebo-webstranky-a-pravo\/\">Pozri si video a prezent\u00e1ciu<\/a><\/em>\n<\/div>\n<div class=\"program-right\">\n<span class=\"time\">13:15<\/span> <strong>Peter Nem\u010dok<\/strong><br \/><em>Slobodn\u00fd softv\u00e9r, slobodn\u00e1 firma <br \/>(Diskusia o slobode v pr\u00e1ci a o slobodnom softv\u00e9ri)<\/em><br \/>\n<em><a target=\"_blank\" href=\"http:\/\/wordpress.tv\/2014\/05\/28\/peter-nemcok-slobodny-softver-slobodna-firma\/\">Pozri si video a prezent\u00e1ciu<\/a><\/em>\n<\/div>\n<hr \/>\n<div class=\"program-left\">\n<span class=\"time\">14:00<\/span> <strong>Thomas Maier [EN]<\/strong><br \/><em>How to make money with your (WordPress) project<\/em><br \/>\n<em><a target=\"_blank\" href=\"http:\/\/wordpress.tv\/2014\/07\/31\/thomas-maier-how-to-make-money-with-your-wordpress-project\/\">Pozri si video a prezent\u00e1ciu<\/a><\/em><\/p>\n<\/div>\n<div class=\"program-right\">\n<span class=\"time\">14:00<\/span> <strong>Ivan Potan\u010dok<\/strong><br \/><em>Less, Bootstrap<\/em><br \/>\n<em><a target=\"_blank\" href=\"http:\/\/wordpress.tv\/2014\/07\/13\/ivan-potancok-less-bootstrap\/\">Pozri si video a prezent\u00e1ciu<\/a><\/em>\n<\/div>\n<hr \/>\n<div class=\"program-left\">\n<span class=\"time\">14:45<\/span> <strong>Prest\u00e1vka<\/strong>\n<\/div>\n<div class=\"program-right\">\n<span class=\"time\">14:45<\/span> <strong>Prest\u00e1vka<\/strong>\n<\/div>\n<hr \/>\n<div class=\"program-left\">\n<span class=\"time\">15:00<\/span> <strong>Matej Lan\u010dari\u010d<\/strong><br \/><em>Ako n\u00e1m pomohol WooCommerce zdvojn\u00e1sobi\u0165 n\u00e1v\u0161tevnos\u0165<\/em><br \/>\n<em><a target=\"_blank\" href=\"http:\/\/wordpress.tv\/2014\/05\/29\/matej-lancaric-ondrej-monsberger-ako-nam-pomohol-woocommerce-zdvojnasobit-navstevnost\/\">Pozri si video a prezent\u00e1ciu<\/a><\/em>\n<\/div>\n<div class=\"program-right\">\n<span class=\"time\">15:00<\/span> <strong>Paolo Belcastro [EN]<\/strong><br \/><em>WordPress.com and Automattic<\/em>\n<\/div>\n<hr \/>\n<div class=\"program-left\">\n<span class=\"time\">15:45<\/span> <strong>Branislav Pokriv\u010d\u00e1k<\/strong><br \/><em>Ke\u010f Google Analytics nesta\u010d\u00ed- pokro\u010dil\u00e1 analytika pre WordPress a WooCommerce<\/em><br \/>\n<em><a target=\"_blank\" href=\"http:\/\/www.slideshare.net\/wcsk\/ke-google-analytics-nesta-brao-pokrivk\">Pozri si prezent\u00e1ciu<\/a><\/em>\n<\/div>\n<div class=\"program-right\">\n<span class=\"time\">15:45<\/span> <strong>J\u00e1n Bo\u010d\u00ednec<\/strong><br \/><em>Modern\u00e9 v\u00fdvojov\u00e9 a testovacie prostredie pre WordPress<\/em><br \/>\n<em><a target=\"_blank\" href=\"http:\/\/wordpress.tv\/2014\/07\/21\/jan-bocinec-moderne-vyvojove-a-testovacie-prostredie-pre-wordpress\/\">Pozri si video a prezent\u00e1ciu<\/a><\/em>\n<\/div>\n<hr \/>\n<h2>Spolo\u010dn\u00fd program<\/h2>\n<p><span class=\"time\">16:30<\/span> <strong>Panelov\u00e1 diskusia<\/strong><br \/>\n<em>Diskusia s \u00faspe\u0161n\u00fdmi podnikate\u013emi a bloggermi, ktor\u00ed pou\u017e\u00edvaj\u00fa WordPress<\/em><\/p>\n<p><span class=\"time\">18:00<\/span> <strong>After Party<\/strong><br \/>\n<a href=\"http:\/\/hopkirk.sk\" target=\"_blank\">Hopkirk Bar<\/a>, <a href=\"https:\/\/www.google.com\/maps\/place\/Hopkirk\/@48.156911,17.113476,17z\/data=!3m1!4b1!4m2!3m1!1s0x476c89523f76bca9:0x1efff0a407745329\" target=\"_blank\">Karpatsk\u00e1 2<\/a><\/p>\n","protected":false},"excerpt":{"rendered":"<p>Predn\u00e1\u0161ky bud\u00fa rozdelen\u00e9 do dvoch miestnost\u00ed. Jedna bude viac zameran\u00e1 na be\u017en\u00fdch pou\u017e\u00edvate\u013eov WordPress a druh\u00e1 pre WordPress profesion\u00e1lov. Viac inform\u00e1ci\u00ed o pripravovan\u00fdch t\u00e9mach a predn\u00e1\u0161aj\u00facich n\u00e1jdete na str\u00e1nke Sp\u00edkri. V\u0161etky predn\u00e1\u0161ky bud\u00fa zaznamen\u00e1van\u00e9 a uverejnen\u00e9 na WordPress.tv. 8:30 Registr\u00e1cia &hellip; <a href=\"https:\/\/slovakia.wordcamp.org\/2014\/program\/\">\u010c\u00edta\u0165 \u010falej <span class=\"screen-reader-text\">Program<\/span>  <span class=\"meta-nav\">&rarr;<\/span><\/a><\/p>\n","protected":false},"author":7606770,"featured_media":0,"parent":0,"menu_order":0,"comment_status":"closed","ping_status":"open","template":"template-full-width.php","meta":{"jetpack_post_was_ever_published":false,"footnotes":""},"class_list":["post-229798","page","type-page","status-publish","hentry"],"jetpack_sharing_enabled":true,"_links":{"self":[{"href":"https:\/\/slovakia.wordcamp.org\/2014\/wp-json\/wp\/v2\/pages\/229798","targetHints":{"allow":["GET"]}}],"collection":[{"href":"https:\/\/slovakia.wordcamp.org\/2014\/wp-json\/wp\/v2\/pages"}],"about":[{"href":"https:\/\/slovakia.wordcamp.org\/2014\/wp-json\/wp\/v2\/types\/page"}],"author":[{"embeddable":true,"href":"https:\/\/slovakia.wordcamp.org\/2014\/wp-json\/wp\/v2\/users\/7606770"}],"replies":[{"embeddable":true,"href":"https:\/\/slovakia.wordcamp.org\/2014\/wp-json\/wp\/v2\/comments?post=229798"}],"version-history":[{"count":81,"href":"https:\/\/slovakia.wordcamp.org\/2014\/wp-json\/wp\/v2\/pages\/229798\/revisions"}],"predecessor-version":[{"id":620766,"href":"https:\/\/slovakia.wordcamp.org\/2014\/wp-json\/wp\/v2\/pages\/229798\/revisions\/620766"}],"wp:attachment":[{"href":"https:\/\/slovakia.wordcamp.org\/2014\/wp-json\/wp\/v2\/media?parent=229798"}],"curies":[{"name":"wp","href":"https:\/\/api.w.org\/{rel}","templated":true}]}}