{"id":229801,"date":"2014-03-07T15:09:23","date_gmt":"2014-03-07T15:09:23","guid":{"rendered":"https:\/\/2014.slovakia.wordcamp.org\/?page_id=229801"},"modified":"2014-04-25T10:56:34","modified_gmt":"2014-04-25T10:56:34","slug":"registracia","status":"publish","type":"page","link":"https:\/\/slovakia.wordcamp.org\/2014\/registracia\/","title":{"rendered":"Registr\u00e1cia"},"content":{"rendered":"<p><del datetime=\"2014-04-25T10:53:26+00:00\">Zarezervuj si svoje miesto na WordCamp dopredu. Registr\u00e1cia bude akt\u00edvna do <strong>22.4.2014<\/strong> alebo do vypredania kapacity. Registr\u00e1cia na mieste v de\u0148 konania nebude mo\u017en\u00e1.<\/del><\/p>\n<p>Registration is closed.<\/p>\n","protected":false},"excerpt":{"rendered":"<p>Zarezervuj si svoje miesto na WordCamp dopredu. Registr\u00e1cia bude akt\u00edvna do 22.4.2014 alebo do vypredania kapacity. Registr\u00e1cia na mieste v de\u0148 konania nebude mo\u017en\u00e1. Registration is closed.<\/p>\n","protected":false},"author":7606770,"featured_media":0,"parent":0,"menu_order":0,"comment_status":"closed","ping_status":"closed","template":"","meta":{"jetpack_post_was_ever_published":false,"footnotes":""},"class_list":["post-229801","page","type-page","status-publish","hentry"],"jetpack_sharing_enabled":true,"_links":{"self":[{"href":"https:\/\/slovakia.wordcamp.org\/2014\/wp-json\/wp\/v2\/pages\/229801","targetHints":{"allow":["GET"]}}],"collection":[{"href":"https:\/\/slovakia.wordcamp.org\/2014\/wp-json\/wp\/v2\/pages"}],"about":[{"href":"https:\/\/slovakia.wordcamp.org\/2014\/wp-json\/wp\/v2\/types\/page"}],"author":[{"embeddable":true,"href":"https:\/\/slovakia.wordcamp.org\/2014\/wp-json\/wp\/v2\/users\/7606770"}],"replies":[{"embeddable":true,"href":"https:\/\/slovakia.wordcamp.org\/2014\/wp-json\/wp\/v2\/comments?post=229801"}],"version-history":[{"count":8,"href":"https:\/\/slovakia.wordcamp.org\/2014\/wp-json\/wp\/v2\/pages\/229801\/revisions"}],"predecessor-version":[{"id":620747,"href":"https:\/\/slovakia.wordcamp.org\/2014\/wp-json\/wp\/v2\/pages\/229801\/revisions\/620747"}],"wp:attachment":[{"href":"https:\/\/slovakia.wordcamp.org\/2014\/wp-json\/wp\/v2\/media?parent=229801"}],"curies":[{"name":"wp","href":"https:\/\/api.w.org\/{rel}","templated":true}]}}