{"id":4,"date":"2014-01-31T04:50:36","date_gmt":"2014-01-31T04:50:36","guid":{"rendered":"https:\/\/2014.slovakia.wordcamp.org\/?page_id=4"},"modified":"2014-04-25T15:10:15","modified_gmt":"2014-04-25T15:10:15","slug":"partneri","status":"publish","type":"page","link":"https:\/\/slovakia.wordcamp.org\/2014\/partneri\/","title":{"rendered":"Partneri"},"content":{"rendered":"<p>Chcete aj vy patri\u0165 medzi partnerov WordCamp Slovensko 2014? <a title=\"Kontakt\" href=\"https:\/\/2014.slovakia.wordcamp.org\/kontakt\/\" rel=\"nofollow\">Nap\u00ed\u0161te n\u00e1m.<br \/>\n<\/a><a href=\"https:\/\/2014.slovakia.wordcamp.org\/files\/2014\/02\/PresponzorovWordCampSlovensko2014_SK.pdf\" rel=\"nofollow\">Inform\u00e1cie pre sponzorov a partnerov [SK]<\/a>, <a href=\"https:\/\/2014.slovakia.wordcamp.org\/files\/2014\/02\/SponsorsWordCampSlovakia2014_EN.pdf\" rel=\"nofollow\">Information for sponsors and partners [EN]<\/a><\/p>\n\n\t\t<div class=\"sponsors\">\n\t\t\t\t\t\t\t\n\t\t\t\t<div class=\"sponsor-level organizer\">\n\t\t\t\t\t<h2 class=\"sponsor-level-title\">\n\t\t\t\t\t\tOrganizer\t\t\t\t\t<\/h2>\n\n\t\t\t\t\t\n\t\t\t\t\t<div id=\"post-387390\" class=\"sponsor post-387390 wcb_sponsor type-wcb_sponsor status-publish has-post-thumbnail hentry wcb_sponsor_level-organizer\" >\n\t\t\t\t\t\t<h3 class=\"entry-title sponsor-title\">\n\t\t\t\t\t\t\t<a href=\"https:\/\/slovakia.wordcamp.org\/2014\/sponsor\/webikon\/\">\n\t\t\t\t\t\t\t\t<img loading=\"lazy\" decoding=\"async\" width=\"300\" height=\"85\" src=\"https:\/\/slovakia.wordcamp.org\/2014\/files\/2014\/03\/logo-webikon.png\" class=\"attachment-post-thumbnail size-post-thumbnail wp-post-image\" alt=\"\" \/>\t\t\t\t\t\t\t<\/a>\n\t\t\t\t\t\t<\/h3>\n\n\t\t\t\t\t\t<div class=\"entry-content sponsor-description\">\n\t\t\t\t\t\t\t<p><a href=\"http:\/\/www.webikon.sk\/\" rel=\"nofollow\">Webikon<\/a> s\u00fa experti na WordPress a webov\u00e9 technol\u00f3gie maj\u00fa v mal\u00ed\u010dku. Va\u0161e po\u017eiadavky na nov\u00fd web s\u00fa pre nich sv\u00e4t\u00e9 a ke\u010f ich zmie\u0161aj\u00fa so svojimi poznatkami z tvorby webov\u00fdch str\u00e1nok, v\u00fdsledkom je \u0161pi\u010dkov\u00e1 web str\u00e1nka. \u017dij\u00fa webom r\u00e1no, ke\u010f sa budia, i ve\u010der, ke\u010f si l\u00edhaj\u00fa spa\u0165.<\/p>\n<p>Pou\u017e\u00edvaj\u00fa na to jeden z najlep\u0161\u00edch redak\u010dn\u00fdch syst\u00e9mov na svete \u2013 <a href=\"http:\/\/wordpress.org\/\" rel=\"nofollow\">WordPress<\/a>. Vie sa preobliec\u0165 do o\u010daruj\u00facich grafick\u00fdch t\u00e9m a dizajnov. Jeho ovl\u00e1danie vynik\u00e1 jednoduchos\u0165ou, pri\u010dom v\u0161ak z\u00e1rove\u0148 pon\u00faka \u0161irok\u00fa \u0161k\u00e1lu funkci\u00ed. Pre v\u00e1\u0161 web pou\u017eij\u00fa len tie, ktor\u00e9 naozaj potrebujete. Kedyko\u013evek v\u00e1m pod\u013ea potreby spustia \u010fal\u0161ie a \u010fal\u0161ie\u2026<\/p>\n<hr>\n<p><a href=\"http:\/\/www.webikon.sk\/\" rel=\"nofollow\">Webikon<\/a> are an experts on WordPress and they handle web technologies with ease. For them, your specific requirements for your new website are sacred, and when they combine them with their knowledge in creating websites, the result is top class website. They live with your website in the morning when we wake up, and at night when they go to sleep.<\/p>\n<p>They use one of the best content management systems in the world \u2013 <a href=\"http:\/\/wordpress.org\/\" rel=\"nofollow\">WordPress<\/a>. It can be dressed into astonishing graphic themes and designs. It\u2019s easy to command, but at the same time it offers wide range of functions. For your website, they\u2019ll use just the ones you really need. At any time they can run more and more of them\u2026<\/p>\n\t\t\t\t\t\t<\/div>\n\t\t\t\t\t<\/div>\n\n\t\t\t\t\t\n\t\t\t\t<\/div>\n\t\t\t\t\t\t\t\n\t\t\t\t<div class=\"sponsor-level platinum\">\n\t\t\t\t\t<h2 class=\"sponsor-level-title\">\n\t\t\t\t\t\tPlatinum\t\t\t\t\t<\/h2>\n\n\t\t\t\t\t\n\t\t\t\t\t<div id=\"post-266500\" class=\"sponsor post-266500 wcb_sponsor type-wcb_sponsor status-publish has-post-thumbnail hentry wcb_sponsor_level-platinum\" >\n\t\t\t\t\t\t<h3 class=\"entry-title sponsor-title\">\n\t\t\t\t\t\t\t<a href=\"https:\/\/slovakia.wordcamp.org\/2014\/sponsor\/bluehost\/\">\n\t\t\t\t\t\t\t\t<img loading=\"lazy\" decoding=\"async\" width=\"300\" height=\"77\" src=\"https:\/\/slovakia.wordcamp.org\/2014\/files\/2014\/02\/bluehost-logo.gif\" class=\"attachment-post-thumbnail size-post-thumbnail wp-post-image\" alt=\"\" \/>\t\t\t\t\t\t\t<\/a>\n\t\t\t\t\t\t<\/h3>\n\n\t\t\t\t\t\t<div class=\"entry-content sponsor-description\">\n\t\t\t\t\t\t\t<p><a title=\"bluehost\" href=\"http:\/\/www.bluehost.com\/\" target=\"_blank\" rel=\"nofollow\">Bluehost <\/a>has been a WordPress partner since 2005 and powers over one million WordPress sites. Their goal is to provide outstanding hosting services and customer support for the best possible price. Bluehost is also constantly innovating and upgrading their services and infrastructure at no additional cost to their customers. Join the millions of other website owners that have already chosen Bluehost and see how they can help you with your site.<\/p>\n\t\t\t\t\t\t<\/div>\n\t\t\t\t\t<\/div>\n\n\t\t\t\t\t\n\t\t\t\t\t<div id=\"post-267127\" class=\"sponsor post-267127 wcb_sponsor type-wcb_sponsor status-publish has-post-thumbnail hentry wcb_sponsor_level-platinum\" >\n\t\t\t\t\t\t<h3 class=\"entry-title sponsor-title\">\n\t\t\t\t\t\t\t<a href=\"https:\/\/slovakia.wordcamp.org\/2014\/sponsor\/code-poet\/\">\n\t\t\t\t\t\t\t\t<img loading=\"lazy\" decoding=\"async\" width=\"300\" height=\"92\" src=\"https:\/\/slovakia.wordcamp.org\/2014\/files\/2014\/02\/codepoet-logo.png\" class=\"attachment-post-thumbnail size-post-thumbnail wp-post-image\" alt=\"\" \/>\t\t\t\t\t\t\t<\/a>\n\t\t\t\t\t\t<\/h3>\n\n\t\t\t\t\t\t<div class=\"entry-content sponsor-description\">\n\t\t\t\t\t\t\t<p>If you use WordPress to build things for other people, <a title=\"code poet\" href=\"http:\/\/build.codepoet.com\/\" target=\"_blank\" rel=\"nofollow\">Code Poet<\/a> wants to make your life easier. No matter whether you freelance on a solo basis, lead a small web shop, make plugins in a dark closet, or crack the whip at a large design firm, Code Poet\u2019s aim is to become your go-to source of information and resources to help you expand your WordPress skills and know-how. To make you better at what you do. To make it easier to make your living and look great doing it.<\/p>\n<p>You\u2019re part of a tribe of WordPress designers and developers over 10,000 strong, spanning the entire globe. codepoet.com aims to bring the working knowledge and real world strategies of those people into one place, for you to tap into.<\/p>\n\t\t\t\t\t\t<\/div>\n\t\t\t\t\t<\/div>\n\n\t\t\t\t\t\n\t\t\t\t\t<div id=\"post-267137\" class=\"sponsor post-267137 wcb_sponsor type-wcb_sponsor status-publish has-post-thumbnail hentry wcb_sponsor_level-platinum\" >\n\t\t\t\t\t\t<h3 class=\"entry-title sponsor-title\">\n\t\t\t\t\t\t\t<a href=\"https:\/\/slovakia.wordcamp.org\/2014\/sponsor\/34sp-com\/\">\n\t\t\t\t\t\t\t\t<img loading=\"lazy\" decoding=\"async\" width=\"309\" height=\"61\" src=\"https:\/\/slovakia.wordcamp.org\/2014\/files\/2014\/02\/34sp-logo.png\" class=\"attachment-post-thumbnail size-post-thumbnail wp-post-image\" alt=\"\" srcset=\"https:\/\/slovakia.wordcamp.org\/2014\/files\/2014\/02\/34sp-logo.png 309w, https:\/\/slovakia.wordcamp.org\/2014\/files\/2014\/02\/34sp-logo-300x59.png 300w\" sizes=\"auto, (max-width: 309px) 100vw, 309px\" \/>\t\t\t\t\t\t\t<\/a>\n\t\t\t\t\t\t<\/h3>\n\n\t\t\t\t\t\t<div class=\"entry-content sponsor-description\">\n\t\t\t\t\t\t\t<p><a title=\"34SP.com\" href=\"http:\/\/34SP.com\" target=\"_blank\" rel=\"nofollow\">34SP.com<\/a> is a professional website hosting and domain name registration company offering services for web developers, bloggers, designers and small businesses throughout the world. The 34SP.com team of technical experts offers support and service coupled with a money-back guarantee to ensure client satisfaction. 34SP.com has particular focus in WordPress hosting, having supported the WordPress community since WordPress was originally developed and launched in 2003. The company currently hosts thousands of WordPress websites and is headquartered in central Manchester, England.<\/p>\n\t\t\t\t\t\t<\/div>\n\t\t\t\t\t<\/div>\n\n\t\t\t\t\t\n\t\t\t\t<\/div>\n\t\t\t\t\t\t\t\t\t\t\t\n\t\t\t\t<div class=\"sponsor-level silver\">\n\t\t\t\t\t<h2 class=\"sponsor-level-title\">\n\t\t\t\t\t\tSilver\t\t\t\t\t<\/h2>\n\n\t\t\t\t\t\n\t\t\t\t\t<div id=\"post-267140\" class=\"sponsor post-267140 wcb_sponsor type-wcb_sponsor status-publish has-post-thumbnail hentry wcb_sponsor_level-silver\" >\n\t\t\t\t\t\t<h3 class=\"entry-title sponsor-title\">\n\t\t\t\t\t\t\t<a href=\"https:\/\/slovakia.wordcamp.org\/2014\/sponsor\/wpml\/\">\n\t\t\t\t\t\t\t\t<img loading=\"lazy\" decoding=\"async\" width=\"300\" height=\"96\" src=\"https:\/\/slovakia.wordcamp.org\/2014\/files\/2014\/02\/WPML-logo.png\" class=\"attachment-post-thumbnail size-post-thumbnail wp-post-image\" alt=\"\" \/>\t\t\t\t\t\t\t<\/a>\n\t\t\t\t\t\t<\/h3>\n\n\t\t\t\t\t\t<div class=\"entry-content sponsor-description\">\n\t\t\t\t\t\t\t<p>WPML turns WordPress websites multilingual. It works with caching, SEO and E-Commerce plugins, and allows the building of complete multilingual sites. WPML powers simple blogs as well as corporate and enterprise sites.<\/p>\n<p>WPML allows users to translate everything in the site, including content, menus, widgets and even theme and plugin texts. WPML powers over 400,000 commercial websites from all over the world.<\/p>\n<p>More information about going multilingual can be found at <a title=\"wpml\" href=\"http:\/\/wpml.org\" target=\"_blank\" rel=\"nofollow\">WPML.org<\/a><\/p>\n\t\t\t\t\t\t<\/div>\n\t\t\t\t\t<\/div>\n\n\t\t\t\t\t\n\t\t\t\t\t<div id=\"post-402355\" class=\"sponsor post-402355 wcb_sponsor type-wcb_sponsor status-publish has-post-thumbnail hentry wcb_sponsor_level-silver\" >\n\t\t\t\t\t\t<h3 class=\"entry-title sponsor-title\">\n\t\t\t\t\t\t\t<a href=\"https:\/\/slovakia.wordcamp.org\/2014\/sponsor\/foliovision\/\">\n\t\t\t\t\t\t\t\t<img loading=\"lazy\" decoding=\"async\" width=\"300\" height=\"93\" src=\"https:\/\/slovakia.wordcamp.org\/2014\/files\/2014\/03\/foliovision-logo.png\" class=\"attachment-post-thumbnail size-post-thumbnail wp-post-image\" alt=\"\" \/>\t\t\t\t\t\t\t<\/a>\n\t\t\t\t\t\t<\/h3>\n\n\t\t\t\t\t\t<div class=\"entry-content sponsor-description\">\n\t\t\t\t\t\t\t<p><a target=\"_blank\" title=\"Foliovision\" href=\"http:\/\/foliovision.com\/\" rel=\"nofollow\">Foliovision<\/a> is a full service web agency, providing strategy, conceptual work, design and programming from a focused team of thirty in Bratislava. Our tagline \u201cMaking the web work for you\u201d is what we live by. Our clients are from all over the world. What unites them is their delight at being able to simplify their lives and businesses by unifying all their online marketing and development needs met by a single team. Many of our commercial clients enjoy top rankings in Google. Other clients include world leaders in fitness, cooking or even progressive politics.<\/p>\n<p>The building block behind all our sites is WordPress, in which we built our second and every subsequent CMSdriven site since 2004. Our first CTO John Godley now works at Automattic. John laid in a strong structure for the plugin development we do until this day, with high rated plugins in comment management, video, SEO and anti-spam all under the FV brand. All our plugins have same day support. We continue to deepen our plugin library while developing a pro line.<\/p>\n<p>We are blessed to have always had more work than we can physically do and are always looking for new programmers, designers, CSS coders and content experts to join our team. We like to work with other self-starting, active people who enjoy sharing information and intelligent conversation. Many of our team enjoy regular professional engagements as musicians, dancers, writers or photographers in addition to their work in Foliovision.<\/p>\n\t\t\t\t\t\t<\/div>\n\t\t\t\t\t<\/div>\n\n\t\t\t\t\t\n\t\t\t\t<\/div>\n\t\t\t\t\t\t\t\n\t\t\t\t<div class=\"sponsor-level bronze\">\n\t\t\t\t\t<h2 class=\"sponsor-level-title\">\n\t\t\t\t\t\tBronze\t\t\t\t\t<\/h2>\n\n\t\t\t\t\t\n\t\t\t\t\t<div id=\"post-223457\" class=\"sponsor post-223457 wcb_sponsor type-wcb_sponsor status-publish has-post-thumbnail hentry wcb_sponsor_level-bronze\" >\n\t\t\t\t\t\t<h3 class=\"entry-title sponsor-title\">\n\t\t\t\t\t\t\t<a href=\"https:\/\/slovakia.wordcamp.org\/2014\/sponsor\/mailpoet\/\">\n\t\t\t\t\t\t\t\t<img loading=\"lazy\" decoding=\"async\" width=\"300\" height=\"77\" src=\"https:\/\/slovakia.wordcamp.org\/2014\/files\/2014\/01\/mailpoet-logo.png\" class=\"attachment-post-thumbnail size-post-thumbnail wp-post-image\" alt=\"\" \/>\t\t\t\t\t\t\t<\/a>\n\t\t\t\t\t\t<\/h3>\n\n\t\t\t\t\t\t<div class=\"entry-content sponsor-description\">\n\t\t\t\t\t\t\t<p>Newsletters,\u00a0Post Notifications,\u00a0&amp; Autoresponders\u00a0in a WordPress plugin.\u00a0We built MailPoet with the idea that newsletters in WordPress should be easy. Not hard. Forget MailChimp, Aweber, etc. We&#8217;re the good guys inside your WordPress.<\/p>\n<p><a href=\"http:\/\/wordpress.org\/support\/view\/plugin-reviews\/wysija-newsletters\" rel=\"nofollow\">http:\/\/wordpress.org\/support\/view\/plugin-reviews\/wysija-newsletters<\/a><\/p>\n\t\t\t\t\t\t<\/div>\n\t\t\t\t\t<\/div>\n\n\t\t\t\t\t\n\t\t\t\t<\/div>\n\t\t\t\t\t<\/div>\n\n\t\t\n<div class=\"sponsor-level\">\n<h2 class=\"sponsor-level-title\">Media<\/h2>\n<div class=\"wcb_sponsor type-wcb_sponsor status-publish has-post-thumbnail hentry sponsor\">\n<h3 class=\"entry-title sponsor-title\"><a href=\"http:\/\/robime.it\" target=\"_blank\" rel=\"nofollow\"><img loading=\"lazy\" decoding=\"async\" width=\"300\" height=\"77\" alt=\"mailpoet-logo\" class=\"attachment-post-thumbnail wp-post-image\" src=\"https:\/\/2014.slovakia.wordcamp.org\/files\/2014\/04\/robime.it-logo.png\"><\/a><\/h3>\n<\/div>\n<div class=\"wcb_sponsor type-wcb_sponsor status-publish has-post-thumbnail hentry sponsor\">\n<h3 class=\"entry-title sponsor-title\"><a href=\"http:\/\/zive.sk\" target=\"_blank\" rel=\"nofollow\"><img loading=\"lazy\" decoding=\"async\" width=\"300\" height=\"146\" alt=\"zivesk-logo\" class=\"attachment-post-thumbnail wp-post-image\" src=\"https:\/\/2014.slovakia.wordcamp.org\/files\/2014\/04\/Zivesk_finals.png\"><\/a><\/h3>\n<\/div>\n<\/div>\n","protected":false},"excerpt":{"rendered":"<p>Chcete aj vy patri\u0165 medzi partnerov WordCamp Slovensko 2014? Nap\u00ed\u0161te n\u00e1m. Inform\u00e1cie pre sponzorov a partnerov [SK], Information for sponsors and partners [EN] Media<\/p>\n","protected":false},"author":1162914,"featured_media":0,"parent":0,"menu_order":0,"comment_status":"closed","ping_status":"open","template":"","meta":{"jetpack_post_was_ever_published":false,"footnotes":""},"class_list":["post-4","page","type-page","status-publish","hentry"],"jetpack_sharing_enabled":true,"_links":{"self":[{"href":"https:\/\/slovakia.wordcamp.org\/2014\/wp-json\/wp\/v2\/pages\/4","targetHints":{"allow":["GET"]}}],"collection":[{"href":"https:\/\/slovakia.wordcamp.org\/2014\/wp-json\/wp\/v2\/pages"}],"about":[{"href":"https:\/\/slovakia.wordcamp.org\/2014\/wp-json\/wp\/v2\/types\/page"}],"author":[{"embeddable":true,"href":"https:\/\/slovakia.wordcamp.org\/2014\/wp-json\/wp\/v2\/users\/1162914"}],"replies":[{"embeddable":true,"href":"https:\/\/slovakia.wordcamp.org\/2014\/wp-json\/wp\/v2\/comments?post=4"}],"version-history":[{"count":11,"href":"https:\/\/slovakia.wordcamp.org\/2014\/wp-json\/wp\/v2\/pages\/4\/revisions"}],"predecessor-version":[{"id":620757,"href":"https:\/\/slovakia.wordcamp.org\/2014\/wp-json\/wp\/v2\/pages\/4\/revisions\/620757"}],"wp:attachment":[{"href":"https:\/\/slovakia.wordcamp.org\/2014\/wp-json\/wp\/v2\/media?parent=4"}],"curies":[{"name":"wp","href":"https:\/\/api.w.org\/{rel}","templated":true}]}}