{"id":10,"date":"2014-11-07T23:48:31","date_gmt":"2014-11-07T22:48:31","guid":{"rendered":"https:\/\/2015.slovakia.wordcamp.org\/organizers\/"},"modified":"2015-01-26T18:59:31","modified_gmt":"2015-01-26T17:59:31","slug":"organizatori","status":"publish","type":"page","link":"https:\/\/slovakia.wordcamp.org\/2015\/organizatori\/","title":{"rendered":"Organiz\u00e1tori"},"content":{"rendered":"<p>Tohtoro\u010dn\u00fd <strong>WordCamp Slovensko<\/strong> t\u00edm:<\/p>\n\t<div class=\"wcorg-organizers\">\n\n\t\t\n\t\t\t<div class=\"wcorg-organizer\">\n\t\t\t\t<h2>J\u00e1n Bo\u010d\u00ednec<\/h2>\n\t\t\t\t<div class=\"wcorg-organizer-description\">\n\t\t\t\t\t\t\t\t\t\t\t\t\t\t\t<p>WordPress guru so slabos\u0165ou pre pivo a pekn\u00e9 \u017eeny.<br \/>\n<a href=\"https:\/\/twitter.com\/johnnypea\" target=\"_blank\">@johnnypea<\/a><\/p>\n\t\t\t\t<\/div>\n\t\t\t<\/div>\n\n\t\t\n\t\t\t<div class=\"wcorg-organizer\">\n\t\t\t\t<h2>Peter Nem\u010dok<\/h2>\n\t\t\t\t<div class=\"wcorg-organizer-description\">\n\t\t\t\t\t\t\t\t\t\t\t\t\t\t\t<p>Zakladate\u013e WP.sk a drajver slovenskej\u00a0WordPress komunity.<br \/>\n<a href=\"https:\/\/twitter.com\/peternemcok\" target=\"_blank\">@peternemcok<\/a><\/p>\n\t\t\t\t<\/div>\n\t\t\t<\/div>\n\n\t\t\n\t\t\t<div class=\"wcorg-organizer\">\n\t\t\t\t<h2>Helena \u017di\u017e\u00e1kov\u00e1<\/h2>\n\t\t\t\t<div class=\"wcorg-organizer-description\">\n\t\t\t\t\t\t\t\t\t\t\t\t\t\t\t<p>Mana\u017e\u00e9rka hapiness, kinomania\u010dka a workoholi\u010dka.<\/p>\n\t\t\t\t<\/div>\n\t\t\t<\/div>\n\n\t\t\n\t\t\t<div class=\"wcorg-organizer\">\n\t\t\t\t<h2>Martina Trep\u00e1kov\u00e1<\/h2>\n\t\t\t\t<div class=\"wcorg-organizer-description\">\n\t\t\t\t\t\t\t\t\t\t\t\t\t\t\t<p>Zanieten\u00e1 copywriterka a milovn\u00ed\u010dka exotick\u00fdch kraj\u00edn.<br \/>\n<a href=\"https:\/\/twitter.com\/berny_ka\" target=\"_blank\">@berny_ka <\/a><\/p>\n\t\t\t\t<\/div>\n\t\t\t<\/div>\n\n\t\t\n\t\t\t<div class=\"wcorg-organizer\">\n\t\t\t\t<h2>Luk\u00e1\u0161 \u010cerman<\/h2>\n\t\t\t\t<div class=\"wcorg-organizer-description\">\n\t\t\t\t\t\t\t\t\t\t\t\t\t\t\t<p>V\u00e1\u0161niv\u00fd fotograf a WordPress fajn\u0161meker.<br \/>\n<a href=\"https:\/\/twitter.com\/antiq\">@antiq<\/a><\/p>\n\t\t\t\t<\/div>\n\t\t\t<\/div>\n\n\t\t\n\t\t\t<div class=\"wcorg-organizer\">\n\t\t\t\t<h2>Mat\u00fa\u0161 Luk\u00e1\u010d<\/h2>\n\t\t\t\t<div class=\"wcorg-organizer-description\">\n\t\t\t\t\t\t\t\t\t\t\t\t\t\t\t<p>Grafik namieru.<br \/>\n<a href=\"https:\/\/twitter.com\/matus_lukac\" target=\"_blank\">@matus_lukac<\/a><\/p>\n\t\t\t\t<\/div>\n\t\t\t<\/div>\n\n\t\t\n\t\t\t<div class=\"wcorg-organizer\">\n\t\t\t\t<h2>Monika Purgiov\u00e1<\/h2>\n\t\t\t\t<div class=\"wcorg-organizer-description\">\n\t\t\t\t\t\t\t\t\t\t\t\t\t\t\t<p>Trance a PPC mania\u010dka.<\/p>\n\t\t\t\t<\/div>\n\t\t\t<\/div>\n\n\t\t\n\t\t\t<div class=\"wcorg-organizer\">\n\t\t\t\t<h2>R\u00f3bert Holka<\/h2>\n\t\t\t\t<div class=\"wcorg-organizer-description\">\n\t\t\t\t\t\t\t\t\t\t\t\t\t\t\t\t\t\t\t<\/div>\n\t\t\t<\/div>\n\n\t\t\n\t<\/div><!-- .wcorg-organizers -->\n\t\n","protected":false},"excerpt":{"rendered":"<p>Tohtoro\u010dn\u00fd WordCamp Slovensko t\u00edm:<\/p>\n","protected":false},"author":461175,"featured_media":0,"parent":0,"menu_order":0,"comment_status":"open","ping_status":"closed","template":"","meta":{"jetpack_post_was_ever_published":false,"footnotes":""},"class_list":["post-10","page","type-page","status-publish","hentry"],"jetpack_shortlink":"https:\/\/wp.me\/P5jyiY-a","jetpack_sharing_enabled":true,"_links":{"self":[{"href":"https:\/\/slovakia.wordcamp.org\/2015\/wp-json\/wp\/v2\/pages\/10","targetHints":{"allow":["GET"]}}],"collection":[{"href":"https:\/\/slovakia.wordcamp.org\/2015\/wp-json\/wp\/v2\/pages"}],"about":[{"href":"https:\/\/slovakia.wordcamp.org\/2015\/wp-json\/wp\/v2\/types\/page"}],"author":[{"embeddable":true,"href":"https:\/\/slovakia.wordcamp.org\/2015\/wp-json\/wp\/v2\/users\/461175"}],"replies":[{"embeddable":true,"href":"https:\/\/slovakia.wordcamp.org\/2015\/wp-json\/wp\/v2\/comments?post=10"}],"version-history":[{"count":6,"href":"https:\/\/slovakia.wordcamp.org\/2015\/wp-json\/wp\/v2\/pages\/10\/revisions"}],"predecessor-version":[{"id":1676,"href":"https:\/\/slovakia.wordcamp.org\/2015\/wp-json\/wp\/v2\/pages\/10\/revisions\/1676"}],"wp:attachment":[{"href":"https:\/\/slovakia.wordcamp.org\/2015\/wp-json\/wp\/v2\/media?parent=10"}],"curies":[{"name":"wp","href":"https:\/\/api.w.org\/{rel}","templated":true}]}}