{"id":11,"date":"2014-11-07T23:48:31","date_gmt":"2014-11-07T22:48:31","guid":{"rendered":"https:\/\/2015.slovakia.wordcamp.org\/?page_id=11"},"modified":"2015-04-15T15:07:15","modified_gmt":"2015-04-15T14:07:15","slug":"registracia","status":"publish","type":"page","link":"https:\/\/slovakia.wordcamp.org\/2015\/registracia\/","title":{"rendered":"Registr\u00e1cia"},"content":{"rendered":"<p>K\u00fapou\u00a0l\u00edstka prispeje\u0161 na organiz\u00e1ciu WordCamp Slovensko 2015. V cene ka\u017ed\u00e9ho l\u00edstka je zahrnut\u00e9 vstupn\u00e9, ob\u010derstvenie, mal\u00e9 prekvapenie a welcome drink na afterparty.<br \/>\nOkrem <a title=\"L\u00edstky\" href=\"https:\/\/2015.slovakia.wordcamp.org\/listky\/\">z\u00e1kladn\u00e9ho l\u00edstka<\/a> m\u00e1me na v\u00fdber aj \u010fal\u0161ie dve mo\u017enosti.<\/p>\n<hr \/>\n<p><a title=\"L\u00edstky\" href=\"https:\/\/2015.slovakia.wordcamp.org\/listky\/\">Z\u013eavnen\u00fd \u0161tudentsk\u00fd l\u00edstok<\/a> je pre v\u0161etk\u00fdch mlad\u00fdch s platnou ISIC kartou.<\/p>\n<hr \/>\n<p><a title=\"L\u00edstky\" href=\"https:\/\/2015.slovakia.wordcamp.org\/listky\/\">K\u00fapou\u00a0VIP l\u00edstka<\/a> podpor\u00ed\u0161 slovensk\u00fa WordPress komunitu a prispeje\u0161 na organiz\u00e1ciu WordCamp. Ako po\u010fakovanie\u00a0dostane\u0161 \u0161peci\u00e1lny dar\u010dek.<\/p>\n<hr \/>\n<p><a class=\"register-button\" title=\"Registr\u00e1cia \u00fa\u010dastn\u00edkov\" href=\"https:\/\/2015.slovakia.wordcamp.org\/listky\/\">Chcem si k\u00fapi\u0165 l\u00edstok<\/a><\/p>\n","protected":false},"excerpt":{"rendered":"<p>K\u00fapou\u00a0l\u00edstka prispeje\u0161 na organiz\u00e1ciu WordCamp Slovensko 2015. V cene ka\u017ed\u00e9ho l\u00edstka je zahrnut\u00e9 vstupn\u00e9, ob\u010derstvenie, mal\u00e9 prekvapenie a welcome drink na afterparty. Okrem z\u00e1kladn\u00e9ho l\u00edstka m\u00e1me na v\u00fdber aj \u010fal\u0161ie dve mo\u017enosti. Z\u013eavnen\u00fd \u0161tudentsk\u00fd l\u00edstok je pre v\u0161etk\u00fdch mlad\u00fdch s &hellip; <a href=\"https:\/\/slovakia.wordcamp.org\/2015\/registracia\/\">Pokra\u010dova\u0165 v \u010d\u00edtan\u00ed <span class=\"meta-nav\">&rarr;<\/span><\/a><\/p>\n","protected":false},"author":461175,"featured_media":0,"parent":0,"menu_order":0,"comment_status":"closed","ping_status":"closed","template":"","meta":{"jetpack_post_was_ever_published":false,"footnotes":""},"class_list":["post-11","page","type-page","status-publish","hentry"],"jetpack_shortlink":"https:\/\/wp.me\/P5jyiY-b","jetpack_sharing_enabled":true,"_links":{"self":[{"href":"https:\/\/slovakia.wordcamp.org\/2015\/wp-json\/wp\/v2\/pages\/11","targetHints":{"allow":["GET"]}}],"collection":[{"href":"https:\/\/slovakia.wordcamp.org\/2015\/wp-json\/wp\/v2\/pages"}],"about":[{"href":"https:\/\/slovakia.wordcamp.org\/2015\/wp-json\/wp\/v2\/types\/page"}],"author":[{"embeddable":true,"href":"https:\/\/slovakia.wordcamp.org\/2015\/wp-json\/wp\/v2\/users\/461175"}],"replies":[{"embeddable":true,"href":"https:\/\/slovakia.wordcamp.org\/2015\/wp-json\/wp\/v2\/comments?post=11"}],"version-history":[{"count":38,"href":"https:\/\/slovakia.wordcamp.org\/2015\/wp-json\/wp\/v2\/pages\/11\/revisions"}],"predecessor-version":[{"id":2699,"href":"https:\/\/slovakia.wordcamp.org\/2015\/wp-json\/wp\/v2\/pages\/11\/revisions\/2699"}],"wp:attachment":[{"href":"https:\/\/slovakia.wordcamp.org\/2015\/wp-json\/wp\/v2\/media?parent=11"}],"curies":[{"name":"wp","href":"https:\/\/api.w.org\/{rel}","templated":true}]}}