{"id":1264,"date":"2015-01-12T17:00:21","date_gmt":"2015-01-12T16:00:21","guid":{"rendered":"https:\/\/2015.slovakia.wordcamp.org\/?page_id=1264"},"modified":"2015-04-14T11:54:57","modified_gmt":"2015-04-14T10:54:57","slug":"o-wordcamp","status":"publish","type":"page","link":"https:\/\/slovakia.wordcamp.org\/2015\/","title":{"rendered":"O WordCamp"},"content":{"rendered":"<div class=\"box-icons\">\n<div class=\"box-icon\"><a title=\"Program\" href=\"https:\/\/2015.slovakia.wordcamp.org\/program\/\"><img decoding=\"async\" src=\"https:\/\/2015.slovakia.wordcamp.org\/files\/2015\/01\/schedule.png\" alt=\"D\u00e1tum konania\" \/><\/a><\/p>\n<div>18. 4. 2015<\/div>\n<p>od 9:00 do cca 17:00<\/p>\n<\/div>\n<div class=\"box-icon\"><a title=\"Miesto\" href=\"https:\/\/2015.slovakia.wordcamp.org\/miesto\/\"><img decoding=\"async\" src=\"https:\/\/2015.slovakia.wordcamp.org\/files\/2015\/01\/location.png\" alt=\"Miesto konania\" \/><\/a><\/p>\n<div>FIIT STU Bratislava<\/div>\n<p>Ilkovi\u010dova 6276<\/p>\n<\/div>\n<div class=\"box-icon\"><a title=\"Kontakt\" href=\"https:\/\/2015.slovakia.wordcamp.org\/kontakt\/\"><img decoding=\"async\" src=\"https:\/\/2015.slovakia.wordcamp.org\/files\/2015\/01\/contact.png\" alt=\"Kontakt\" \/><\/a><\/p>\n<div>@WordPressSK<\/div>\n<p>#wcsk<\/p>\n<\/div>\n<div class=\"clear\"><\/div>\n<\/div>\n<p>Ka\u017edoro\u010dne sa po celom svete organizuj\u00fa ob\u013e\u00faben\u00e9 <a title=\"WordCamp Central\" href=\"http:\/\/central.wordcamp.org\/\" target=\"_blank\">WordCamp konferencie<\/a>. Na\u0161\u0165astie ani Slovensko nie je v\u00fdnimkou. U\u017e <strong>v\u00a0apr\u00edli<\/strong> si m\u00f4\u017ee\u0161 na <strong>WordCamp Slovensko<\/strong> vychutna\u0165 \u010derstv\u00e9 novinky a trendy, pom\u00f4c\u0165 s probl\u00e9mami pri pou\u017e\u00edvan\u00ed a roz\u0161\u00edri\u0165 povedomie o popul\u00e1rnom redak\u010dnom syst\u00e9me (CMS \u2013 Content Management System) <a title=\"WordPress\" href=\"https:\/\/wordpress.org\/\" target=\"_blank\">WordPress<\/a>.<\/p>\n<p><em>WordCamp<\/em> sa postupom \u010dasu stal pre mnoh\u00fdch jedn\u00fdm z najv\u00fdznamnej\u0161\u00edch <strong>IT podujat\u00ed roka<\/strong>. Ka\u017edoro\u010dne sa ho z\u00fa\u010dastn\u00ed <strong>nieko\u013eko desiatok tis\u00edc WordPress nad\u0161encov<\/strong> z cel\u00e9ho sveta.<\/p>\n<p>Tento rok sa na Slovensku odohr\u00e1 u\u017e <strong>\u0161tvrt\u00fd ro\u010dn\u00edk<\/strong> WordCamp konferencie. Op\u00e4\u0165 si spolo\u010dne budeme vychutn\u00e1va\u0165 podujatie v\u00a0modern\u00fdch priestoroch Fakulty informatiky a informa\u010dn\u00fdch technol\u00f3gi\u00ed Slovenskej technickej univerzity (FIIT STU) v\u00a0Bratislave.<\/p>\n<p>Konferencia bude prebieha\u0165 po\u010das cel\u00e9ho d\u0148a v\u00a0neform\u00e1lnom a priate\u013eskom duchu. Bude\u0161 ma\u0165 \u0161ancu sa osobne porozpr\u00e1va\u0165 s \u010dlenmi medzin\u00e1rodnej IT komunity, vypo\u010du\u0165 si cenn\u00e9 <strong>predn\u00e1\u0161ky<\/strong> od popredn\u00fdch WordPress expertov a\u00a0nadviaza\u0165 <strong>nov\u00e9 kontakty<\/strong> aj medzi \u00fa\u010dastn\u00edkmi. Nepochybujeme o\u00a0tom, \u017ee to bud\u00fa tie\u017e zauj\u00edmav\u00e9 osobnosti.<\/p>\n<p>Po\u010das soboty 18. 4. 2015\u00a0sa bude\u0161 m\u00f4c\u0165 z\u00fa\u010dastni\u0165\u00a0r\u00f4zne zameran\u00fdch predn\u00e1\u0161ok, ktor\u00e9 bud\u00fa prebieha\u0165 v dvoch miestnostiach. Na svoje si pr\u00eddu <strong>be\u017en\u00ed u\u017e\u00edvatelia<\/strong> WordPress, ale aj <strong>profesion\u00e1li<\/strong>, pre ktor\u00fdch bude pripraven\u00fd technicky laden\u00fd predn\u00e1\u0161kov\u00fd blok.<\/p>\n<p>O program sa op\u00e4\u0165 postar\u00e1 r\u00f4znorod\u00fd t\u00edm, ktor\u00fd pozost\u00e1va z \u00faspe\u0161n\u00fdch podnikate\u013eov pou\u017e\u00edvaj\u00facich WordPress pre svoj biznis, program\u00e1torov pracuj\u00facich s WordPress a <strong>dom\u00e1cich i zahrani\u010dn\u00fdch predstavite\u013eov WordPress komunity<\/strong>.<\/p>\n<p>Po predn\u00e1\u0161kach a ofici\u00e1lnom programe bude nasledova\u0165 <strong>afterparty<\/strong>, neform\u00e1lne pokra\u010dovanie WordCamp-u a\u017e do neskor\u00fdch no\u010dn\u00fdch alebo skor\u00fdch rann\u00fdch hod\u00edn.<\/p>\n<p>Pre naozajstn\u00fdch WordPress nad\u0161encov bude WordCamp pokra\u010dova\u0165 aj v nede\u013eu 19. 4. 2015 po\u010das <strong><a href=\"https:\/\/2015.slovakia.wordcamp.org\/program\/\" target=\"_blank\">Contribution day<\/a><\/strong> m\u00f4\u017ee\u0161 priamo prispie\u0165 k tvorbe WordPress a pom\u00f4c\u0165 tak nezi\u0161tne vytvori\u0165 nie\u010do pre ostatn\u00fdch pou\u017e\u00edvate\u013eov WordPress.<\/p>\n<p><strong>WordCamp Slovensko: 18. 4. 2015<\/strong> (sobota) od 9:00 do cca 17:00<br \/>\n<em>Miesto<\/em>: <strong>FIIT STU Bratislava<\/strong> (<a href=\"https:\/\/2015.slovakia.wordcamp.org\/miesto\/\" target=\"_blank\">mapa<\/a>), Ilkovi\u010dov\u00e1 6276<br \/>\n<em>Po\u010det \u00fa\u010dastn\u00edkov<\/em>: cca 250<br \/>\n<em>Vstup<\/em>: <strong>20 \u20ac<\/strong> (v cene je vstup, ob\u010derstvenie a prekvapenie). <a title=\"Registr\u00e1cia\" href=\"https:\/\/2015.slovakia.wordcamp.org\/registracia\/\"><br \/>\n<strong>Registr\u00e1cia je spusten\u00e1<\/strong><\/a> <strong>a bude akt\u00edvna do 14. 4. 2015.<\/strong> L\u00edstok si na mieste nebude mo\u017en\u00e9 k\u00fapi\u0165. <\/p>\n<p><a href=\"https:\/\/2015.slovakia.wordcamp.org\/afterparty\/\"><strong>Afterparty<\/strong><\/a> nebude ch\u00fdba\u0165, cca od 18:00 v <a href=\"http:\/\/www.klubumelcov.sk\/\">Klube Umelcov<\/a>.<\/p>\n<p><a href=\"https:\/\/2015.slovakia.wordcamp.org\/contribution-day\/\"><strong>Contribution day<\/strong><\/a> <strong>19. 4. 2015<\/strong> (nede\u013ea) od <strong>11:00<\/strong> do ve\u010dera<br \/>\n<em>Miesto: <\/em><strong>Connect network<\/strong> (<a href=\"http:\/\/connect-network.com\/kontakt\/\" target=\"_blank\">mapa<\/a>),\u00a0P\u00e1ri\u010dkova 18, Cvernovka: Star\u00e1 pradiare\u0148,\u00a03. poschodie<em><br \/>\nPo\u010det \u00fa\u010dastn\u00edkov: <\/em>cca 50<em><br \/>\nVstup<\/em>: zdarma (v cene \ud83d\ude42 je aj obed)<\/p>\n<p>Pridajte sa na na\u0161u <a href=\"https:\/\/www.facebook.com\/events\/449320445222107\/\"><strong>Facebook udalos\u0165<\/strong><\/a>!<\/p>\n","protected":false},"excerpt":{"rendered":"<p>18. 4. 2015 od 9:00 do cca 17:00 FIIT STU Bratislava Ilkovi\u010dova 6276 @WordPressSK #wcsk Ka\u017edoro\u010dne sa po celom svete organizuj\u00fa ob\u013e\u00faben\u00e9 WordCamp konferencie. Na\u0161\u0165astie ani Slovensko nie je v\u00fdnimkou. U\u017e v\u00a0apr\u00edli si m\u00f4\u017ee\u0161 na WordCamp Slovensko vychutna\u0165 \u010derstv\u00e9 novinky &hellip; <a href=\"https:\/\/slovakia.wordcamp.org\/2015\/\">Pokra\u010dova\u0165 v \u010d\u00edtan\u00ed <span class=\"meta-nav\">&rarr;<\/span><\/a><\/p>\n","protected":false},"author":1633114,"featured_media":0,"parent":0,"menu_order":0,"comment_status":"closed","ping_status":"closed","template":"sidebar-page.php","meta":{"jetpack_post_was_ever_published":false,"footnotes":""},"class_list":["post-1264","page","type-page","status-publish","hentry"],"jetpack_shortlink":"https:\/\/wp.me\/P5jyiY-ko","jetpack_sharing_enabled":true,"_links":{"self":[{"href":"https:\/\/slovakia.wordcamp.org\/2015\/wp-json\/wp\/v2\/pages\/1264","targetHints":{"allow":["GET"]}}],"collection":[{"href":"https:\/\/slovakia.wordcamp.org\/2015\/wp-json\/wp\/v2\/pages"}],"about":[{"href":"https:\/\/slovakia.wordcamp.org\/2015\/wp-json\/wp\/v2\/types\/page"}],"author":[{"embeddable":true,"href":"https:\/\/slovakia.wordcamp.org\/2015\/wp-json\/wp\/v2\/users\/1633114"}],"replies":[{"embeddable":true,"href":"https:\/\/slovakia.wordcamp.org\/2015\/wp-json\/wp\/v2\/comments?post=1264"}],"version-history":[{"count":84,"href":"https:\/\/slovakia.wordcamp.org\/2015\/wp-json\/wp\/v2\/pages\/1264\/revisions"}],"predecessor-version":[{"id":2657,"href":"https:\/\/slovakia.wordcamp.org\/2015\/wp-json\/wp\/v2\/pages\/1264\/revisions\/2657"}],"wp:attachment":[{"href":"https:\/\/slovakia.wordcamp.org\/2015\/wp-json\/wp\/v2\/media?parent=1264"}],"curies":[{"name":"wp","href":"https:\/\/api.w.org\/{rel}","templated":true}]}}