{"id":16,"date":"2014-11-07T23:48:31","date_gmt":"2014-11-07T23:48:31","guid":{"rendered":"https:\/\/2015.slovakia.wordcamp.org\/social-media-stream\/"},"modified":"2015-01-13T15:49:34","modified_gmt":"2015-01-13T14:49:34","slug":"social-media-stream","status":"publish","type":"page","link":"https:\/\/slovakia.wordcamp.org\/2015\/social-media-stream\/","title":{"rendered":"Social Media Stream"},"content":{"rendered":"<p>Najnov\u0161ie spr\u00e1vy zo soci\u00e1lnych siet\u00ed <strong><a href=\"https:\/\/twitter.com\/WordPressSK\">Twitter<\/a><\/strong> a <strong><a href=\"https:\/\/plus.google.com\/b\/100546111039304073624\/100546111039304073624\/posts\">Google+<\/a><\/strong>.<\/p>\n<div\n\tid=\"tggr-media-item-container\"\n\tclass=\"one-column\"\n\tdata-hashtag=\"wcsk\"\n\taria-live=\"polite\">\n\n\t<p>Loading new posts.<\/p>\n<\/div> <!-- end media-item-container -->\n\n<script type=\"text\/javascript\">\n\tvar tggrData = {\n\t\tApiUrl:          'https:\/\/slovakia.wordcamp.org\/2015\/wp-json\/',\n\t\tlogos:            [\"https:\\\/\\\/slovakia.wordcamp.org\\\/2015\\\/wp-content\\\/plugins\\\/tagregator\\\/images\\\/source-logos\\\/tweets.png\",\"https:\\\/\\\/slovakia.wordcamp.org\\\/2015\\\/wp-content\\\/plugins\\\/tagregator\\\/images\\\/source-logos\\\/instagram.png\",\"https:\\\/\\\/slovakia.wordcamp.org\\\/2015\\\/wp-content\\\/plugins\\\/tagregator\\\/images\\\/source-logos\\\/flickr.png\",\"https:\\\/\\\/slovakia.wordcamp.org\\\/2015\\\/wp-content\\\/plugins\\\/tagregator\\\/images\\\/source-logos\\\/google.png\"],\n\t\thashtags:        'wcsk',\n\t\tlayout:          'one-column',\n\t\trefreshInterval:  30\t};\n<\/script>\n\n","protected":false},"excerpt":{"rendered":"<p>Najnov\u0161ie spr\u00e1vy zo soci\u00e1lnych siet\u00ed Twitter a Google+.<\/p>\n","protected":false},"author":461175,"featured_media":0,"parent":0,"menu_order":0,"comment_status":"closed","ping_status":"closed","template":"","meta":{"jetpack_post_was_ever_published":false,"footnotes":""},"class_list":["post-16","page","type-page","status-publish","hentry"],"jetpack_shortlink":"https:\/\/wp.me\/P5jyiY-g","jetpack_sharing_enabled":true,"_links":{"self":[{"href":"https:\/\/slovakia.wordcamp.org\/2015\/wp-json\/wp\/v2\/pages\/16","targetHints":{"allow":["GET"]}}],"collection":[{"href":"https:\/\/slovakia.wordcamp.org\/2015\/wp-json\/wp\/v2\/pages"}],"about":[{"href":"https:\/\/slovakia.wordcamp.org\/2015\/wp-json\/wp\/v2\/types\/page"}],"author":[{"embeddable":true,"href":"https:\/\/slovakia.wordcamp.org\/2015\/wp-json\/wp\/v2\/users\/461175"}],"replies":[{"embeddable":true,"href":"https:\/\/slovakia.wordcamp.org\/2015\/wp-json\/wp\/v2\/comments?post=16"}],"version-history":[{"count":12,"href":"https:\/\/slovakia.wordcamp.org\/2015\/wp-json\/wp\/v2\/pages\/16\/revisions"}],"predecessor-version":[{"id":1371,"href":"https:\/\/slovakia.wordcamp.org\/2015\/wp-json\/wp\/v2\/pages\/16\/revisions\/1371"}],"wp:attachment":[{"href":"https:\/\/slovakia.wordcamp.org\/2015\/wp-json\/wp\/v2\/media?parent=16"}],"curies":[{"name":"wp","href":"https:\/\/api.w.org\/{rel}","templated":true}]}}