{"id":1807,"date":"2015-03-04T14:11:53","date_gmt":"2015-03-04T13:11:53","guid":{"rendered":"https:\/\/2015.slovakia.wordcamp.org\/?page_id=1807"},"modified":"2015-03-08T22:23:36","modified_gmt":"2015-03-08T21:23:36","slug":"obchodne-podmienky","status":"publish","type":"page","link":"https:\/\/slovakia.wordcamp.org\/2015\/obchodne-podmienky\/","title":{"rendered":"Obchodn\u00e9 podmienky"},"content":{"rendered":"<p><strong>Inform\u00e1cie o prev\u00e1dzkovate\u013eovi a kontaktn\u00e9 \u00fadaje<\/strong><\/p>\n<p><a title=\"Webikon s.r.o.\" href=\"http:\/\/www.webikon.sk\/\" rel=\"nofollow\"><img loading=\"lazy\" decoding=\"async\" class=\"wp-image-1662 alignright\" src=\"http:\/\/platobnebrany.sk\/wp-content\/uploads\/2013\/07\/webikon.png\" alt=\"webikon\" width=\"92\" height=\"92\" \/><\/a><\/p>\n<p><strong><a href=\"http:\/\/www.webikon.sk\/\" rel=\"nofollow\">Webikon s.r.o.<br \/>\n<\/a><\/strong>V\u00e1penn\u00e1 15<br \/>\nBratislava 821 04<\/p>\n<p>Kontaktn\u00e1 osoba:<br \/>\nPeter Nem\u010dok, +421 918 341 254<br \/>\nMail:<strong>\u00a0slovakia@wordcamp.org<\/strong><\/p>\n<p>I\u010cO: 46809422<br \/>\nDI\u010c: 2023593858<br \/>\nI\u010c DPH: SK2023593858<br \/>\nSme platcami DPH.<\/p>\n<p>Spolo\u010dnos\u0165 zap\u00edsan\u00e1 v registri okresn\u00e9ho s\u00fadu<br \/>\nBratislava I. oddiel\u00a0<a href=\"http:\/\/orsr.sk\/vypis.asp?ID=243846&amp;SID=2&amp;P=0\" target=\"_blank\">Sro vlo\u017eka \u010d\u00edslo 83737\/B<\/a><\/p>\n<p><strong>Zak\u00fapenie\u00a0vstupn\u00e9ho na WordCamp<\/strong><\/p>\n<p>Vstupenky si m\u00f4\u017eete <a href=\"https:\/\/2015.slovakia.wordcamp.org\/registracia\/\" target=\"_blank\">zak\u00fapi\u0165 po kliknut\u00ed na tento odkaz<\/a>. Vyberte si vstupenku\u00a0a kliknite na tla\u010didlo &#8222;Chcem si k\u00fapi\u0165 l\u00edstok&#8220;.<br \/>\nPo odoslan\u00ed objedn\u00e1vky dostanete potvrdenie o prijat\u00ed objedn\u00e1vky na va\u0161u e-mailov\u00fa adresu, ktor\u00fa ste uviedli pri registr\u00e1cii.<\/p>\n<p>Zak\u00fapen\u00edm vstupenky s\u00fahlas\u00edte s t\u00fdmito obchodn\u00fdmi podmienkami a zav\u00e4zujete sa dodr\u017eiava\u0165 <a href=\"https:\/\/2015.slovakia.wordcamp.org\/kodex\/\">K\u00f3dex WordCamp Slovensko<\/a>.<\/p>\n<p><strong>Sp\u00f4soby platby<\/strong><\/p>\n<ul>\n<li>elektronick\u00e9 bankovn\u00edctvo prostredn\u00edctvom TrustPay\u00a0<a href=\"http:\/\/platobnebrany.sk\/wp-content\/uploads\/2013\/07\/trustpay_logo.png\"><img loading=\"lazy\" decoding=\"async\" class=\"alignnone size-full wp-image-1748\" src=\"http:\/\/platobnebrany.sk\/wp-content\/uploads\/2013\/07\/trustpay_logo.png\" alt=\"trustpay_logo\" width=\"60\" height=\"16\" \/><\/a>\u00a0(zoznam podporovan\u00fdch b\u00e1nk n\u00e1jdete na <a href=\"http:\/\/www.trustpay.eu\/platobna-brana\/podporovane-okamzite-bankove-prevody-2\/\" target=\"_blank\">str\u00e1nke TrustPay<\/a>\u00a0)<\/li>\n<li>platobnou kartou\u00a0\u00a0Visa\u00a0\u00a0<img decoding=\"async\" src=\"http:\/\/www.trustpay.eu\/themes\/default\/images\/vs.jpg\" alt=\"\" \/>\u00a0\u00a0MasterCard\u00a0\u00a0<img decoding=\"async\" src=\"http:\/\/www.trustpay.eu\/themes\/default\/images\/mc.jpg\" alt=\"\" \/>\u00a0\u00a0Maestro\u00a0\u00a0<img decoding=\"async\" src=\"http:\/\/www.trustpay.eu\/themes\/default\/images\/maestro-logo-small.png\" alt=\"\" \/><\/li>\n<li>prevodom na \u00fa\u010det pod\u013ea pokynov, ktor\u00e9 dostanete v pr\u00edpade, \u017ee ste si zvolili t\u00fato mo\u017enos\u0165 na platobnom port\u00e1li TrustPay<\/li>\n<\/ul>\n<p><strong>Sp\u00f4sob dodania<\/strong><\/p>\n<p>Po \u00faspe\u0161nom prip\u00edsan\u00ed platby na n\u00e1\u0161 \u00fa\u010det v\u00e1m po\u0161leme email s potvrden\u00edm. Pre vstup na WordCamp sa sta\u010d\u00ed preuk\u00e1za\u0165 Va\u0161\u00edm emailom, resp. menom a priezviskom. Doru\u010denie emailu m\u00f4\u017ee trva\u0165 maxim\u00e1lne jednu hodinu, no obvykle je to v priebehu nieko\u013eko min\u00fat. Ak by ste po zaplaten\u00ed nedostali \u017eiaden email, kontaktujte na\u0161u technick\u00fa podporu.<\/p>\n<p><strong>Reklam\u00e1cie<\/strong><\/p>\n<p>V pr\u00edpade ak\u00fdchko\u013evek probl\u00e9mov, \u010di nejasnost\u00ed p\u00ed\u0161te na kontakty uveden\u00e9 vy\u0161\u0161ie. Ak by ste nemali z\u00e1ujem o zak\u00fapen\u00fa vstupenku, m\u00f4\u017eete po\u017eiada\u0165 o vr\u00e1tenie platby do 14 dn\u00ed od zak\u00fapenia a platbu V\u00e1m vr\u00e1tme sp\u00e4\u0165 na V\u00e1\u0161 \u00fa\u010det.<\/p>\n<p><strong>Ochrana osobn\u00fdch \u00fadajov<\/strong><br \/>\nObjedn\u00e1vate\u013e vyhlasuje, \u017ee s\u00fahlas\u00ed v zmysle ust. \u00a7 7 ods. 1 z\u00e1kona \u010d. 428\/2002 Z.z. o ochrane osobn\u00fdch \u00fadajov v znen\u00ed neskor\u0161\u00edch predpisov, aby pred\u00e1vaj\u00faci spracoval a uschov\u00e1val jeho osobn\u00e9 \u00fadaje, najm\u00e4 tie, ktor\u00e9 s\u00fa potrebn\u00e9 pri \u010dinnosti pred\u00e1vaj\u00faceho a spracov\u00e1val ich vo v\u0161etk\u00fdch svojich informa\u010dn\u00fdch syst\u00e9moch.<br \/>\nObjedn\u00e1vate\u013e ude\u013euje pred\u00e1vaj\u00facemu tento s\u00fahlas na dobu neur\u010dit\u00fa. S\u00fahlas so spracovan\u00edm osobn\u00fdch \u00fadajov m\u00f4\u017ee objedn\u00e1vate\u013e odvola\u0165 kedyko\u013evek p\u00edsomnou formou (e-mail, listov\u00e1 z\u00e1sielka\u2026). S\u00fahlas zanikne v lehote 1 mesiaca od doru\u010denia odvolania s\u00fahlasu kupuj\u00facim pred\u00e1vaj\u00facemu a \u00fadaje bud\u00fa n\u00e1sledne vymazan\u00e9. Aktualiz\u00e1ciu osobn\u00fdch \u00fadajov m\u00f4\u017ee registrovan\u00fd objedn\u00e1vate\u013e uskuto\u010dni\u0165 priamo na web str\u00e1nke internetov\u00e9ho obchodu po prihl\u00e1sen\u00ed.<br \/>\nInform\u00e1cie, ktor\u00e9 n\u00e1m poskytnete prostredn\u00edctvom objedn\u00e1vkov\u00e9ho formul\u00e1ra, sl\u00fa\u017eia v\u00fdhradne pre potrebu poskytnutia konkr\u00e9tnej slu\u017eby alebo produktu. Spracov\u00e1van\u00e9 \u00fadaje nebud\u00fa zverejnen\u00e9, spr\u00edstupnen\u00e9, ani poskytnut\u00e9 tret\u00edm stran\u00e1m.<\/p>\n<p>Vyhradzujeme si pr\u00e1vo na zmenu obchodn\u00fdch podmienok bez nutnosti informovania vopred. Aktu\u00e1lne znenie obchodn\u00fdch podmienok bude v\u017edy zverejnen\u00e9 na tejto str\u00e1nke.<\/p>\n","protected":false},"excerpt":{"rendered":"<p>Inform\u00e1cie o prev\u00e1dzkovate\u013eovi a kontaktn\u00e9 \u00fadaje Webikon s.r.o. V\u00e1penn\u00e1 15 Bratislava 821 04 Kontaktn\u00e1 osoba: Peter Nem\u010dok, +421 918 341 254 Mail:\u00a0slovakia@wordcamp.org I\u010cO: 46809422 DI\u010c: 2023593858 I\u010c DPH: SK2023593858 Sme platcami DPH. Spolo\u010dnos\u0165 zap\u00edsan\u00e1 v registri okresn\u00e9ho s\u00fadu Bratislava I. &hellip; <a href=\"https:\/\/slovakia.wordcamp.org\/2015\/obchodne-podmienky\/\">Pokra\u010dova\u0165 v \u010d\u00edtan\u00ed <span class=\"meta-nav\">&rarr;<\/span><\/a><\/p>\n","protected":false},"author":461175,"featured_media":0,"parent":0,"menu_order":0,"comment_status":"closed","ping_status":"closed","template":"","meta":{"jetpack_post_was_ever_published":false,"footnotes":""},"class_list":["post-1807","page","type-page","status-publish","hentry"],"jetpack_shortlink":"https:\/\/wp.me\/P5jyiY-t9","jetpack_sharing_enabled":false,"_links":{"self":[{"href":"https:\/\/slovakia.wordcamp.org\/2015\/wp-json\/wp\/v2\/pages\/1807","targetHints":{"allow":["GET"]}}],"collection":[{"href":"https:\/\/slovakia.wordcamp.org\/2015\/wp-json\/wp\/v2\/pages"}],"about":[{"href":"https:\/\/slovakia.wordcamp.org\/2015\/wp-json\/wp\/v2\/types\/page"}],"author":[{"embeddable":true,"href":"https:\/\/slovakia.wordcamp.org\/2015\/wp-json\/wp\/v2\/users\/461175"}],"replies":[{"embeddable":true,"href":"https:\/\/slovakia.wordcamp.org\/2015\/wp-json\/wp\/v2\/comments?post=1807"}],"version-history":[{"count":8,"href":"https:\/\/slovakia.wordcamp.org\/2015\/wp-json\/wp\/v2\/pages\/1807\/revisions"}],"predecessor-version":[{"id":1942,"href":"https:\/\/slovakia.wordcamp.org\/2015\/wp-json\/wp\/v2\/pages\/1807\/revisions\/1942"}],"wp:attachment":[{"href":"https:\/\/slovakia.wordcamp.org\/2015\/wp-json\/wp\/v2\/media?parent=1807"}],"curies":[{"name":"wp","href":"https:\/\/api.w.org\/{rel}","templated":true}]}}