{"id":6,"date":"2014-11-07T23:48:31","date_gmt":"2014-11-07T22:48:31","guid":{"rendered":"https:\/\/2015.slovakia.wordcamp.org\/speakers\/"},"modified":"2015-04-13T17:16:21","modified_gmt":"2015-04-13T16:16:21","slug":"spikri","status":"publish","type":"page","link":"https:\/\/slovakia.wordcamp.org\/2015\/spikri\/","title":{"rendered":"Sp\u00edkri"},"content":{"rendered":"<p><img loading=\"lazy\" decoding=\"async\" src=\"https:\/\/2015.slovakia.wordcamp.org\/files\/2014\/11\/nasli_spikrov_web.jpg\" alt=\"nasli_spikrov_web\" width=\"640\" height=\"237\" class=\"aligncenter size-full wp-image-1939\" srcset=\"https:\/\/slovakia.wordcamp.org\/2015\/files\/2014\/11\/nasli_spikrov_web.jpg 640w, https:\/\/slovakia.wordcamp.org\/2015\/files\/2014\/11\/nasli_spikrov_web-300x111.jpg 300w, https:\/\/slovakia.wordcamp.org\/2015\/files\/2014\/11\/nasli_spikrov_web-500x185.jpg 500w\" sizes=\"auto, (max-width: 640px) 100vw, 640px\" \/><\/p>\n<p>Na neform\u00e1lnej konferencii WordCamp Slovensko bude predn\u00e1\u0161a\u0165 13 re\u010dn\u00edkov, ktor\u00ed poch\u00e1dzaj\u00fa zo Slovenska, ale aj zo zahrani\u010dia. <\/p>\n<p>Ur\u010dite sa m\u00e1\u0161 na \u010do te\u0161i\u0165!<\/p>\n\n\t<div class=\"wcorg-speakers\">\n\n\t\t\n\t\t\t<!-- Organizers note: The id attribute is deprecated and only remains for backwards compatibility, please use the corresponding class to target individual speakers -->\n\t\t\t<div id=\"wcorg-speaker-peter-nemcok\" class=\"wcorg-speaker wcorg-speaker-peter-nemcok\">\n\t\t\t\t<h2>\n\t\t\t\t\t\n\t\t\t\t\t\tPeter Nem\u010dok\n\t\t\t\t\t\t\t\t\t<\/h2>\n\n\t\t\t\t<div class=\"wcorg-speaker-description\">\n\t\t\t\t\t\t\t\t\t\t<p><strong>WordPress story po slovensky<\/strong><\/p>\n<p><img loading=\"lazy\" decoding=\"async\" class=\"alignleft wp-image-2145 size-thumbnail\" src=\"https:\/\/2015.slovakia.wordcamp.org\/files\/2015\/03\/Peter-Nemcok-e1428932691270-150x150.jpg\" alt=\"Peter Nemcok\" width=\"150\" height=\"150\" \/>Zakladate\u013e komunitn\u00e9ho port\u00e1lu <a href=\"www.wp.sk\" target=\"_blank\">WordPress Slovensko<\/a> a l\u00edder v slobodnej firme Webikon. S WordPress pracuje od roku 2007. Okrem prekladania WordPress do sloven\u010diny organizuje WordPress meetup Bratislava a WordCamp Slovensko.<\/p>\n\t\t\t\t<\/div>\n\t\t\t<\/div>\n\n\t\t\n\t\t\t<!-- Organizers note: The id attribute is deprecated and only remains for backwards compatibility, please use the corresponding class to target individual speakers -->\n\t\t\t<div id=\"wcorg-speaker-michal-kopecky\" class=\"wcorg-speaker wcorg-speaker-michal-kopecky wcorg-track-pouzivatelia\">\n\t\t\t\t<h2>\n\t\t\t\t\t\n\t\t\t\t\t\tMichal Kopeck\u00fd\n\t\t\t\t\t\t\t\t\t<\/h2>\n\n\t\t\t\t<div class=\"wcorg-speaker-description\">\n\t\t\t\t\t\t\t\t\t\t<p><strong>10 hl\u00fapych ch\u00fdb, ktor\u00e9 m\u00e1te na va\u0161ej WordPress str\u00e1nke<\/strong><\/p>\n<p><img loading=\"lazy\" decoding=\"async\" src=\"https:\/\/2015.slovakia.wordcamp.org\/files\/2014\/11\/IMG_0618rL-150x150.jpg\" alt=\"Michal Kopeck\u00fd\" width=\"150\" height=\"150\" class=\"alignleft size-thumbnail wp-image-2062\" \/>Michal je zakladate\u013eom najpopul\u00e1rnej\u0161ieho slovensk\u00e9ho blogu <a href=\"http:\/\/www.akozbalit.sk\" target=\"_blank\">akozbalit.sk<\/a>, ktor\u00fd do tohto momentu nav\u0161t\u00edvilo viac ako 1 400 000 \u013eud\u00ed (3 roky) a jeho blog nav\u0161tevuje priemerne 2500 \u013eud\u00ed denne. Taktie\u017e je zakladate\u013eom skupiny U\u010d\u00edme sa podnika\u0165, ktor\u00e1 zdru\u017euje viac ako 6000 \u013eud\u00ed, ktor\u00ed si navz\u00e1jom pom\u00e1haj\u00fa, zdie\u013eaj\u00fa svoje know-how a vytv\u00e1raj\u00fa si navz\u00e1jom podporn\u00e9 prostredie.<\/p>\n\t\t\t\t<\/div>\n\t\t\t<\/div>\n\n\t\t\n\t\t\t<!-- Organizers note: The id attribute is deprecated and only remains for backwards compatibility, please use the corresponding class to target individual speakers -->\n\t\t\t<div id=\"wcorg-speaker-jenny-wong\" class=\"wcorg-speaker wcorg-speaker-jenny-wong wcorg-track-pouzivatelia\">\n\t\t\t\t<h2>\n\t\t\t\t\t\n\t\t\t\t\t\tJenny Wong\n\t\t\t\t\t\t\t\t\t<\/h2>\n\n\t\t\t\t<div class=\"wcorg-speaker-description\">\n\t\t\t\t\t\t\t\t\t\t<p><strong>Contributing to WordPress<\/strong><\/p>\n<p><img loading=\"lazy\" decoding=\"async\" src=\"https:\/\/2015.slovakia.wordcamp.org\/files\/2015\/04\/Jenny-Wang-150x150.jpg\" alt=\"Jenny Wong\" width=\"150\" height=\"150\" class=\"alignleft size-thumbnail wp-image-2265\" \/>Jenny is a web developer at <a href=\"http:\/\/hmn.md\" target=\"_blank\">Human Made<\/a>. Her love for development goes beyond the screen &amp; is an advocate of both the PHP and WordPress communities.<br \/>\nAs a WordCamp speaker, PHP North West organiser and PHP Women evangelist, she loudly cheers people on to share knowledge &amp; contribute back to both communities.<\/p>\n\t\t\t\t<\/div>\n\t\t\t<\/div>\n\n\t\t\n\t\t\t<!-- Organizers note: The id attribute is deprecated and only remains for backwards compatibility, please use the corresponding class to target individual speakers -->\n\t\t\t<div id=\"wcorg-speaker-marek-sulik\" class=\"wcorg-speaker wcorg-speaker-marek-sulik wcorg-track-pouzivatelia\">\n\t\t\t\t<h2>\n\t\t\t\t\t\n\t\t\t\t\t\tMarek \u0160ulik\n\t\t\t\t\t\t\t\t\t<\/h2>\n\n\t\t\t\t<div class=\"wcorg-speaker-description\">\n\t\t\t\t\t\t\t\t\t\t<p><strong>Zmeny, ktor\u00e9 n\u00e1m pomohli strojn\u00e1sobi\u0165 n\u00e1v\u0161tevnos\u0165 blogu<\/strong><\/p>\n<p><img loading=\"lazy\" decoding=\"async\" src=\"https:\/\/2015.slovakia.wordcamp.org\/files\/2015\/03\/Marek-\u0160ulik_2-150x150.jpg\" alt=\"Marek \u0160ul\u00edk\" width=\"150\" height=\"150\" class=\"alignleft size-thumbnail wp-image-2128\" \/>Marek sa venuje online marketingu 5 rokov. Za\u010d\u00ednal ako st\u00e1\u017eista v agent\u00fare <a href=\"http:\/\/www.visibility.sk\/blog\/author\/mareksulik\/\">VISIBILITY<\/a>, postupne sa prepracoval cez r\u00f4zne poz\u00edcie a moment\u00e1lne v tejto agent\u00fare riadi v\u00fdkonnostn\u00e9 oddelenie na poz\u00edcii Peformance Marketing Director. Zauj\u00edma sa hlavne o online marketing, SEO, webov\u00fa analytiku, obsahov\u00fd marketing a optimaliz\u00e1ciu konverzn\u00e9ho pomeru. Je absolvent trnavskej FMK UCM. Vo vo\u013enom \u010dase sa venuje organizovaniu s\u00e9rii kult\u00farnych podujat\u00ed PechaKucha Night v Trnave.<\/p>\n\t\t\t\t<\/div>\n\t\t\t<\/div>\n\n\t\t\n\t\t\t<!-- Organizers note: The id attribute is deprecated and only remains for backwards compatibility, please use the corresponding class to target individual speakers -->\n\t\t\t<div id=\"wcorg-speaker-petya-raykovska\" class=\"wcorg-speaker wcorg-speaker-petya-raykovska wcorg-track-pouzivatelia\">\n\t\t\t\t<h2>\n\t\t\t\t\t\n\t\t\t\t\t\tPetya Raykovska\n\t\t\t\t\t\t\t\t\t<\/h2>\n\n\t\t\t\t<div class=\"wcorg-speaker-description\">\n\t\t\t\t\t\t\t\t\t\t<p><strong>On The Road &#8211; WordPress, Traveling and Productivity<\/strong><\/p>\n<p><img loading=\"lazy\" decoding=\"async\" src=\"https:\/\/2015.slovakia.wordcamp.org\/files\/2015\/04\/Petya-Raykovska-150x150.jpg\" alt=\"Petya Raykovska\" width=\"150\" height=\"150\" class=\"alignleft size-thumbnail wp-image-2234\" \/>Petya is a senior project manager at <a href=\"http:\/\/hmn.md\/\" target=\"_blank\">Human Made<\/a> where she looks after large scale projects across big media and enterprise. She&#8217;s based in Sofia, but her remote work environment, passion for live music and active involvement in the WordPress community always keep her on the go.<br \/>\nShe\u2019s contributing to the amazing <a href=\"https:\/\/make.wordpress.org\/polyglots\/\" target=\"_blank\">WordPress Polyglots team<\/a> alongside some of the most inspiring people in the world, organising WordCamp Europe and helping new European meet up organisers get started.<br \/>\nIf you spot her at a WordCamp, make sure you say \u201cHi\u201d and ask her about the WordPress Polyglots and how you can help make WordPress Global. <\/p>\n\t\t\t\t<\/div>\n\t\t\t<\/div>\n\n\t\t\n\t\t\t<!-- Organizers note: The id attribute is deprecated and only remains for backwards compatibility, please use the corresponding class to target individual speakers -->\n\t\t\t<div id=\"wcorg-speaker-alexandra-kovacova\" class=\"wcorg-speaker wcorg-speaker-alexandra-kovacova wcorg-track-pouzivatelia\">\n\t\t\t\t<h2>\n\t\t\t\t\t\n\t\t\t\t\t\tAlexandra Kov\u00e1\u010dov\u00e1\n\t\t\t\t\t\t\t\t\t<\/h2>\n\n\t\t\t\t<div class=\"wcorg-speaker-description\">\n\t\t\t\t\t\t\t\t\t\t<p><strong>Ako som vytvorila jeden zo 100 naj\u00faspe\u0161nej\u0161\u00edch cestovate\u013esk\u00fdch blogov na svete<\/strong><\/p>\n<p><img loading=\"lazy\" decoding=\"async\" src=\"https:\/\/2015.slovakia.wordcamp.org\/files\/2015\/03\/Alexandra-150x150.jpg\" alt=\"Alexandra Kov\u00e1\u010dov\u00e1\" width=\"150\" height=\"150\" class=\"alignleft size-thumbnail wp-image-2126\" \/>Alex sa ako jedin\u00e1 Slovenka \u017eiv\u00ed cestovate\u013esk\u00fdm blogom u\u017e od roku 2010 v\u010faka \u010domu precestovala u\u017e 47 kraj\u00edn. Jej slovensk\u00e9 \u010dl\u00e1nky, okrem anglick\u00e9ho blogu <a href=\"http:\/\/crazysexyfuntraveler.com\/\">crazysexyfuntraveler.com<\/a>, m\u00f4\u017eete n\u00e1js\u0165 aj v \u010dasopisoch Profit, Trend, EMMA \u010di Slovak Man, a ned\u00e1vno sa objavila aj na STV1, r\u00e1dio Expres a v Novom \u010dase. Alex u\u017e pracovala s viac ako 250-timi sponzormi po celom svete a to v\u0161etko pr\u00e1ve v\u010faka blogu.<\/p>\n\t\t\t\t<\/div>\n\t\t\t<\/div>\n\n\t\t\n\t\t\t<!-- Organizers note: The id attribute is deprecated and only remains for backwards compatibility, please use the corresponding class to target individual speakers -->\n\t\t\t<div id=\"wcorg-speaker-juraj-hantak\" class=\"wcorg-speaker wcorg-speaker-juraj-hantak wcorg-track-vyvojari\">\n\t\t\t\t<h2>\n\t\t\t\t\t\n\t\t\t\t\t\tJuraj Hant\u00e1k\n\t\t\t\t\t\t\t\t\t<\/h2>\n\n\t\t\t\t<div class=\"wcorg-speaker-description\">\n\t\t\t\t\t\t\t\t\t\t<p><strong>Ako zvl\u00e1dnu\u0165 rast webu<\/strong><\/p>\n<p><img loading=\"lazy\" decoding=\"async\" src=\"https:\/\/2015.slovakia.wordcamp.org\/files\/2015\/03\/juraj-hantak_zm-150x150.jpg\" alt=\"juraj-hantak_zm\" width=\"150\" height=\"150\" class=\"alignleft size-thumbnail wp-image-2150\" \/>V roku 1999 spoluzakladal spolo\u010dnos\u0165 <a href=\"https:\/\/www.webglobe.sk\/\" target=\"_blank\">Webglobe<\/a>, ktor\u00e1 je dnes jedn\u00fdm z l\u00eddrov trhu v oblasti webhostingu, prev\u00e1dzky serverov, cloudu (IaaS) a registr\u00e1cie dom\u00e9n. Ako technick\u00fd riadite\u013e sa vo firme od jej vzniku zameriava na udr\u017eanie technologick\u00e9ho n\u00e1skoku pred konkurenciou. Po \u00faspe\u0161nej akviz\u00edcii \u010fal\u0161ej webhostingovej spolo\u010dnosti Yegon zast\u00e1va poz\u00edciu CTO firmy Webglobe-Yegon.<\/p>\n\t\t\t\t<\/div>\n\t\t\t<\/div>\n\n\t\t\n\t\t\t<!-- Organizers note: The id attribute is deprecated and only remains for backwards compatibility, please use the corresponding class to target individual speakers -->\n\t\t\t<div id=\"wcorg-speaker-pavol-draxler\" class=\"wcorg-speaker wcorg-speaker-pavol-draxler wcorg-track-vyvojari\">\n\t\t\t\t<h2>\n\t\t\t\t\t\n\t\t\t\t\t\tPavol Draxler\n\t\t\t\t\t\t\t\t\t<\/h2>\n\n\t\t\t\t<div class=\"wcorg-speaker-description\">\n\t\t\t\t\t\t\t\t\t\t<p><strong>Achilovka WordPress \u2013 n\u00e1sledky prieniku m\u00f4\u017eu by\u0165 v\u00e1\u017enej\u0161ie, ako si mysl\u00edte<\/strong><\/p>\n<p><img loading=\"lazy\" decoding=\"async\" src=\"https:\/\/2015.slovakia.wordcamp.org\/files\/2015\/04\/Palo-Draxler_1-150x150.jpg\" alt=\"Pavol Draxler\" width=\"150\" height=\"150\" class=\"alignleft size-thumbnail wp-image-2230\" srcset=\"https:\/\/slovakia.wordcamp.org\/2015\/files\/2015\/04\/Palo-Draxler_1-150x150.jpg 150w, https:\/\/slovakia.wordcamp.org\/2015\/files\/2015\/04\/Palo-Draxler_1-300x300.jpg 300w, https:\/\/slovakia.wordcamp.org\/2015\/files\/2015\/04\/Palo-Draxler_1.jpg 600w\" sizes=\"auto, (max-width: 150px) 100vw, 150px\" \/>Pavol pracuje v oblasti bezpe\u010dnosti od roku 1999. Pracoval pre \u0161t\u00e1tny aj priv\u00e1tny sektor, ale aj pre medzivl\u00e1dne organiz\u00e1cie. Moment\u00e1lne pracuje ako bezpe\u010dnostn\u00fd mene\u017e\u00e9r v spolo\u010dnosti <a href=\"http:\/\/www.binaryconfidence.com\" target=\"_blank\">Binary Confidence<\/a>, ktor\u00e1 sa venuje integrovanej bezpe\u010dnosti informa\u010dn\u00fdch prostred\u00ed. <\/p>\n\t\t\t\t<\/div>\n\t\t\t<\/div>\n\n\t\t\n\t\t\t<!-- Organizers note: The id attribute is deprecated and only remains for backwards compatibility, please use the corresponding class to target individual speakers -->\n\t\t\t<div id=\"wcorg-speaker-alec-kinnear\" class=\"wcorg-speaker wcorg-speaker-alec-kinnear wcorg-track-vyvojari\">\n\t\t\t\t<h2>\n\t\t\t\t\t\n\t\t\t\t\t\tAlec Kinnear\n\t\t\t\t\t\t\t\t\t<\/h2>\n\n\t\t\t\t<div class=\"wcorg-speaker-description\">\n\t\t\t\t\t\t\t\t\t\t<p><strong>Supporting Pro Plugins<\/strong><\/p>\n<p><img loading=\"lazy\" decoding=\"async\" src=\"https:\/\/2015.slovakia.wordcamp.org\/files\/2015\/03\/Alec-Kinnear--150x150.jpg\" alt=\"Alec-Kinnear-balcony\" width=\"150\" height=\"150\" class=\"alignleft size-thumbnail wp-image-2186\" \/>Alec, creative director of <a href=\"https:\/\/foliovision.com\/\" target=\"_blank\">Foliovison<\/a>, has been helping businesses succeed online since 2000. Alec is an SEM expert with a background in advertising, as a former Head of Television for Grey Moscow and Senior Television Producer for Bates, Saatchi and Saatchi Russia. Alec maintains a photography and culture weblog at <a href=\"http:\/\/uncoy.com\" target=\"_blank\">uncoy.com<\/a>. His dance film <a href=\"http:\/\/decadencefilms.com\/lapinthrope\/\" target=\"_blank\">Lapinthrope<\/a> won prizes around the world. Alec holds an Honours B.A. from Trinity College at the University of Toronto in Modern Languages and Literature.<\/p>\n\t\t\t\t<\/div>\n\t\t\t<\/div>\n\n\t\t\n\t\t\t<!-- Organizers note: The id attribute is deprecated and only remains for backwards compatibility, please use the corresponding class to target individual speakers -->\n\t\t\t<div id=\"wcorg-speaker-lucia-spisiakova\" class=\"wcorg-speaker wcorg-speaker-lucia-spisiakova wcorg-track-vyvojari\">\n\t\t\t\t<h2>\n\t\t\t\t\t\n\t\t\t\t\t\tLucia Spi\u0161iakov\u00e1\n\t\t\t\t\t\t\t\t\t<\/h2>\n\n\t\t\t\t<div class=\"wcorg-speaker-description\">\n\t\t\t\t\t\t\t\t\t\t<p><strong>Supporting Pro Plugins<\/strong><\/p>\n<p><img loading=\"lazy\" decoding=\"async\" class=\"alignleft wp-image-2403 size-thumbnail\" src=\"https:\/\/2015.slovakia.wordcamp.org\/files\/2015\/04\/lucia-spisiakova-square-konig-150x150.png\" alt=\"lucia-spisiakova-square-konig\" width=\"150\" height=\"150\" srcset=\"https:\/\/slovakia.wordcamp.org\/2015\/files\/2015\/04\/lucia-spisiakova-square-konig-150x150.png 150w, https:\/\/slovakia.wordcamp.org\/2015\/files\/2015\/04\/lucia-spisiakova-square-konig-300x300.png 300w, https:\/\/slovakia.wordcamp.org\/2015\/files\/2015\/04\/lucia-spisiakova-square-konig.png 535w\" sizes=\"auto, (max-width: 150px) 100vw, 150px\" \/>Biomedic\u00ednska in\u017einierka, rod\u00e1\u010dka z Banskej Bystrice, ktor\u00e1 bola v\u017edy zanieten\u00e1 pre technol\u00f3gie. Pred t\u00fdm ako sa stala s\u00fa\u010das\u0165ou <a href=\"https:\/\/foliovision.com\/\" target=\"_blank\">Foliovision Flowplayer t\u00edmu<\/a>, kde vytv\u00e1ra technick\u00fa dokument\u00e1ciu a vedie podporu t\u00edmu, Lucia pracovala v Amazone vo veden\u00ed predaja a na viedenskej technickej univerzite ako v\u00fdskumn\u00fd pracovn\u00edk. Po absolvovan\u00ed Gymn\u00e1zia v Su\u010danoch, Lucia \u0161tudovala na univerzite v Brne, Helsink\u00e1ch a vo Viedni. Jej \u00falohou vo Foliovision je systematiz\u00e1cia z\u00e1kazn\u00edckej podpory, vr\u00e1tane vytv\u00e1rania kvalitnej dokument\u00e1cie tak, aby klienti mali c\u030co najmen\u0161\u00ed d\u00f4vod vy\u017eadova\u0165 podporu, a aby boli v\u017edy spokojn\u00ed, ke\u010f ju dostan\u00fa.<\/p>\n\t\t\t\t<\/div>\n\t\t\t<\/div>\n\n\t\t\n\t\t\t<!-- Organizers note: The id attribute is deprecated and only remains for backwards compatibility, please use the corresponding class to target individual speakers -->\n\t\t\t<div id=\"wcorg-speaker-ivan-potancok\" class=\"wcorg-speaker wcorg-speaker-ivan-potancok wcorg-track-vyvojari\">\n\t\t\t\t<h2>\n\t\t\t\t\t\n\t\t\t\t\t\tIvan Potan\u010dok\n\t\t\t\t\t\t\t\t\t<\/h2>\n\n\t\t\t\t<div class=\"wcorg-speaker-description\">\n\t\t\t\t\t\t\t\t\t\t<p><strong>Kontrola kvality webov\u00e9ho projektu<\/strong><\/p>\n<p><img loading=\"lazy\" decoding=\"async\" src=\"https:\/\/2015.slovakia.wordcamp.org\/files\/2015\/03\/Ivan-Potancok_1-150x150.jpg\" alt=\"Ivan Potancok\" width=\"150\" height=\"150\" class=\"alignleft size-thumbnail wp-image-2182\" \/>Ivan je profesion\u00e1lny webdesigner, ktor\u00fd zalo\u017eil a riadi digit\u00e1lnu agent\u00faru <a href=\"http:\/\/vibration.sk\" target=\"_blank\">vibration.sk<\/a> a syst\u00e9m pre \u00faspe\u0161n\u00e9 eshopy <a href=\"http:\/\/sellio.net\" target=\"_blank\">sellio.net<\/a>. P\u00f4sob\u00ed ako architekt webov\u00fdch aplik\u00e1ci\u00ed, konzultant pre webov\u00e9 projekty alebo webdesigner. Ak vlastn\u00edte eshop, tak s jeho pomocou dosiahnete vy\u0161\u0161\u00ed obrat.<\/p>\n\t\t\t\t<\/div>\n\t\t\t<\/div>\n\n\t\t\n\t\t\t<!-- Organizers note: The id attribute is deprecated and only remains for backwards compatibility, please use the corresponding class to target individual speakers -->\n\t\t\t<div id=\"wcorg-speaker-martin-krcho\" class=\"wcorg-speaker wcorg-speaker-martin-krcho wcorg-track-vyvojari\">\n\t\t\t\t<h2>\n\t\t\t\t\t\n\t\t\t\t\t\tMartin Krcho\n\t\t\t\t\t\t\t\t\t<\/h2>\n\n\t\t\t\t<div class=\"wcorg-speaker-description\">\n\t\t\t\t\t\t\t\t\t\t<p><strong>WordPress a cachovanie + tipy z praxe <\/strong><\/p>\n<p><img loading=\"lazy\" decoding=\"async\" src=\"https:\/\/2015.slovakia.wordcamp.org\/files\/2015\/03\/Martin_Krcho_-150x150.jpg\" alt=\"Martin_Krcho_\" width=\"150\" height=\"150\" class=\"alignleft size-thumbnail wp-image-2173\" \/>Pred viac ako 7 rokmi po\u010das \u0161t\u00fadia na FIIT v Bratislave za\u010dal svoju kari\u00e9ru ako developer vo svete webov\u00fdch technol\u00f3gi\u00ed. Popri full-time pr\u00e1ci v Cambridge (v UK) sa venuje v\u00fdvoju WordPress str\u00e1nok pre start-up Virtual Studio, ktor\u00fd pred necel\u00fdmi 5 rokmi zalo\u017eil spolu s Michalom Chabadom. Najv\u00e4\u010d\u0161iemu \u00faspechu sa te\u0161\u00ed port\u00e1l <a href=\"http:\/\/www.mojandroid.sk\" target=\"_blank\">MojAndroid.sk<\/a>, ale celkovo u\u017e prevadzkuje(\u00fa) okolo 20 WP webov. Z technol\u00f3gi\u00ed sa okrem WordPressu venuje aj tvorbe Android aplik\u00e1ci\u00ed, Jave, GWT, AngularJS a spr\u00e1ve serverov. <\/p>\n\t\t\t\t<\/div>\n\t\t\t<\/div>\n\n\t\t\n\t\t\t<!-- Organizers note: The id attribute is deprecated and only remains for backwards compatibility, please use the corresponding class to target individual speakers -->\n\t\t\t<div id=\"wcorg-speaker-dennis-snell\" class=\"wcorg-speaker wcorg-speaker-dennis-snell wcorg-track-vyvojari\">\n\t\t\t\t<h2>\n\t\t\t\t\t\n\t\t\t\t\t\tDennis Snell\n\t\t\t\t\t\t\t\t\t<\/h2>\n\n\t\t\t\t<div class=\"wcorg-speaker-description\">\n\t\t\t\t\t\t\t\t\t\t<p><strong>Playing well with others: writing solid code in large community projects<\/strong><\/p>\n<p><img loading=\"lazy\" decoding=\"async\" src=\"https:\/\/2015.slovakia.wordcamp.org\/files\/2015\/04\/Dennis_1-150x150.jpg\" alt=\"Dennis Snell\" width=\"150\" height=\"150\" class=\"alignleft size-thumbnail wp-image-2274\" \/>Dennis loves trying to write elegant code, preferring to stay on the server-side. He enjoys practicing photography, researching all things engineering, and is a devout Christian.<br \/>\nHis primary academic interests are divided between power grid engineering and signal processing \u2013 basically anything that involves thousands of unknowns and super-computer-scale calculation. Dennis work at <a href=\"http:\/\/automattic.com\/about\/\" target=\"_blank\">Automattic<\/a>.<\/p>\n\t\t\t\t<\/div>\n\t\t\t<\/div>\n\n\t\t\n\t<\/div>\n\n\t\n","protected":false},"excerpt":{"rendered":"<p>Na neform\u00e1lnej konferencii WordCamp Slovensko bude predn\u00e1\u0161a\u0165 13 re\u010dn\u00edkov, ktor\u00ed poch\u00e1dzaj\u00fa zo Slovenska, ale aj zo zahrani\u010dia. Ur\u010dite sa m\u00e1\u0161 na \u010do te\u0161i\u0165!<\/p>\n","protected":false},"author":461175,"featured_media":0,"parent":0,"menu_order":0,"comment_status":"open","ping_status":"closed","template":"","meta":{"jetpack_post_was_ever_published":false,"footnotes":""},"class_list":["post-6","page","type-page","status-publish","hentry"],"jetpack_shortlink":"https:\/\/wp.me\/P5jyiY-6","jetpack_sharing_enabled":true,"_links":{"self":[{"href":"https:\/\/slovakia.wordcamp.org\/2015\/wp-json\/wp\/v2\/pages\/6","targetHints":{"allow":["GET"]}}],"collection":[{"href":"https:\/\/slovakia.wordcamp.org\/2015\/wp-json\/wp\/v2\/pages"}],"about":[{"href":"https:\/\/slovakia.wordcamp.org\/2015\/wp-json\/wp\/v2\/types\/page"}],"author":[{"embeddable":true,"href":"https:\/\/slovakia.wordcamp.org\/2015\/wp-json\/wp\/v2\/users\/461175"}],"replies":[{"embeddable":true,"href":"https:\/\/slovakia.wordcamp.org\/2015\/wp-json\/wp\/v2\/comments?post=6"}],"version-history":[{"count":62,"href":"https:\/\/slovakia.wordcamp.org\/2015\/wp-json\/wp\/v2\/pages\/6\/revisions"}],"predecessor-version":[{"id":2592,"href":"https:\/\/slovakia.wordcamp.org\/2015\/wp-json\/wp\/v2\/pages\/6\/revisions\/2592"}],"wp:attachment":[{"href":"https:\/\/slovakia.wordcamp.org\/2015\/wp-json\/wp\/v2\/media?parent=6"}],"curies":[{"name":"wp","href":"https:\/\/api.w.org\/{rel}","templated":true}]}}