{"id":8,"date":"2014-11-07T23:48:31","date_gmt":"2014-11-07T22:48:31","guid":{"rendered":"https:\/\/2015.slovakia.wordcamp.org\/sponsors\/"},"modified":"2015-04-15T15:47:19","modified_gmt":"2015-04-15T14:47:19","slug":"partneri","status":"publish","type":"page","link":"https:\/\/slovakia.wordcamp.org\/2015\/partneri\/","title":{"rendered":"Partneri"},"content":{"rendered":"<h2>Chcete tento rok sponzorova\u0165 WordCamp Slovensko?<\/h2>\n<p>Dajte n\u00e1m o sebe vedie\u0165 na tel. \u010d. <strong>+ 421 918 341 254<\/strong> alebo nap\u00ed\u0161te email na <strong>wordcamp@wp.sk<\/strong>, popr\u00edpade pou\u017eite <a href=\"https:\/\/2015.slovakia.wordcamp.org\/chcem-byt-partnerom\/\" rel=\"nofollow\">kontaktn\u00fd formul\u00e1r<\/a> a pom\u00f4\u017ete n\u00e1m t\u00fato konferenciu urobi\u0165 e\u0161te lep\u0161ou!<\/p>\n<p><a href=\"https:\/\/2015.slovakia.wordcamp.org\/files\/2014\/11\/Pre-sponzorov-WordCamp-Slovensko-2015.pdf\" rel=\"nofollow\">Bli\u017e\u0161ie inform\u00e1cie pre sponzorov WordCamp Slovensko 2015<\/a><\/p>\n\n\t<div class=\"wcorg-sponsors\">\n\t\t\n\t\t\t<div class=\"wcorg-sponsor-level-organizator\">\n\t\t\t\t<h2>Organiz\u00e1tor<\/h2>\n\n\t\t\t\t\n\t\t\t\t\t<div id=\"wcorg-sponsor-1540\" class=\"wcorg-sponsor\">\n\t\t\t\t\t\t\t\t\t\t\t\t\t\t\t\t\t\t\t\t\t<h3>\n\t\t\t\t\t\t\t\t\tWebikon\t\t\t\t\t\t\t\t<\/h3>\n\t\t\t\t\t\t\t\t\t\t\t\t\t\n\t\t\t\t\t\t<div class=\"wcorg-sponsor-description\">\n\t\t\t\t\t\t\t\t\t\t\t\t\t\t\t<img loading=\"lazy\" decoding=\"async\" width=\"600\" height=\"200\" src=\"https:\/\/slovakia.wordcamp.org\/2015\/files\/2015\/01\/webikon-logo.png\" class=\"attachment-wcb-sponsor-logo-horizontal-2x size-wcb-sponsor-logo-horizontal-2x wp-post-image\" alt=\"Webikon\" srcset=\"https:\/\/slovakia.wordcamp.org\/2015\/files\/2015\/01\/webikon-logo.png 600w, https:\/\/slovakia.wordcamp.org\/2015\/files\/2015\/01\/webikon-logo-300x100.png 300w, https:\/\/slovakia.wordcamp.org\/2015\/files\/2015\/01\/webikon-logo-500x167.png 500w\" sizes=\"auto, (max-width: 600px) 100vw, 600px\" \/>\t\t\t\t\t\t\t\n\t\t\t\t\t\t\t\t\t\t\t\t\t\t\t<p>Slobodn\u00e1 firma, v ktorej od roku 2007 vytv\u00e1raj\u00fa modern\u00e9 dizajny na mieru, moduly a aplik\u00e1cie postaven\u00e9 na jednom z najlep\u0161\u00edch redak\u010dn\u00fdch syst\u00e9moch sveta &#8211; <a href=\"http:\/\/wordpress.org\/\" rel=\"nofollow\">WordPress<\/a>. <\/p>\n<p>\u017de \u017eij\u00fa t\u00fdm, \u010do robia sved\u010dia nielen ich v\u00fdsledky a referencie, ale aj organizovanie mesa\u010dn\u00fdch stretnut\u00ed nad\u0161encov WordPress meetup a ka\u017edoro\u010dnej konferencie <a href=\"http:\/\/wordcamp.sk\/\" rel=\"nofollow\">WordCamp Slovensko<\/a>.  <\/p>\n<p><a href=\"http:\/\/www.webikon.sk\/\" rel=\"nofollow\">Webikon<\/a> s\u00fa t\u00ed, ktor\u00ed <strong>robia<\/strong>, <strong>\u017eij\u00fa<\/strong> a <strong>\u013e\u00fabia<\/strong> <em>WordPress<\/em>.<\/p>\n<p><a title=\"@webikon\" href=\"https:\/\/twitter.com\/webikon\" target=\"_blank\" rel=\"nofollow\">Twitter<\/a> | <a title=\"Webikon\" href=\"https:\/\/www.facebook.com\/webikon\" target=\"_blank\" rel=\"nofollow\">Facebook<\/a> | <a href=\"https:\/\/plus.google.com\/b\/100919078949567001680\/+WebikonSk\/about\" target=\"_blank\" rel=\"nofollow\">Google+<\/a> | <a href=\"https:\/\/www.linkedin.com\/company\/webikon\" rel=\"nofollow\">LinkedIn<\/a> | <a href=\"mailto:sales@webikon.sk\" target=\"_blank\" rel=\"nofollow\">Email<\/a><\/p>\n\t\t\t\t\t\t\t\t\t\t\t\t\t<\/div>\n\t\t\t\t\t<\/div><!-- #sponsor -->\n\t\t\t\t\t\t\t<\/div><!-- .wcorg-sponsor-level -->\n\t\t\n\t\t\t<div class=\"wcorg-sponsor-level-wordcamp-champion\">\n\t\t\t\t<h2>Gold<\/h2>\n\n\t\t\t\t\n\t\t\t\t\t<div id=\"wcorg-sponsor-2442\" class=\"wcorg-sponsor\">\n\t\t\t\t\t\t\t\t\t\t\t\t\t\t\t\t\t\t\t\t\t<h3>\n\t\t\t\t\t\t\t\t\tManageWP\t\t\t\t\t\t\t\t<\/h3>\n\t\t\t\t\t\t\t\t\t\t\t\t\t\n\t\t\t\t\t\t<div class=\"wcorg-sponsor-description\">\n\t\t\t\t\t\t\t\t\t\t\t\t\t\t\t<img loading=\"lazy\" decoding=\"async\" width=\"1000\" height=\"224\" src=\"https:\/\/slovakia.wordcamp.org\/2015\/files\/2015\/04\/managewp_logo.png\" class=\"attachment-wcb-sponsor-logo-horizontal-2x size-wcb-sponsor-logo-horizontal-2x wp-post-image\" alt=\"ManageWP\" srcset=\"https:\/\/slovakia.wordcamp.org\/2015\/files\/2015\/04\/managewp_logo.png 1000w, https:\/\/slovakia.wordcamp.org\/2015\/files\/2015\/04\/managewp_logo-300x67.png 300w, https:\/\/slovakia.wordcamp.org\/2015\/files\/2015\/04\/managewp_logo-500x112.png 500w\" sizes=\"auto, (max-width: 1000px) 100vw, 1000px\" \/>\t\t\t\t\t\t\t\n\t\t\t\t\t\t\t\t\t\t\t\t\t\t\t<p>ManageWP is the world&#8217;s first and finest WordPress management console, designed for WordPress users by WordPress users, giving you the full power and complete control in managing virtually any number of WordPress sites including powerful management, monitoring, backup, deployment, publishing and security tools.<\/p>\n\t\t\t\t\t\t\t\t\t\t\t\t\t<\/div>\n\t\t\t\t\t<\/div><!-- #sponsor -->\n\t\t\t\t\n\t\t\t\t\t<div id=\"wcorg-sponsor-1536\" class=\"wcorg-sponsor\">\n\t\t\t\t\t\t\t\t\t\t\t\t\t\t\t\t\t\t\t\t\t<h3>\n\t\t\t\t\t\t\t\t\tWebglobe &#8211; Yegon\t\t\t\t\t\t\t\t<\/h3>\n\t\t\t\t\t\t\t\t\t\t\t\t\t\n\t\t\t\t\t\t<div class=\"wcorg-sponsor-description\">\n\t\t\t\t\t\t\t\t\t\t\t\t\t\t\t<img loading=\"lazy\" decoding=\"async\" width=\"600\" height=\"200\" src=\"https:\/\/slovakia.wordcamp.org\/2015\/files\/2015\/01\/spolocne-loga-WGYG.png\" class=\"attachment-wcb-sponsor-logo-horizontal-2x size-wcb-sponsor-logo-horizontal-2x wp-post-image\" alt=\"Webglobe &#8211; Yegon\" srcset=\"https:\/\/slovakia.wordcamp.org\/2015\/files\/2015\/01\/spolocne-loga-WGYG.png 600w, https:\/\/slovakia.wordcamp.org\/2015\/files\/2015\/01\/spolocne-loga-WGYG-300x100.png 300w, https:\/\/slovakia.wordcamp.org\/2015\/files\/2015\/01\/spolocne-loga-WGYG-500x167.png 500w\" sizes=\"auto, (max-width: 600px) 100vw, 600px\" \/>\t\t\t\t\t\t\t\n\t\t\t\t\t\t\t\t\t\t\t\t\t\t\t<p>Profesion\u00e1lny hosting pre profesion\u00e1lne weby. Pomocou pripraven\u00e9ho autoin\u0161tal\u00e1tora je WordPress nain\u0161talovan\u00fd v priebehu p\u00e1r sek\u00fand. Ovl\u00e1danie roz\u0161\u00edren\u00fdch nastaven\u00ed pomocou intuit\u00edvneho rozhrania Kontrol Panel sa stane hra\u010dkou. Na pomoc s\u00fa pripraven\u00ed aj oper\u00e1tori technickej podpory, ktor\u00ed prostredie WordPressu poznaj\u00fa. Pom\u00f4\u017eu v\u00e1m s nastaveniami a poskytn\u00fa cenn\u00e9 rady. M\u00e1te viac WordPress str\u00e1nok? Ur\u010dite priv\u00edtate mo\u017enos\u0165 hostova\u0165 viacero dom\u00e9n za jeden poplatok. A to nie je v\u0161etko, \u010do je pre V\u00e1s pripraven\u00e9.<\/p>\n<p>&nbsp;<\/p>\n\t\t\t\t\t\t\t\t\t\t\t\t\t<\/div>\n\t\t\t\t\t<\/div><!-- #sponsor -->\n\t\t\t\t\n\t\t\t\t\t<div id=\"wcorg-sponsor-2133\" class=\"wcorg-sponsor\">\n\t\t\t\t\t\t\t\t\t\t\t\t\t\t\t\t\t\t\t\t\t<h3>\n\t\t\t\t\t\t\t\t\tWebSupport\t\t\t\t\t\t\t\t<\/h3>\n\t\t\t\t\t\t\t\t\t\t\t\t\t\n\t\t\t\t\t\t<div class=\"wcorg-sponsor-description\">\n\t\t\t\t\t\t\t\t\t\t\t\t\t\t\t<img loading=\"lazy\" decoding=\"async\" width=\"600\" height=\"200\" src=\"https:\/\/slovakia.wordcamp.org\/2015\/files\/2015\/03\/websupport-logo.png\" class=\"attachment-wcb-sponsor-logo-horizontal-2x size-wcb-sponsor-logo-horizontal-2x wp-post-image\" alt=\"WebSupport\" srcset=\"https:\/\/slovakia.wordcamp.org\/2015\/files\/2015\/03\/websupport-logo.png 600w, https:\/\/slovakia.wordcamp.org\/2015\/files\/2015\/03\/websupport-logo-300x100.png 300w, https:\/\/slovakia.wordcamp.org\/2015\/files\/2015\/03\/websupport-logo-500x167.png 500w\" sizes=\"auto, (max-width: 600px) 100vw, 600px\" \/>\t\t\t\t\t\t\t\n\t\t\t\t\t\t\t\t\t\t\t\t\t\t\t<p>U\u017e viac ako 13 rokov sa star\u00e1me o bezchybn\u00fd chod 20 000 WordPress str\u00e1nok, vr\u00e1tane t\u00fdch najv\u00e4\u010d\u0161\u00edch na Slovensku. V\u010faka tomu presne vieme \u010do V\u00e1\u0161 WordPress potrebuje. Zoptimalizovali sme nastavenia na\u0161ich serverov, n\u00e1\u0161 helpdesk pozn\u00e1 tie najlep\u0161ie triky na nastavenia a in\u0161tal\u00e1cia trv\u00e1 len p\u00e1r sek\u00fand. Ak h\u013ead\u00e1te miesto pre V\u00e1\u0161 WordPress, tak ste ho pr\u00e1ve na\u0161li.<\/p>\n\t\t\t\t\t\t\t\t\t\t\t\t\t<\/div>\n\t\t\t\t\t<\/div><!-- #sponsor -->\n\t\t\t\t\n\t\t\t\t\t<div id=\"wcorg-sponsor-2237\" class=\"wcorg-sponsor\">\n\t\t\t\t\t\t\t\t\t\t\t\t\t\t\t\t\t\t\t\t\t<h3>\n\t\t\t\t\t\t\t\t\tCaterinx\t\t\t\t\t\t\t\t<\/h3>\n\t\t\t\t\t\t\t\t\t\t\t\t\t\n\t\t\t\t\t\t<div class=\"wcorg-sponsor-description\">\n\t\t\t\t\t\t\t\t\t\t\t\t\t\t\t<img loading=\"lazy\" decoding=\"async\" width=\"1000\" height=\"288\" src=\"https:\/\/slovakia.wordcamp.org\/2015\/files\/2015\/04\/Caterinx_logo_green-1.png\" class=\"attachment-wcb-sponsor-logo-horizontal-2x size-wcb-sponsor-logo-horizontal-2x wp-post-image\" alt=\"Caterinx\" srcset=\"https:\/\/slovakia.wordcamp.org\/2015\/files\/2015\/04\/Caterinx_logo_green-1.png 1000w, https:\/\/slovakia.wordcamp.org\/2015\/files\/2015\/04\/Caterinx_logo_green-1-300x86.png 300w, https:\/\/slovakia.wordcamp.org\/2015\/files\/2015\/04\/Caterinx_logo_green-1-500x144.png 500w\" sizes=\"auto, (max-width: 1000px) 100vw, 1000px\" \/>\t\t\t\t\t\t\t\n\t\t\t\t\t\t\t\t\t\t\t\t\t\t\t<p>V zna\u010dke Caterinx sp\u00e1jame dve veci, ktor\u00e9 pova\u017eujeme za z\u00e1klad dobr\u00e9ho cateringu: kvalitn\u00e9 jedlo a nezabudnute\u013en\u00fd z\u00e1\u017eitok. Vo firme sa zhodujeme na tom, \u017ee catering nie je len o jedle, ale hlavne o z\u00e1\u017eitku. Ten tvor\u00edme profesion\u00e1lnym a pr\u00edvetiv\u00fdm person\u00e1lom, d\u00f4razom na aran\u017eovanie bufetov a jed\u00e1l, ale tie\u017e kreativitou pri tvorbe a v\u00fdbere jed\u00e1l. Zameriavame sa na bankety, recepcie, firemn\u00e9 akcie a svadby.<\/p>\n\t\t\t\t\t\t\t\t\t\t\t\t\t<\/div>\n\t\t\t\t\t<\/div><!-- #sponsor -->\n\t\t\t\t\t\t\t<\/div><!-- .wcorg-sponsor-level -->\n\t\t\n\t\t\t<div class=\"wcorg-sponsor-level-silver\">\n\t\t\t\t<h2>Silver<\/h2>\n\n\t\t\t\t\n\t\t\t\t\t<div id=\"wcorg-sponsor-1996\" class=\"wcorg-sponsor\">\n\t\t\t\t\t\t\t\t\t\t\t\t\t\t\t\t\t\t\t\t\t<h3>\n\t\t\t\t\t\t\t\t\tFoliovision\t\t\t\t\t\t\t\t<\/h3>\n\t\t\t\t\t\t\t\t\t\t\t\t\t\n\t\t\t\t\t\t<div class=\"wcorg-sponsor-description\">\n\t\t\t\t\t\t\t\t\t\t\t\t\t\t\t<img loading=\"lazy\" decoding=\"async\" width=\"2270\" height=\"876\" src=\"https:\/\/slovakia.wordcamp.org\/2015\/files\/2015\/03\/Foliovision.jpg\" class=\"attachment-wcb-sponsor-logo-horizontal-2x size-wcb-sponsor-logo-horizontal-2x wp-post-image\" alt=\"Foliovision\" srcset=\"https:\/\/slovakia.wordcamp.org\/2015\/files\/2015\/03\/Foliovision.jpg 2270w, https:\/\/slovakia.wordcamp.org\/2015\/files\/2015\/03\/Foliovision-300x116.jpg 300w, https:\/\/slovakia.wordcamp.org\/2015\/files\/2015\/03\/Foliovision-1024x395.jpg 1024w, https:\/\/slovakia.wordcamp.org\/2015\/files\/2015\/03\/Foliovision-500x193.jpg 500w\" sizes=\"auto, (max-width: 2270px) 100vw, 2270px\" \/>\t\t\t\t\t\t\t\n\t\t\t\t\t\t\t\t\t\t\t\t\t\t\t<p><a title=\"Foliovision\" href=\"http:\/\/foliovision.com\/\" target=\"_blank\" rel=\"nofollow\">Foliovision<\/a> is a full service web agency, providing strategy, conceptual work, design and programming from a focused team of thirty in Bratislava. Our tagline \u201cMaking the web work for you\u201d is what we live by. Our clients are from all over the world. What unites them is their delight at being able to simplify their lives and businesses by unifying all their online marketing and development needs met by a single team. Many of our commercial clients enjoy top rankings in Google. Other clients include world leaders in fitness, cooking or even progressive politics.<\/p>\n<p>The building block behind all our sites is WordPress, in which we built our second and every subsequent CMSdriven site since 2004. Our first CTO John Godley now works at Automattic. John laid in a strong structure for the plugin development we do until this day, with high rated plugins in comment management, video, SEO and anti-spam all under the FV brand. All our plugins have same day support. We continue to deepen our plugin library while developing a pro line.<\/p>\n<p>We are blessed to have always had more work than we can physically do and are always looking for new programmers, designers, CSS coders and content experts to join our team. We like to work with other self-starting, active people who enjoy sharing information and intelligent conversation. Many of our team enjoy regular professional engagements as musicians, dancers, writers or photographers in addition to their work in Foliovision.<\/p>\n<p>&nbsp;<\/p>\n\t\t\t\t\t\t\t\t\t\t\t\t\t<\/div>\n\t\t\t\t\t<\/div><!-- #sponsor -->\n\t\t\t\t\t\t\t<\/div><!-- .wcorg-sponsor-level -->\n\t\t\n\t\t\t<div class=\"wcorg-sponsor-level-outstanding-sponsor\">\n\t\t\t\t<h2>Outstanding sponsor<\/h2>\n\n\t\t\t\t\n\t\t\t\t\t<div id=\"wcorg-sponsor-1985\" class=\"wcorg-sponsor\">\n\t\t\t\t\t\t\t\t\t\t\t\t\t\t\t\t\t\t\t\t\t<h3>\n\t\t\t\t\t\t\t\t\tJetpack\t\t\t\t\t\t\t\t<\/h3>\n\t\t\t\t\t\t\t\t\t\t\t\t\t\n\t\t\t\t\t\t<div class=\"wcorg-sponsor-description\">\n\t\t\t\t\t\t\t\t\t\t\t\t\t\t\t<img loading=\"lazy\" decoding=\"async\" width=\"940\" height=\"198\" src=\"https:\/\/slovakia.wordcamp.org\/2015\/files\/2015\/03\/jetpack-logo-horizontal-940x198.png\" class=\"attachment-wcb-sponsor-logo-horizontal-2x size-wcb-sponsor-logo-horizontal-2x wp-post-image\" alt=\"Jetpack\" srcset=\"https:\/\/slovakia.wordcamp.org\/2015\/files\/2015\/03\/jetpack-logo-horizontal-940x198.png 940w, https:\/\/slovakia.wordcamp.org\/2015\/files\/2015\/03\/jetpack-logo-horizontal-940x198-300x63.png 300w, https:\/\/slovakia.wordcamp.org\/2015\/files\/2015\/03\/jetpack-logo-horizontal-940x198-500x105.png 500w\" sizes=\"auto, (max-width: 940px) 100vw, 940px\" \/>\t\t\t\t\t\t\t\n\t\t\t\t\t\t\t\t\t\t\t\t\t\t\t<p>Jetpack can supercharge your self-hosted site with a suite of the most powerful WordPress.com features.<\/p>\n<p>&nbsp;<\/p>\n\t\t\t\t\t\t\t\t\t\t\t\t\t<\/div>\n\t\t\t\t\t<\/div><!-- #sponsor -->\n\t\t\t\t\t\t\t<\/div><!-- .wcorg-sponsor-level -->\n\t\t\n\t\t\t<div class=\"wcorg-sponsor-level-superb-sponsor\">\n\t\t\t\t<h2>Superb sponsor<\/h2>\n\n\t\t\t\t\n\t\t\t\t\t<div id=\"wcorg-sponsor-20\" class=\"wcorg-sponsor\">\n\t\t\t\t\t\t\t\t\t\t\t\t\t\t\t\t\t\t\t\t\t<h3>\n\t\t\t\t\t\t\t\t\tBluehost\t\t\t\t\t\t\t\t<\/h3>\n\t\t\t\t\t\t\t\t\t\t\t\t\t\n\t\t\t\t\t\t<div class=\"wcorg-sponsor-description\">\n\t\t\t\t\t\t\t\t\t\t\t\t\t\t\t<img loading=\"lazy\" decoding=\"async\" width=\"194\" height=\"54\" src=\"https:\/\/slovakia.wordcamp.org\/2015\/files\/2014\/11\/bh_logo_reversed_2015.jpg\" class=\"attachment-wcb-sponsor-logo-horizontal-2x size-wcb-sponsor-logo-horizontal-2x wp-post-image\" alt=\"Bluehost\" \/>\t\t\t\t\t\t\t\n\t\t\t\t\t\t\t\t\t\t\t\t\t\t\t<p><a href=\"http:\/\/bluehost.com\" rel=\"nofollow\">Bluehost<\/a> has been a WordPress partner since 2005 and powers over one million WordPress sites. Their goal is to provide outstanding hosting services and customer support for the best possible price. Bluehost is also constantly innovating and upgrading their services and infrastructure at no additional cost to their customers. Join the millions of other website owners that have already chosen Bluehost and see how they can help you with your site.<\/p>\n<p>&nbsp;<\/p>\n\t\t\t\t\t\t\t\t\t\t\t\t\t<\/div>\n\t\t\t\t\t<\/div><!-- #sponsor -->\n\t\t\t\t\n\t\t\t\t\t<div id=\"wcorg-sponsor-1987\" class=\"wcorg-sponsor\">\n\t\t\t\t\t\t\t\t\t\t\t\t\t\t\t\t\t\t\t\t\t<h3>\n\t\t\t\t\t\t\t\t\tPlanetHoster\t\t\t\t\t\t\t\t<\/h3>\n\t\t\t\t\t\t\t\t\t\t\t\t\t\n\t\t\t\t\t\t<div class=\"wcorg-sponsor-description\">\n\t\t\t\t\t\t\t\t\t\t\t\t\t\t\t<img loading=\"lazy\" decoding=\"async\" width=\"326\" height=\"101\" src=\"https:\/\/slovakia.wordcamp.org\/2015\/files\/2015\/03\/planethoster-WEB-1.png\" class=\"attachment-wcb-sponsor-logo-horizontal-2x size-wcb-sponsor-logo-horizontal-2x wp-post-image\" alt=\"PlanetHoster\" srcset=\"https:\/\/slovakia.wordcamp.org\/2015\/files\/2015\/03\/planethoster-WEB-1.png 326w, https:\/\/slovakia.wordcamp.org\/2015\/files\/2015\/03\/planethoster-WEB-1-300x93.png 300w\" sizes=\"auto, (max-width: 326px) 100vw, 326px\" \/>\t\t\t\t\t\t\t\n\t\t\t\t\t\t\t\t\t\t\t\t\t\t\t<p>PlanetHoster offers premium hosting solutions to WordPress users worldwide. Whether it\u2019s shared hosting, managed VPS, dedicated servers and much more, PlanetHoster\u2019s customers report that these affordable, feature-packed hosting solutions exceed their expectations. Their certified engineers are very experienced with WordPress. They work hard to assure that your WordPress site will run very fast and will be hosted in a secure, 24\/7 monitored environment. If you want to offer the best latency to your visitors by being hosted whether in Europe or in North America, PlanetHoster might be right for you.<\/p>\n<p>&nbsp;<\/p>\n\t\t\t\t\t\t\t\t\t\t\t\t\t<\/div>\n\t\t\t\t\t<\/div><!-- #sponsor -->\n\t\t\t\t\n\t\t\t\t\t<div id=\"wcorg-sponsor-2667\" class=\"wcorg-sponsor\">\n\t\t\t\t\t\t\t\t\t\t\t\t\t\t\t\t\t\t\t\t\t<h3>\n\t\t\t\t\t\t\t\t\tGoDaddy\t\t\t\t\t\t\t\t<\/h3>\n\t\t\t\t\t\t\t\t\t\t\t\t\t\n\t\t\t\t\t\t<div class=\"wcorg-sponsor-description\">\n\t\t\t\t\t\t\t\t\t\t\t\t\t\t\t<img loading=\"lazy\" decoding=\"async\" width=\"3925\" height=\"1420\" src=\"https:\/\/slovakia.wordcamp.org\/2015\/files\/2015\/04\/GoDaddy_Logo.png\" class=\"attachment-wcb-sponsor-logo-horizontal-2x size-wcb-sponsor-logo-horizontal-2x wp-post-image\" alt=\"GoDaddy\" srcset=\"https:\/\/slovakia.wordcamp.org\/2015\/files\/2015\/04\/GoDaddy_Logo.png 3925w, https:\/\/slovakia.wordcamp.org\/2015\/files\/2015\/04\/GoDaddy_Logo-300x109.png 300w, https:\/\/slovakia.wordcamp.org\/2015\/files\/2015\/04\/GoDaddy_Logo-1024x370.png 1024w, https:\/\/slovakia.wordcamp.org\/2015\/files\/2015\/04\/GoDaddy_Logo-500x181.png 500w\" sizes=\"auto, (max-width: 3925px) 100vw, 3925px\" \/>\t\t\t\t\t\t\t\n\t\t\t\t\t\t\t\t\t\t\t\t\t\t\t<div class=\"entry-content\">\n<div>\n<p>GoDaddy\u2019s mission is to radically shift the global economy toward small businesses by empowering people to easily start, confidently grow and successfully run their own ventures. With more than 12 million customers worldwide and 57 million domain names under management, GoDaddy gives small business owners the tools to name their idea, build a beautiful online presence, attract customers and manage their business.<\/p>\n<\/div>\n<\/div>\n\t\t\t\t\t\t\t\t\t\t\t\t\t<\/div>\n\t\t\t\t\t<\/div><!-- #sponsor -->\n\t\t\t\t\t\t\t<\/div><!-- .wcorg-sponsor-level -->\n\t\t\n\t\t\t<div class=\"wcorg-sponsor-level-splendid-sponsor\">\n\t\t\t\t<h2>Splendid sponsor<\/h2>\n\n\t\t\t\t\n\t\t\t\t\t<div id=\"wcorg-sponsor-19\" class=\"wcorg-sponsor\">\n\t\t\t\t\t\t\t\t\t\t\t\t\t\t\t\t\t\t\t\t\t<h3>\n\t\t\t\t\t\t\t\t\tWPML\t\t\t\t\t\t\t\t<\/h3>\n\t\t\t\t\t\t\t\t\t\t\t\t\t\n\t\t\t\t\t\t<div class=\"wcorg-sponsor-description\">\n\t\t\t\t\t\t\t\t\t\t\t\t\t\t\t<img loading=\"lazy\" decoding=\"async\" width=\"940\" height=\"198\" src=\"https:\/\/slovakia.wordcamp.org\/2015\/files\/2014\/11\/wpml-web-940x198.png\" class=\"attachment-wcb-sponsor-logo-horizontal-2x size-wcb-sponsor-logo-horizontal-2x wp-post-image\" alt=\"WPML\" srcset=\"https:\/\/slovakia.wordcamp.org\/2015\/files\/2014\/11\/wpml-web-940x198.png 940w, https:\/\/slovakia.wordcamp.org\/2015\/files\/2014\/11\/wpml-web-940x198-300x63.png 300w, https:\/\/slovakia.wordcamp.org\/2015\/files\/2014\/11\/wpml-web-940x198-500x105.png 500w\" sizes=\"auto, (max-width: 940px) 100vw, 940px\" \/>\t\t\t\t\t\t\t\n\t\t\t\t\t\t\t\t\t\t\t\t\t\t\t<p>Platforma WPML men\u00ed webov\u00e9 str\u00e1nky WordPress na viacjazy\u010dn\u00e9. Pracuje s doplnkami  vyrovn\u00e1vacej pam\u00e4te, SEO a e-commerce a umo\u017e\u0148uje vytv\u00e1ranie kompletn\u00fdch  viacjazy\u010dn\u00fdch str\u00e1nok. WPML pracuje s jednoduch\u00fdmi blogmi rovnako ako aj  s firemn\u00fdmi str\u00e1nkami a webmi ve\u013ek\u00fdch podnikov.  WPML umo\u017e\u0148uje pou\u017e\u00edvate\u013eom prelo\u017ei\u0165 na webov\u00fdch str\u00e1nkach v\u0161etko vr\u00e1tane obsahu, menu, widgetov a dokonca aj t\u00e9my a moduly. Na platforme WPML  funguje viac ako 400 000 komer\u010dn\u00fdch webov\u00fdch str\u00e1nok po celom svete.  \u010eal\u0161ie inform\u00e1cie o zmene webovej str\u00e1nky na viacjazy\u010dn\u00fa n\u00e1jdete na str\u00e1nke  WPML.org<br \/>\nH\u013ead\u00e1me nov\u00fdch pracovn\u00edkov. Ak ste talentovan\u00fd\/\u00e1 program\u00e1tor\/ka, budeme radi, ke\u010f n\u00e1s kontaktujete na: <a href=\"http:\/\/wpml.org\/home\/were-hiring\/\" rel=\"nofollow\">http:\/\/wpml.org\/home\/were-hiring\/<\/a><\/p>\n<p>WPML turns WordPress websites multilingual. It works with caching, SEO and E-Commerce plugins, and allows the building of complete multilingual sites. WPML powers simple blogs as well as corporate and enterprise sites.<\/p>\n<p>WPML allows users to translate everything in the site, including content, menus, widgets and even theme and plugin texts. WPML powers over 400,000 commercial websites from all over the world.<\/p>\n<p>More information about going multilingual can be found at <a href=\"http:\/\/wpml.org\" rel=\"nofollow\">WPML.org<\/a>.<\/p>\n<p>&nbsp;<\/p>\n\t\t\t\t\t\t\t\t\t\t\t\t\t<\/div>\n\t\t\t\t\t<\/div><!-- #sponsor -->\n\t\t\t\t\t\t\t<\/div><!-- .wcorg-sponsor-level -->\n\t\t\t<\/div><!-- .wcorg-sponsors -->\n\n\t\n<p>Medi\u00e1lni partneri<br \/>\n<img loading=\"lazy\" decoding=\"async\" class=\" wp-image-2240 size-full aligncenter\" src=\"https:\/\/2015.slovakia.wordcamp.org\/files\/2014\/11\/mojandroid-logo.png\" alt=\"mojandroid-logo\" width=\"245\" height=\"73\" \/><\/p>\n<p><img loading=\"lazy\" decoding=\"async\" class=\"aligncenter size-medium wp-image-2453\" src=\"https:\/\/2015.slovakia.wordcamp.org\/files\/2014\/11\/student24_sk-300x78.png\" alt=\"student24_sk\" width=\"300\" height=\"78\" srcset=\"https:\/\/slovakia.wordcamp.org\/2015\/files\/2014\/11\/student24_sk-300x78.png 300w, https:\/\/slovakia.wordcamp.org\/2015\/files\/2014\/11\/student24_sk-1024x265.png 1024w, https:\/\/slovakia.wordcamp.org\/2015\/files\/2014\/11\/student24_sk-500x129.png 500w, https:\/\/slovakia.wordcamp.org\/2015\/files\/2014\/11\/student24_sk.png 1095w\" sizes=\"auto, (max-width: 300px) 100vw, 300px\" \/><\/p>\n<p><img loading=\"lazy\" decoding=\"async\" class=\" size-thumbnail wp-image-2042 aligncenter\" src=\"https:\/\/2015.slovakia.wordcamp.org\/files\/2014\/11\/logo-150x150.png\" alt=\"logo\" width=\"150\" height=\"150\" srcset=\"https:\/\/slovakia.wordcamp.org\/2015\/files\/2014\/11\/logo-150x150.png 150w, https:\/\/slovakia.wordcamp.org\/2015\/files\/2014\/11\/logo-300x300.png 300w, https:\/\/slovakia.wordcamp.org\/2015\/files\/2014\/11\/logo.png 512w\" sizes=\"auto, (max-width: 150px) 100vw, 150px\" \/><\/p>\n<p><img loading=\"lazy\" decoding=\"async\" class=\"  aligncenter wp-image-2571 \" src=\"https:\/\/2015.slovakia.wordcamp.org\/files\/2014\/11\/logo-tvba-krivky-1-300x225.png\" alt=\"logo-tvba-krivky (1)\" width=\"230\" height=\"175\" \/><\/p>\n<p><img loading=\"lazy\" decoding=\"async\" class=\" size-medium wp-image-2680 aligncenter\" src=\"https:\/\/2015.slovakia.wordcamp.org\/files\/2014\/11\/pcrevue2015-300x69.jpg\" alt=\"pcrevue2015\" width=\"300\" height=\"69\" srcset=\"https:\/\/slovakia.wordcamp.org\/2015\/files\/2014\/11\/pcrevue2015-300x69.jpg 300w, https:\/\/slovakia.wordcamp.org\/2015\/files\/2014\/11\/pcrevue2015-1024x237.jpg 1024w, https:\/\/slovakia.wordcamp.org\/2015\/files\/2014\/11\/pcrevue2015-500x116.jpg 500w\" sizes=\"auto, (max-width: 300px) 100vw, 300px\" \/><\/p>\n","protected":false},"excerpt":{"rendered":"<p>Chcete tento rok sponzorova\u0165 WordCamp Slovensko? Dajte n\u00e1m o sebe vedie\u0165 na tel. \u010d. + 421 918 341 254 alebo nap\u00ed\u0161te email na wordcamp@wp.sk, popr\u00edpade pou\u017eite kontaktn\u00fd formul\u00e1r a pom\u00f4\u017ete n\u00e1m t\u00fato konferenciu urobi\u0165 e\u0161te lep\u0161ou! Bli\u017e\u0161ie inform\u00e1cie pre sponzorov &hellip; <a href=\"https:\/\/slovakia.wordcamp.org\/2015\/sponsor\/wpml\/\">Pokra\u010dova\u0165 v \u010d\u00edtan\u00ed <span class=\"meta-nav\">&rarr;<\/span><\/a><\/p>\n","protected":false},"author":461175,"featured_media":0,"parent":0,"menu_order":0,"comment_status":"open","ping_status":"closed","template":"","meta":{"jetpack_post_was_ever_published":false,"footnotes":""},"class_list":["post-8","page","type-page","status-publish","hentry"],"jetpack_shortlink":"https:\/\/wp.me\/P5jyiY-8","jetpack_sharing_enabled":true,"_links":{"self":[{"href":"https:\/\/slovakia.wordcamp.org\/2015\/wp-json\/wp\/v2\/pages\/8","targetHints":{"allow":["GET"]}}],"collection":[{"href":"https:\/\/slovakia.wordcamp.org\/2015\/wp-json\/wp\/v2\/pages"}],"about":[{"href":"https:\/\/slovakia.wordcamp.org\/2015\/wp-json\/wp\/v2\/types\/page"}],"author":[{"embeddable":true,"href":"https:\/\/slovakia.wordcamp.org\/2015\/wp-json\/wp\/v2\/users\/461175"}],"replies":[{"embeddable":true,"href":"https:\/\/slovakia.wordcamp.org\/2015\/wp-json\/wp\/v2\/comments?post=8"}],"version-history":[{"count":38,"href":"https:\/\/slovakia.wordcamp.org\/2015\/wp-json\/wp\/v2\/pages\/8\/revisions"}],"predecessor-version":[{"id":2705,"href":"https:\/\/slovakia.wordcamp.org\/2015\/wp-json\/wp\/v2\/pages\/8\/revisions\/2705"}],"wp:attachment":[{"href":"https:\/\/slovakia.wordcamp.org\/2015\/wp-json\/wp\/v2\/media?parent=8"}],"curies":[{"name":"wp","href":"https:\/\/api.w.org\/{rel}","templated":true}]}}