{"id":9,"date":"2014-11-07T23:48:31","date_gmt":"2014-11-07T23:48:31","guid":{"rendered":"https:\/\/2015.slovakia.wordcamp.org\/location\/"},"modified":"2015-03-08T17:48:14","modified_gmt":"2015-03-08T16:48:14","slug":"miesto","status":"publish","type":"page","link":"https:\/\/slovakia.wordcamp.org\/2015\/miesto\/","title":{"rendered":"Miesto"},"content":{"rendered":"<h2>Fakulta informatiky a informa\u010dn\u00fdch technol\u00f3gi\u00ed<br \/>\nSlovensk\u00e1 technick\u00e1 univerzita<br \/>\n<em>Ilkovi\u010dova 6276, Bratislava, 841 04<\/em><\/h2>\n<p>(FIIT STU) v Bratislave<\/p>\n<p><strong>Pripravili sme si pre teba <a href=\"https:\/\/2015.slovakia.wordcamp.org\/ako-nas-najdete\/\">podrobn\u00e9 inform\u00e1cie, ako n\u00e1s n\u00e1jde\u0161.<\/strong><\/a><br \/>\n\u010ci u\u017e p\u00f4jde\u0161 pe\u0161o, autobusom, vlakom alebo autom. S t\u00fdmito in\u0161trukciami sa ur\u010dite nestrat\u00ed\u0161. Dokonca k n\u00e1m traf\u00ed\u0161 aj z letiska. Mysleli sme na v\u0161etko.<\/p>\n<div class=\"googlemaps\">\n\t\t\t\t<iframe loading=\"lazy\" width=\"600\" height=\"450\" frameborder=\"0\" scrolling=\"no\" marginheight=\"0\" marginwidth=\"0\"  src=\"https:\/\/www.google.com\/maps\/embed?pb=!1m14!1m8!1m3!1d1568.2847849541981!2d17.071899!3d48.153589000000004!3m2!1i1024!2i768!4f13.1!3m3!1m2!1s0x0:0x0!2zNDjCsDA5JzEyLjMiTiAxN8KwMDQnMTguMiJF!5e1!3m2!1sen!2sus!4v1422699418284\"><\/iframe>\n\t\t\t<\/div>\n<p>&nbsp;<\/p>\n","protected":false},"excerpt":{"rendered":"<p>Fakulta informatiky a informa\u010dn\u00fdch technol\u00f3gi\u00ed Slovensk\u00e1 technick\u00e1 univerzita Ilkovi\u010dova 6276, Bratislava, 841 04 (FIIT STU) v Bratislave Pripravili sme si pre teba podrobn\u00e9 inform\u00e1cie, ako n\u00e1s n\u00e1jde\u0161. \u010ci u\u017e p\u00f4jde\u0161 pe\u0161o, autobusom, vlakom alebo autom. S t\u00fdmito in\u0161trukciami sa ur\u010dite &hellip; <a href=\"https:\/\/slovakia.wordcamp.org\/2015\/miesto\/\">Pokra\u010dova\u0165 v \u010d\u00edtan\u00ed <span class=\"meta-nav\">&rarr;<\/span><\/a><\/p>\n","protected":false},"author":461175,"featured_media":0,"parent":0,"menu_order":0,"comment_status":"open","ping_status":"open","template":"","meta":{"jetpack_post_was_ever_published":false,"footnotes":""},"class_list":["post-9","page","type-page","status-publish","hentry"],"jetpack_shortlink":"https:\/\/wp.me\/P5jyiY-9","jetpack_sharing_enabled":true,"_links":{"self":[{"href":"https:\/\/slovakia.wordcamp.org\/2015\/wp-json\/wp\/v2\/pages\/9","targetHints":{"allow":["GET"]}}],"collection":[{"href":"https:\/\/slovakia.wordcamp.org\/2015\/wp-json\/wp\/v2\/pages"}],"about":[{"href":"https:\/\/slovakia.wordcamp.org\/2015\/wp-json\/wp\/v2\/types\/page"}],"author":[{"embeddable":true,"href":"https:\/\/slovakia.wordcamp.org\/2015\/wp-json\/wp\/v2\/users\/461175"}],"replies":[{"embeddable":true,"href":"https:\/\/slovakia.wordcamp.org\/2015\/wp-json\/wp\/v2\/comments?post=9"}],"version-history":[{"count":30,"href":"https:\/\/slovakia.wordcamp.org\/2015\/wp-json\/wp\/v2\/pages\/9\/revisions"}],"predecessor-version":[{"id":1909,"href":"https:\/\/slovakia.wordcamp.org\/2015\/wp-json\/wp\/v2\/pages\/9\/revisions\/1909"}],"wp:attachment":[{"href":"https:\/\/slovakia.wordcamp.org\/2015\/wp-json\/wp\/v2\/media?parent=9"}],"curies":[{"name":"wp","href":"https:\/\/api.w.org\/{rel}","templated":true}]}}